{"id":3199,"date":"2024-12-16T16:33:17","date_gmt":"2024-12-16T21:33:17","guid":{"rendered":"https:\/\/colegiopedagogicoingles.edu.co\/web\/?page_id=3199"},"modified":"2024-12-18T11:48:43","modified_gmt":"2024-12-18T16:48:43","slug":"ceremonia-de-grados-2024","status":"publish","type":"page","link":"https:\/\/colegiopedagogicoingles.edu.co\/web\/ceremonia-de-grados-2024\/","title":{"rendered":"CEREMONIA DE GRADOS 2024"},"content":{"rendered":"\t\t<div data-elementor-type=\"wp-page\" data-elementor-id=\"3199\" class=\"elementor elementor-3199\">\n\t\t\t\t<div class=\"elementor-element elementor-element-6a876d2 e-con-full e-flex e-con e-parent\" data-id=\"6a876d2\" data-element_type=\"container\" data-e-type=\"container\" data-settings=\"{&quot;background_background&quot;:&quot;slideshow&quot;,&quot;background_slideshow_gallery&quot;:[{&quot;id&quot;:3203,&quot;url&quot;:&quot;https:\\\/\\\/colegiopedagogicoingles.edu.co\\\/web\\\/wp-content\\\/uploads\\\/2024\\\/12\\\/WhatsApp-Image-2024-12-13-at-11.07.13.jpeg&quot;},{&quot;id&quot;:3219,&quot;url&quot;:&quot;https:\\\/\\\/colegiopedagogicoingles.edu.co\\\/web\\\/wp-content\\\/uploads\\\/2024\\\/12\\\/WhatsApp-Image-2024-12-13-at-11.08.25.jpeg&quot;},{&quot;id&quot;:3230,&quot;url&quot;:&quot;https:\\\/\\\/colegiopedagogicoingles.edu.co\\\/web\\\/wp-content\\\/uploads\\\/2024\\\/12\\\/WhatsApp-Image-2024-12-13-at-11.01.03.jpeg&quot;},{&quot;id&quot;:3227,&quot;url&quot;:&quot;https:\\\/\\\/colegiopedagogicoingles.edu.co\\\/web\\\/wp-content\\\/uploads\\\/2024\\\/12\\\/WhatsApp-Image-2024-12-13-at-11.07.23.jpeg&quot;},{&quot;id&quot;:3228,&quot;url&quot;:&quot;https:\\\/\\\/colegiopedagogicoingles.edu.co\\\/web\\\/wp-content\\\/uploads\\\/2024\\\/12\\\/WhatsApp-Image-2024-12-13-at-11.07.13-2.jpeg&quot;},{&quot;id&quot;:3225,&quot;url&quot;:&quot;https:\\\/\\\/colegiopedagogicoingles.edu.co\\\/web\\\/wp-content\\\/uploads\\\/2024\\\/12\\\/WhatsApp-Image-2024-12-13-at-11.08.12.jpeg&quot;},{&quot;id&quot;:3204,&quot;url&quot;:&quot;https:\\\/\\\/colegiopedagogicoingles.edu.co\\\/web\\\/wp-content\\\/uploads\\\/2024\\\/12\\\/WhatsApp-Image-2024-12-13-at-11.08.02.jpeg&quot;},{&quot;id&quot;:3229,&quot;url&quot;:&quot;https:\\\/\\\/colegiopedagogicoingles.edu.co\\\/web\\\/wp-content\\\/uploads\\\/2024\\\/12\\\/WhatsApp-Image-2024-12-13-at-11.07.04-1-e1734459890190.jpeg&quot;},{&quot;id&quot;:3226,&quot;url&quot;:&quot;https:\\\/\\\/colegiopedagogicoingles.edu.co\\\/web\\\/wp-content\\\/uploads\\\/2024\\\/12\\\/WhatsApp-Image-2024-12-13-at-11.07.37.jpeg&quot;}],&quot;background_slideshow_slide_duration&quot;:1300,&quot;background_slideshow_ken_burns&quot;:&quot;yes&quot;,&quot;background_slideshow_loop&quot;:&quot;yes&quot;,&quot;background_slideshow_slide_transition&quot;:&quot;fade&quot;,&quot;background_slideshow_transition_duration&quot;:500,&quot;background_slideshow_ken_burns_zoom_direction&quot;:&quot;in&quot;}\">\n\t\t\t\t<\/div>\n\t\t<div class=\"elementor-element elementor-element-a8f2076 e-flex e-con-boxed e-con e-parent\" data-id=\"a8f2076\" data-element_type=\"container\" data-e-type=\"container\">\n\t\t\t\t\t<div class=\"e-con-inner\">\n\t\t<div class=\"elementor-element elementor-element-e89bf69 e-con-full e-flex e-con e-child\" data-id=\"e89bf69\" data-element_type=\"container\" data-e-type=\"container\">\n\t\t\t\t<div class=\"elementor-element elementor-element-dddf353 e-transform elementor-widget elementor-widget-icon-box\" data-id=\"dddf353\" data-element_type=\"widget\" data-e-type=\"widget\" data-settings=\"{&quot;_transform_scale_effect_hover&quot;:{&quot;unit&quot;:&quot;px&quot;,&quot;size&quot;:1.1,&quot;sizes&quot;:[]},&quot;_transform_scale_effect_hover_tablet&quot;:{&quot;unit&quot;:&quot;px&quot;,&quot;size&quot;:&quot;&quot;,&quot;sizes&quot;:[]},&quot;_transform_scale_effect_hover_mobile&quot;:{&quot;unit&quot;:&quot;px&quot;,&quot;size&quot;:&quot;&quot;,&quot;sizes&quot;:[]}}\" data-widget_type=\"icon-box.default\">\n\t\t\t\t<div class=\"elementor-widget-container\">\n\t\t\t\t\t\t\t<div class=\"elementor-icon-box-wrapper\">\n\n\t\t\t\n\t\t\t\t\t\t<div class=\"elementor-icon-box-content\">\n\n\t\t\t\t\t\t\t\t\t<h3 class=\"elementor-icon-box-title\">\n\t\t\t\t\t\t<a href=\"https:\/\/colegiopedagogicoingles.edu.co\/web\/wp-content\/uploads\/2024\/07\/PASO-A-PASO-PRE-INSCRIPCION-ANO-2025.pdf\" >\n\t\t\t\t\t\t\tCEREMONIA DE GRADOS COLPEIN\t\t\t\t\t\t<\/a>\n\t\t\t\t\t<\/h3>\n\t\t\t\t\n\t\t\t\t\t\t\t\t\t<p class=\"elementor-icon-box-description\">\n\t\t\t\t\t\tEl Colegio Pedag\u00f3gico Ingl\u00e9s COLPEIN celebra el cierre de un ciclo acad\u00e9mico y el inicio de nuevas oportunidades para nuestros estudiantes. Es un evento significativo donde se reconoce el esfuerzo, compromiso y dedicaci\u00f3n de los graduados, quienes culminan su etapa escolar con los valores, conocimientos y habilidades necesarios para enfrentar los retos futuros. Esta ceremonia refleja el crecimiento acad\u00e9mico, personal y social de los estudiantes, destacando la importancia del trabajo colectivo de toda la comunidad educativa. Felicitamos a los graduados y les deseamos \u00e9xito en sus futuros proyectos.\u00a0\t\t\t\t\t<\/p>\n\t\t\t\t\n\t\t\t<\/div>\n\t\t\t\n\t\t<\/div>\n\t\t\t\t\t\t<\/div>\n\t\t\t\t<\/div>\n\t\t\t\t<\/div>\n\t\t\t\t\t<\/div>\n\t\t\t\t<\/div>\n\t\t\t\t<\/div>\n\t\t","protected":false},"excerpt":{"rendered":"<p>CEREMONIA DE GRADOS COLPEIN El Colegio Pedag\u00f3gico Ingl\u00e9s COLPEIN celebra el cierre de un ciclo acad\u00e9mico y el inicio de nuevas oportunidades para nuestros estudiantes. Es un evento significativo donde se reconoce el esfuerzo, compromiso y dedicaci\u00f3n de los graduados, quienes culminan su etapa escolar con los valores, conocimientos y habilidades necesarios para enfrentar los [&hellip;]<\/p>\n","protected":false},"author":1,"featured_media":0,"parent":0,"menu_order":0,"comment_status":"closed","ping_status":"closed","template":"elementor_header_footer","meta":{"_et_pb_use_builder":"","_et_pb_old_content":"","_et_gb_content_width":"1080","_uag_custom_page_level_css":"","_joinchat":[],"footnotes":""},"class_list":["post-3199","page","type-page","status-publish","hentry"],"uagb_featured_image_src":{"full":false,"thumbnail":false,"medium":false,"medium_large":false,"large":false,"1536x1536":false,"2048x2048":false,"et-pb-post-main-image":false,"et-pb-post-main-image-fullwidth":false,"et-pb-portfolio-image":false,"et-pb-portfolio-module-image":false,"et-pb-portfolio-image-single":false,"et-pb-gallery-module-image-portrait":false,"et-pb-post-main-image-fullwidth-large":false,"et-pb-image--responsive--desktop":false,"et-pb-image--responsive--tablet":false,"et-pb-image--responsive--phone":false},"uagb_author_info":{"display_name":"admin","author_link":"https:\/\/colegiopedagogicoingles.edu.co\/web\/author\/admin\/"},"uagb_comment_info":0,"uagb_excerpt":"CEREMONIA DE GRADOS COLPEIN El Colegio Pedag\u00f3gico Ingl\u00e9s COLPEIN celebra el cierre de un ciclo acad\u00e9mico y el inicio de nuevas oportunidades para nuestros estudiantes. Es un evento significativo donde se reconoce el esfuerzo, compromiso y dedicaci\u00f3n de los graduados, quienes culminan su etapa escolar con los valores, conocimientos y habilidades necesarios para enfrentar los&hellip;","_links":{"self":[{"href":"https:\/\/colegiopedagogicoingles.edu.co\/web\/wp-json\/wp\/v2\/pages\/3199","targetHints":{"allow":["GET"]}}],"collection":[{"href":"https:\/\/colegiopedagogicoingles.edu.co\/web\/wp-json\/wp\/v2\/pages"}],"about":[{"href":"https:\/\/colegiopedagogicoingles.edu.co\/web\/wp-json\/wp\/v2\/types\/page"}],"author":[{"embeddable":true,"href":"https:\/\/colegiopedagogicoingles.edu.co\/web\/wp-json\/wp\/v2\/users\/1"}],"replies":[{"embeddable":true,"href":"https:\/\/colegiopedagogicoingles.edu.co\/web\/wp-json\/wp\/v2\/comments?post=3199"}],"version-history":[{"count":30,"href":"https:\/\/colegiopedagogicoingles.edu.co\/web\/wp-json\/wp\/v2\/pages\/3199\/revisions"}],"predecessor-version":[{"id":3270,"href":"https:\/\/colegiopedagogicoingles.edu.co\/web\/wp-json\/wp\/v2\/pages\/3199\/revisions\/3270"}],"wp:attachment":[{"href":"https:\/\/colegiopedagogicoingles.edu.co\/web\/wp-json\/wp\/v2\/media?parent=3199"}],"curies":[{"name":"wp","href":"https:\/\/api.w.org\/{rel}","templated":true}]}}