{"id":3197,"date":"2024-12-17T11:44:49","date_gmt":"2024-12-17T16:44:49","guid":{"rendered":"https:\/\/colegiopedagogicoingles.edu.co\/web\/?page_id=3197"},"modified":"2024-12-18T11:50:20","modified_gmt":"2024-12-18T16:50:20","slug":"prom-2024","status":"publish","type":"page","link":"https:\/\/colegiopedagogicoingles.edu.co\/web\/prom-2024\/","title":{"rendered":"PROM 2024"},"content":{"rendered":"\t\t<div data-elementor-type=\"wp-page\" data-elementor-id=\"3197\" class=\"elementor elementor-3197\">\n\t\t\t\t<div class=\"elementor-element elementor-element-17b9364 e-flex e-con-boxed e-con e-parent\" data-id=\"17b9364\" data-element_type=\"container\" data-e-type=\"container\" data-settings=\"{&quot;background_background&quot;:&quot;slideshow&quot;,&quot;background_slideshow_gallery&quot;:[{&quot;id&quot;:3237,&quot;url&quot;:&quot;https:\\\/\\\/colegiopedagogicoingles.edu.co\\\/web\\\/wp-content\\\/uploads\\\/2024\\\/12\\\/WhatsApp-Image-2024-12-13-at-11.00.24.jpeg&quot;},{&quot;id&quot;:3238,&quot;url&quot;:&quot;https:\\\/\\\/colegiopedagogicoingles.edu.co\\\/web\\\/wp-content\\\/uploads\\\/2024\\\/12\\\/WhatsApp-Image-2024-12-13-at-10.09.01.jpeg&quot;},{&quot;id&quot;:3240,&quot;url&quot;:&quot;https:\\\/\\\/colegiopedagogicoingles.edu.co\\\/web\\\/wp-content\\\/uploads\\\/2024\\\/12\\\/WhatsApp-Image-2024-12-13-at-10.08.50.jpeg&quot;},{&quot;id&quot;:3241,&quot;url&quot;:&quot;https:\\\/\\\/colegiopedagogicoingles.edu.co\\\/web\\\/wp-content\\\/uploads\\\/2024\\\/12\\\/WhatsApp-Image-2024-12-13-at-10.08.37.jpeg&quot;},{&quot;id&quot;:3242,&quot;url&quot;:&quot;https:\\\/\\\/colegiopedagogicoingles.edu.co\\\/web\\\/wp-content\\\/uploads\\\/2024\\\/12\\\/WhatsApp-Image-2024-12-13-at-10.08.15.jpeg&quot;}],&quot;background_slideshow_slide_duration&quot;:1500,&quot;background_slideshow_loop&quot;:&quot;yes&quot;,&quot;background_slideshow_slide_transition&quot;:&quot;fade&quot;,&quot;background_slideshow_transition_duration&quot;:500}\">\n\t\t\t\t\t<div class=\"e-con-inner\">\n\t\t\t\t\t<\/div>\n\t\t\t\t<\/div>\n\t\t<div class=\"elementor-element elementor-element-7d7f0de e-flex e-con-boxed e-con e-parent\" data-id=\"7d7f0de\" data-element_type=\"container\" data-e-type=\"container\">\n\t\t\t\t\t<div class=\"e-con-inner\">\n\t\t<div class=\"elementor-element elementor-element-f41c22a e-con-full e-flex e-con e-child\" data-id=\"f41c22a\" data-element_type=\"container\" data-e-type=\"container\">\n\t\t\t\t<div class=\"elementor-element elementor-element-876bb01 e-transform elementor-widget elementor-widget-icon-box\" data-id=\"876bb01\" data-element_type=\"widget\" data-e-type=\"widget\" data-settings=\"{&quot;_transform_scale_effect_hover&quot;:{&quot;unit&quot;:&quot;px&quot;,&quot;size&quot;:1.1,&quot;sizes&quot;:[]},&quot;_transform_scale_effect_hover_tablet&quot;:{&quot;unit&quot;:&quot;px&quot;,&quot;size&quot;:&quot;&quot;,&quot;sizes&quot;:[]},&quot;_transform_scale_effect_hover_mobile&quot;:{&quot;unit&quot;:&quot;px&quot;,&quot;size&quot;:&quot;&quot;,&quot;sizes&quot;:[]}}\" data-widget_type=\"icon-box.default\">\n\t\t\t\t<div class=\"elementor-widget-container\">\n\t\t\t\t\t\t\t<div class=\"elementor-icon-box-wrapper\">\n\n\t\t\t\n\t\t\t\t\t\t<div class=\"elementor-icon-box-content\">\n\n\t\t\t\t\t\t\t\t\t<h3 class=\"elementor-icon-box-title\">\n\t\t\t\t\t\t<a href=\"https:\/\/colegiopedagogicoingles.edu.co\/web\/wp-content\/uploads\/2024\/07\/PASO-A-PASO-PRE-INSCRIPCION-ANO-2025.pdf\" >\n\t\t\t\t\t\t\tPROM : UNA FIESTA PARA RECORDAR\t\t\t\t\t\t<\/a>\n\t\t\t\t\t<\/h3>\n\t\t\t\t\n\t\t\t\t\t\t\t\t\t<p class=\"elementor-icon-box-description\">\n\t\t\t\t\t\tEl Prom es una de las tradiciones m\u00e1s esperadas y emocionantes de nuestros estudiantes, un evento que antecede la ceremonia de graduaci\u00f3n y que simboliza la culminaci\u00f3n de un viaje lleno de aprendizajes, desaf\u00edos y grandes momentos. Este evento, cargado de emoci\u00f3n y alegr\u00eda, es la oportunidad perfecta para que nuestros graduados celebren juntos su esfuerzo y logros, creando recuerdos que perdurar\u00e1n toda la vida.\t\t\t\t\t<\/p>\n\t\t\t\t\n\t\t\t<\/div>\n\t\t\t\n\t\t<\/div>\n\t\t\t\t\t\t<\/div>\n\t\t\t\t<\/div>\n\t\t\t\t<\/div>\n\t\t\t\t\t<\/div>\n\t\t\t\t<\/div>\n\t\t\t\t<\/div>\n\t\t","protected":false},"excerpt":{"rendered":"<p>PROM : UNA FIESTA PARA RECORDAR El Prom es una de las tradiciones m\u00e1s esperadas y emocionantes de nuestros estudiantes, un evento que antecede la ceremonia de graduaci\u00f3n y que simboliza la culminaci\u00f3n de un viaje lleno de aprendizajes, desaf\u00edos y grandes momentos. Este evento, cargado de emoci\u00f3n y alegr\u00eda, es la oportunidad perfecta para [&hellip;]<\/p>\n","protected":false},"author":1,"featured_media":0,"parent":0,"menu_order":0,"comment_status":"closed","ping_status":"closed","template":"elementor_header_footer","meta":{"_et_pb_use_builder":"","_et_pb_old_content":"","_et_gb_content_width":"1080","_uag_custom_page_level_css":"","_joinchat":[],"footnotes":""},"class_list":["post-3197","page","type-page","status-publish","hentry"],"uagb_featured_image_src":{"full":false,"thumbnail":false,"medium":false,"medium_large":false,"large":false,"1536x1536":false,"2048x2048":false,"et-pb-post-main-image":false,"et-pb-post-main-image-fullwidth":false,"et-pb-portfolio-image":false,"et-pb-portfolio-module-image":false,"et-pb-portfolio-image-single":false,"et-pb-gallery-module-image-portrait":false,"et-pb-post-main-image-fullwidth-large":false,"et-pb-image--responsive--desktop":false,"et-pb-image--responsive--tablet":false,"et-pb-image--responsive--phone":false},"uagb_author_info":{"display_name":"admin","author_link":"https:\/\/colegiopedagogicoingles.edu.co\/web\/author\/admin\/"},"uagb_comment_info":0,"uagb_excerpt":"PROM : UNA FIESTA PARA RECORDAR El Prom es una de las tradiciones m\u00e1s esperadas y emocionantes de nuestros estudiantes, un evento que antecede la ceremonia de graduaci\u00f3n y que simboliza la culminaci\u00f3n de un viaje lleno de aprendizajes, desaf\u00edos y grandes momentos. Este evento, cargado de emoci\u00f3n y alegr\u00eda, es la oportunidad perfecta para&hellip;","_links":{"self":[{"href":"https:\/\/colegiopedagogicoingles.edu.co\/web\/wp-json\/wp\/v2\/pages\/3197","targetHints":{"allow":["GET"]}}],"collection":[{"href":"https:\/\/colegiopedagogicoingles.edu.co\/web\/wp-json\/wp\/v2\/pages"}],"about":[{"href":"https:\/\/colegiopedagogicoingles.edu.co\/web\/wp-json\/wp\/v2\/types\/page"}],"author":[{"embeddable":true,"href":"https:\/\/colegiopedagogicoingles.edu.co\/web\/wp-json\/wp\/v2\/users\/1"}],"replies":[{"embeddable":true,"href":"https:\/\/colegiopedagogicoingles.edu.co\/web\/wp-json\/wp\/v2\/comments?post=3197"}],"version-history":[{"count":18,"href":"https:\/\/colegiopedagogicoingles.edu.co\/web\/wp-json\/wp\/v2\/pages\/3197\/revisions"}],"predecessor-version":[{"id":3273,"href":"https:\/\/colegiopedagogicoingles.edu.co\/web\/wp-json\/wp\/v2\/pages\/3197\/revisions\/3273"}],"wp:attachment":[{"href":"https:\/\/colegiopedagogicoingles.edu.co\/web\/wp-json\/wp\/v2\/media?parent=3197"}],"curies":[{"name":"wp","href":"https:\/\/api.w.org\/{rel}","templated":true}]}}