{"id":2936,"date":"2024-12-04T10:34:39","date_gmt":"2024-12-04T15:34:39","guid":{"rendered":"https:\/\/colegiopedagogicoingles.edu.co\/web\/?page_id=2936"},"modified":"2024-12-04T18:12:14","modified_gmt":"2024-12-04T23:12:14","slug":"egresados","status":"publish","type":"page","link":"https:\/\/colegiopedagogicoingles.edu.co\/web\/egresados\/","title":{"rendered":"EGRESADOS"},"content":{"rendered":"\t\t<div data-elementor-type=\"wp-page\" data-elementor-id=\"2936\" class=\"elementor elementor-2936\">\n\t\t\t\t<div class=\"elementor-element elementor-element-1b83c13e e-flex e-con-boxed e-con e-parent\" data-id=\"1b83c13e\" data-element_type=\"container\" data-e-type=\"container\">\n\t\t\t\t\t<div class=\"e-con-inner\">\n\t\t\t\t\t<\/div>\n\t\t\t\t<\/div>\n\t\t<div class=\"elementor-element elementor-element-41980ac e-flex e-con-boxed e-con e-parent\" data-id=\"41980ac\" data-element_type=\"container\" data-e-type=\"container\" data-settings=\"{&quot;background_background&quot;:&quot;slideshow&quot;,&quot;background_slideshow_gallery&quot;:[{&quot;id&quot;:2954,&quot;url&quot;:&quot;https:\\\/\\\/colegiopedagogicoingles.edu.co\\\/web\\\/wp-content\\\/uploads\\\/2024\\\/12\\\/454623367_1012307507023136_5039994038272482809_n.jpg&quot;},{&quot;id&quot;:2953,&quot;url&quot;:&quot;https:\\\/\\\/colegiopedagogicoingles.edu.co\\\/web\\\/wp-content\\\/uploads\\\/2024\\\/12\\\/454490586_1012308483689705_4930027919490456837_n.jpg&quot;}],&quot;background_slideshow_transition_duration&quot;:200,&quot;background_slideshow_loop&quot;:&quot;yes&quot;,&quot;background_slideshow_slide_duration&quot;:5000,&quot;background_slideshow_slide_transition&quot;:&quot;fade&quot;}\">\n\t\t\t\t\t<div class=\"e-con-inner\">\n\t\t\t\t\t<\/div>\n\t\t\t\t<\/div>\n\t\t<div class=\"elementor-element elementor-element-764b0a8 e-flex e-con-boxed e-con e-parent\" data-id=\"764b0a8\" data-element_type=\"container\" data-e-type=\"container\">\n\t\t\t\t\t<div class=\"e-con-inner\">\n\t\t\t\t<div class=\"elementor-element elementor-element-fb42878 elementor-widget elementor-widget-heading\" data-id=\"fb42878\" data-element_type=\"widget\" data-e-type=\"widget\" data-widget_type=\"heading.default\">\n\t\t\t\t<div class=\"elementor-widget-container\">\n\t\t\t\t\t<h2 class=\"elementor-heading-title elementor-size-default\">Egresados COLPEIN : L\u00edderes con Prop\u00f3sito<\/h2>\t\t\t\t<\/div>\n\t\t\t\t<\/div>\n\t\t\t\t\t<\/div>\n\t\t\t\t<\/div>\n\t\t<div class=\"elementor-element elementor-element-f55662e e-flex e-con-boxed e-con e-parent\" data-id=\"f55662e\" data-element_type=\"container\" data-e-type=\"container\">\n\t\t\t\t\t<div class=\"e-con-inner\">\n\t\t\t\t<div class=\"elementor-element elementor-element-b859c4a elementor-widget elementor-widget-text-editor\" data-id=\"b859c4a\" data-element_type=\"widget\" data-e-type=\"widget\" data-widget_type=\"text-editor.default\">\n\t\t\t\t<div class=\"elementor-widget-container\">\n\t\t\t\t\t\t\t\t\t<p style=\"text-align: center;\">En el <strong>Colegio Pedag\u00f3gico Ingl\u00e9s COLPEIN<\/strong>, nuestros egresados son el reflejo del compromiso con la excelencia acad\u00e9mica y el desarrollo integral. Cada uno de ellos ha recibido una formaci\u00f3n que trasciende el aula, basada en valores, pensamiento cr\u00edtico y competencias para enfrentar los retos del mundo actual.<\/p><p style=\"text-align: center;\"><strong>\u00bfQu\u00e9 distingue a nuestros egresados?<\/strong><\/p><p style=\"text-align: center;\"><strong>Formaci\u00f3n integral:<\/strong> Desarrollo de habilidades acad\u00e9micas, sociales y emocionales.<\/p><p style=\"text-align: center;\"><strong>Liderazgo y responsabilidad social:<\/strong> Compromiso con el entorno y aporte a sus comunidades.<\/p><p style=\"text-align: center;\"><strong>Competencias globales:<\/strong> Preparaci\u00f3n para destacar en contextos nacionales e internacionales.<\/p><p style=\"text-align: center;\"><strong>Excelencia acad\u00e9mica:<\/strong> Fundamentada en un modelo educativo innovador y de alta calidad.<\/p><p style=\"text-align: center;\">Invitamos a nuestros egresados a mantenerse conectados con la comunidad COLPEIN, participando en eventos, proyectos y actividades que fomenten el crecimiento y fortalecimiento de nuestra red de l\u00edderes.<\/p><p style=\"text-align: center;\"><strong>\u00a1Siempre ser\u00e1n parte de la familia COLPEIN!<\/strong><\/p>\t\t\t\t\t\t\t\t<\/div>\n\t\t\t\t<\/div>\n\t\t\t\t\t<\/div>\n\t\t\t\t<\/div>\n\t\t<div class=\"elementor-element elementor-element-10334dd e-grid e-con-boxed e-con e-parent\" data-id=\"10334dd\" data-element_type=\"container\" data-e-type=\"container\">\n\t\t\t\t\t<div class=\"e-con-inner\">\n\t\t\t\t<div class=\"elementor-element elementor-element-f6bb4e8 elementor-widget elementor-widget-video\" data-id=\"f6bb4e8\" data-element_type=\"widget\" data-e-type=\"widget\" data-settings=\"{&quot;video_type&quot;:&quot;hosted&quot;,&quot;controls&quot;:&quot;yes&quot;}\" data-widget_type=\"video.default\">\n\t\t\t\t<div class=\"elementor-widget-container\">\n\t\t\t\t\t\t\t<div class=\"e-hosted-video elementor-wrapper elementor-open-inline\">\n\t\t\t\t\t<video class=\"elementor-video\" src=\"https:\/\/colegiopedagogicoingles.edu.co\/web\/wp-content\/uploads\/2024\/12\/WhatsApp-Video-2024-12-04-at-17.30.08-2.mp4\" controls=\"\" preload=\"metadata\" controlsList=\"nodownload\"><\/video>\n\t\t\t\t<\/div>\n\t\t\t\t\t\t<\/div>\n\t\t\t\t<\/div>\n\t\t\t\t<div class=\"elementor-element elementor-element-95e2770 elementor-widget elementor-widget-video\" data-id=\"95e2770\" data-element_type=\"widget\" data-e-type=\"widget\" data-settings=\"{&quot;video_type&quot;:&quot;hosted&quot;,&quot;controls&quot;:&quot;yes&quot;}\" data-widget_type=\"video.default\">\n\t\t\t\t<div class=\"elementor-widget-container\">\n\t\t\t\t\t\t\t<div class=\"e-hosted-video elementor-wrapper elementor-open-inline\">\n\t\t\t\t\t<video class=\"elementor-video\" src=\"https:\/\/colegiopedagogicoingles.edu.co\/web\/wp-content\/uploads\/2024\/12\/WhatsApp-Video-2024-12-02-at-18.26.28.mp4\" controls=\"\" preload=\"metadata\" controlsList=\"nodownload\"><\/video>\n\t\t\t\t<\/div>\n\t\t\t\t\t\t<\/div>\n\t\t\t\t<\/div>\n\t\t\t\t\t<\/div>\n\t\t\t\t<\/div>\n\t\t\t\t<\/div>\n\t\t","protected":false},"excerpt":{"rendered":"<p>Egresados COLPEIN : L\u00edderes con Prop\u00f3sito En el Colegio Pedag\u00f3gico Ingl\u00e9s COLPEIN, nuestros egresados son el reflejo del compromiso con la excelencia acad\u00e9mica y el desarrollo integral. Cada uno de ellos ha recibido una formaci\u00f3n que trasciende el aula, basada en valores, pensamiento cr\u00edtico y competencias para enfrentar los retos del mundo actual. \u00bfQu\u00e9 distingue [&hellip;]<\/p>\n","protected":false},"author":1,"featured_media":0,"parent":0,"menu_order":0,"comment_status":"closed","ping_status":"closed","template":"","meta":{"_et_pb_use_builder":"on","_et_pb_old_content":"","_et_gb_content_width":"","_uag_custom_page_level_css":"","_joinchat":[],"footnotes":""},"class_list":["post-2936","page","type-page","status-publish","hentry"],"uagb_featured_image_src":{"full":false,"thumbnail":false,"medium":false,"medium_large":false,"large":false,"1536x1536":false,"2048x2048":false,"et-pb-post-main-image":false,"et-pb-post-main-image-fullwidth":false,"et-pb-portfolio-image":false,"et-pb-portfolio-module-image":false,"et-pb-portfolio-image-single":false,"et-pb-gallery-module-image-portrait":false,"et-pb-post-main-image-fullwidth-large":false,"et-pb-image--responsive--desktop":false,"et-pb-image--responsive--tablet":false,"et-pb-image--responsive--phone":false},"uagb_author_info":{"display_name":"admin","author_link":"https:\/\/colegiopedagogicoingles.edu.co\/web\/author\/admin\/"},"uagb_comment_info":0,"uagb_excerpt":"Egresados COLPEIN : L\u00edderes con Prop\u00f3sito En el Colegio Pedag\u00f3gico Ingl\u00e9s COLPEIN, nuestros egresados son el reflejo del compromiso con la excelencia acad\u00e9mica y el desarrollo integral. Cada uno de ellos ha recibido una formaci\u00f3n que trasciende el aula, basada en valores, pensamiento cr\u00edtico y competencias para enfrentar los retos del mundo actual. \u00bfQu\u00e9 distingue&hellip;","_links":{"self":[{"href":"https:\/\/colegiopedagogicoingles.edu.co\/web\/wp-json\/wp\/v2\/pages\/2936","targetHints":{"allow":["GET"]}}],"collection":[{"href":"https:\/\/colegiopedagogicoingles.edu.co\/web\/wp-json\/wp\/v2\/pages"}],"about":[{"href":"https:\/\/colegiopedagogicoingles.edu.co\/web\/wp-json\/wp\/v2\/types\/page"}],"author":[{"embeddable":true,"href":"https:\/\/colegiopedagogicoingles.edu.co\/web\/wp-json\/wp\/v2\/users\/1"}],"replies":[{"embeddable":true,"href":"https:\/\/colegiopedagogicoingles.edu.co\/web\/wp-json\/wp\/v2\/comments?post=2936"}],"version-history":[{"count":11,"href":"https:\/\/colegiopedagogicoingles.edu.co\/web\/wp-json\/wp\/v2\/pages\/2936\/revisions"}],"predecessor-version":[{"id":2966,"href":"https:\/\/colegiopedagogicoingles.edu.co\/web\/wp-json\/wp\/v2\/pages\/2936\/revisions\/2966"}],"wp:attachment":[{"href":"https:\/\/colegiopedagogicoingles.edu.co\/web\/wp-json\/wp\/v2\/media?parent=2936"}],"curies":[{"name":"wp","href":"https:\/\/api.w.org\/{rel}","templated":true}]}}