{"id":2934,"date":"2024-12-04T10:34:16","date_gmt":"2024-12-04T15:34:16","guid":{"rendered":"https:\/\/colegiopedagogicoingles.edu.co\/web\/?page_id=2934"},"modified":"2024-12-16T16:11:13","modified_gmt":"2024-12-16T21:11:13","slug":"aguinaldo-colpein","status":"publish","type":"page","link":"https:\/\/colegiopedagogicoingles.edu.co\/web\/aguinaldo-colpein\/","title":{"rendered":"AGUINALDO COLPEIN"},"content":{"rendered":"\t\t<div data-elementor-type=\"wp-page\" data-elementor-id=\"2934\" class=\"elementor elementor-2934\">\n\t\t\t\t<div class=\"elementor-element elementor-element-567869dd e-flex e-con-boxed e-con e-parent\" data-id=\"567869dd\" data-element_type=\"container\" data-e-type=\"container\">\n\t\t\t\t\t<div class=\"e-con-inner\">\n\t\t\t\t<div class=\"elementor-element elementor-element-546097ff elementor-widget elementor-widget-text-editor\" data-id=\"546097ff\" data-element_type=\"widget\" data-e-type=\"widget\" data-widget_type=\"text-editor.default\">\n\t\t\t\t<div class=\"elementor-widget-container\">\n\t\t\t\t\t\t\t\t\t[et_pb_section admin_label=\u00bbsection\u00bb]\n\t\t\t[et_pb_row admin_label=\u00bbrow\u00bb]\n\t\t\t\t[et_pb_column type=\u00bb4_4&#8243;][\/et_pb_column]\n\t\t\t[\/et_pb_row]\n\t\t[\/et_pb_section]\t\t\t\t\t\t\t\t<\/div>\n\t\t\t\t<\/div>\n\t\t\t\t\t<\/div>\n\t\t\t\t<\/div>\n\t\t<div class=\"elementor-element elementor-element-c6c1b45 e-flex e-con-boxed elementor-invisible e-con e-parent\" data-id=\"c6c1b45\" data-element_type=\"container\" data-e-type=\"container\" data-settings=\"{&quot;background_background&quot;:&quot;slideshow&quot;,&quot;background_slideshow_gallery&quot;:[{&quot;id&quot;:3133,&quot;url&quot;:&quot;https:\\\/\\\/colegiopedagogicoingles.edu.co\\\/web\\\/wp-content\\\/uploads\\\/2024\\\/12\\\/WhatsApp-Image-2024-12-15-at-14.09.14.jpeg&quot;},{&quot;id&quot;:3064,&quot;url&quot;:&quot;https:\\\/\\\/colegiopedagogicoingles.edu.co\\\/web\\\/wp-content\\\/uploads\\\/2024\\\/12\\\/WhatsApp-Image-2024-12-12-at-17.52.34-3-e1734298373292.jpeg&quot;},{&quot;id&quot;:3017,&quot;url&quot;:&quot;https:\\\/\\\/colegiopedagogicoingles.edu.co\\\/web\\\/wp-content\\\/uploads\\\/2024\\\/12\\\/WhatsApp-Image-2024-12-12-at-17.52.29-2.jpeg&quot;},{&quot;id&quot;:3067,&quot;url&quot;:&quot;https:\\\/\\\/colegiopedagogicoingles.edu.co\\\/web\\\/wp-content\\\/uploads\\\/2024\\\/12\\\/WhatsApp-Image-2024-12-12-at-17.52.34-6.jpeg&quot;},{&quot;id&quot;:3062,&quot;url&quot;:&quot;https:\\\/\\\/colegiopedagogicoingles.edu.co\\\/web\\\/wp-content\\\/uploads\\\/2024\\\/12\\\/WhatsApp-Image-2024-12-12-at-17.52.34-1.jpeg&quot;},{&quot;id&quot;:3070,&quot;url&quot;:&quot;https:\\\/\\\/colegiopedagogicoingles.edu.co\\\/web\\\/wp-content\\\/uploads\\\/2024\\\/12\\\/WhatsApp-Image-2024-12-12-at-17.52.35-1.jpeg&quot;},{&quot;id&quot;:3024,&quot;url&quot;:&quot;https:\\\/\\\/colegiopedagogicoingles.edu.co\\\/web\\\/wp-content\\\/uploads\\\/2024\\\/12\\\/WhatsApp-Image-2024-12-12-at-17.52.33.jpeg&quot;},{&quot;id&quot;:3022,&quot;url&quot;:&quot;https:\\\/\\\/colegiopedagogicoingles.edu.co\\\/web\\\/wp-content\\\/uploads\\\/2024\\\/12\\\/WhatsApp-Image-2024-12-12-at-17.52.32-3.jpeg&quot;},{&quot;id&quot;:3023,&quot;url&quot;:&quot;https:\\\/\\\/colegiopedagogicoingles.edu.co\\\/web\\\/wp-content\\\/uploads\\\/2024\\\/12\\\/WhatsApp-Image-2024-12-12-at-17.52.32-4.jpeg&quot;}],&quot;background_slideshow_slide_duration&quot;:900,&quot;background_slideshow_ken_burns&quot;:&quot;yes&quot;,&quot;animation&quot;:&quot;fadeIn&quot;,&quot;background_slideshow_loop&quot;:&quot;yes&quot;,&quot;background_slideshow_slide_transition&quot;:&quot;fade&quot;,&quot;background_slideshow_transition_duration&quot;:500,&quot;background_slideshow_ken_burns_zoom_direction&quot;:&quot;in&quot;}\">\n\t\t\t\t\t<div class=\"e-con-inner\">\n\t\t\t\t\t<\/div>\n\t\t\t\t<\/div>\n\t\t<div class=\"elementor-element elementor-element-c91d430 e-flex e-con-boxed e-con e-parent\" data-id=\"c91d430\" data-element_type=\"container\" data-e-type=\"container\">\n\t\t\t\t\t<div class=\"e-con-inner\">\n\t\t\t\t<div class=\"elementor-element elementor-element-20d30c0 elementor-widget elementor-widget-text-editor\" data-id=\"20d30c0\" data-element_type=\"widget\" data-e-type=\"widget\" data-widget_type=\"text-editor.default\">\n\t\t\t\t<div class=\"elementor-widget-container\">\n\t\t\t\t\t\t\t\t\t<p style=\"text-align: center;\"><span style=\"color: #008000;\"><strong>AGUINALDO NAVIDE\u00d1O COLPEIN<\/strong><\/span><\/p>\t\t\t\t\t\t\t\t<\/div>\n\t\t\t\t<\/div>\n\t\t\t\t\t<\/div>\n\t\t\t\t<\/div>\n\t\t<div class=\"elementor-element elementor-element-1b15f47 e-flex e-con-boxed e-con e-parent\" data-id=\"1b15f47\" data-element_type=\"container\" data-e-type=\"container\">\n\t\t\t\t\t<div class=\"e-con-inner\">\n\t\t\t\t<div class=\"elementor-element elementor-element-b491663 elementor-widget elementor-widget-text-editor\" data-id=\"b491663\" data-element_type=\"widget\" data-e-type=\"widget\" data-widget_type=\"text-editor.default\">\n\t\t\t\t<div class=\"elementor-widget-container\">\n\t\t\t\t\t\t\t\t\t<p style=\"text-align: center;\"><strong>\u00a1Feliz Navidad!\u00a0 Ni\u00f1os y Ni\u00f1as del Colegio Pedag\u00f3gico Ingl\u00e9s COLPEIN y comunidad de Sabana de Occidente<\/strong><\/p><p style=\"text-align: center;\">En estas fiestas tan especiales, el Colegio Pedag\u00f3gico Ingl\u00e9s COLPEIN se llena de alegr\u00eda y amor para compartir con nuestros queridos estudiantes y en comunidad el esp\u00edritu navide\u00f1o. Este a\u00f1o, hemos organizado un agasajo navide\u00f1o lleno de sorpresas, juegos y momentos m\u00e1gicos pensados especialmente para los ni\u00f1os y ni\u00f1as de nuestra comunidad escolar. <img decoding=\"async\" class=\"emoji\" role=\"img\" draggable=\"false\" src=\"https:\/\/s.w.org\/images\/core\/emoji\/15.0.3\/svg\/1f384.svg\" alt=\"\ud83c\udf84\" \/><img decoding=\"async\" class=\"emoji\" role=\"img\" draggable=\"false\" src=\"https:\/\/s.w.org\/images\/core\/emoji\/15.0.3\/svg\/2728.svg\" alt=\"\u2728\" \/><\/p><p style=\"text-align: center;\">Ser\u00e1 una ocasi\u00f3n \u00fanica para disfrutar de actividades divertidas, canciones, y, por supuesto, el esperado encuentro con Pap\u00e1 Noel, quien llegar\u00e1 cargado de regalos y sonrisas para todos.<\/p><p style=\"text-align: center;\">Queremos que cada ni\u00f1o y ni\u00f1a se sienta especial y rodeado de la calidez que caracteriza nuestra instituci\u00f3n, celebrando juntos el verdadero esp\u00edritu de la Navidad.<\/p><p style=\"text-align: center;\">\u00a1No te lo puedes perder! Te invitamos a ser parte de esta celebraci\u00f3n navide\u00f1a llena de magia y alegr\u00eda.<\/p>\t\t\t\t\t\t\t\t<\/div>\n\t\t\t\t<\/div>\n\t\t\t\t\t<\/div>\n\t\t\t\t<\/div>\n\t\t<div class=\"elementor-element elementor-element-55a896d animated-slow e-flex e-con-boxed elementor-invisible e-con e-parent\" data-id=\"55a896d\" data-element_type=\"container\" data-e-type=\"container\" data-settings=\"{&quot;background_background&quot;:&quot;slideshow&quot;,&quot;background_slideshow_gallery&quot;:[{&quot;id&quot;:3120,&quot;url&quot;:&quot;https:\\\/\\\/colegiopedagogicoingles.edu.co\\\/web\\\/wp-content\\\/uploads\\\/2024\\\/12\\\/WhatsApp-Image-2024-12-15-at-14.03.58.jpeg&quot;},{&quot;id&quot;:3121,&quot;url&quot;:&quot;https:\\\/\\\/colegiopedagogicoingles.edu.co\\\/web\\\/wp-content\\\/uploads\\\/2024\\\/12\\\/WhatsApp-Image-2024-12-15-at-14.03.59.jpeg&quot;},{&quot;id&quot;:3126,&quot;url&quot;:&quot;https:\\\/\\\/colegiopedagogicoingles.edu.co\\\/web\\\/wp-content\\\/uploads\\\/2024\\\/12\\\/WhatsApp-Image-2024-12-15-at-14.05.51.jpeg&quot;},{&quot;id&quot;:3122,&quot;url&quot;:&quot;https:\\\/\\\/colegiopedagogicoingles.edu.co\\\/web\\\/wp-content\\\/uploads\\\/2024\\\/12\\\/WhatsApp-Image-2024-12-15-at-14.04.00.jpeg&quot;},{&quot;id&quot;:3123,&quot;url&quot;:&quot;https:\\\/\\\/colegiopedagogicoingles.edu.co\\\/web\\\/wp-content\\\/uploads\\\/2024\\\/12\\\/WhatsApp-Image-2024-12-15-at-14.04.00-1.jpeg&quot;},{&quot;id&quot;:3124,&quot;url&quot;:&quot;https:\\\/\\\/colegiopedagogicoingles.edu.co\\\/web\\\/wp-content\\\/uploads\\\/2024\\\/12\\\/WhatsApp-Image-2024-12-15-at-14.04.01.jpeg&quot;},{&quot;id&quot;:3125,&quot;url&quot;:&quot;https:\\\/\\\/colegiopedagogicoingles.edu.co\\\/web\\\/wp-content\\\/uploads\\\/2024\\\/12\\\/WhatsApp-Image-2024-12-15-at-14.04.01-1.jpeg&quot;}],&quot;background_slideshow_slide_duration&quot;:1000,&quot;shape_divider_bottom&quot;:&quot;opacity-tilt&quot;,&quot;animation&quot;:&quot;fadeInUp&quot;,&quot;background_slideshow_loop&quot;:&quot;yes&quot;,&quot;background_slideshow_slide_transition&quot;:&quot;fade&quot;,&quot;background_slideshow_transition_duration&quot;:500}\">\n\t\t\t\t\t<div class=\"e-con-inner\">\n\t\t\t\t<div class=\"elementor-shape elementor-shape-bottom\" aria-hidden=\"true\" data-negative=\"false\">\n\t\t\t<svg xmlns=\"http:\/\/www.w3.org\/2000\/svg\" viewBox=\"0 0 2600 131.1\" preserveAspectRatio=\"none\">\n\t<path class=\"elementor-shape-fill\" d=\"M0 0L2600 0 2600 69.1 0 0z\"\/>\n\t<path class=\"elementor-shape-fill\" style=\"opacity:0.5\" d=\"M0 0L2600 0 2600 69.1 0 69.1z\"\/>\n\t<path class=\"elementor-shape-fill\" style=\"opacity:0.25\" d=\"M2600 0L0 0 0 130.1 2600 69.1z\"\/>\n<\/svg>\t\t<\/div>\n\t\t\t\t\t<\/div>\n\t\t\t\t<\/div>\n\t\t<div class=\"elementor-element elementor-element-b4d2caf e-flex e-con-boxed e-con e-parent\" data-id=\"b4d2caf\" data-element_type=\"container\" data-e-type=\"container\">\n\t\t\t\t\t<div class=\"e-con-inner\">\n\t\t\t\t<div class=\"elementor-element elementor-element-c15904b elementor-invisible elementor-widget elementor-widget-text-editor\" data-id=\"c15904b\" data-element_type=\"widget\" data-e-type=\"widget\" data-settings=\"{&quot;_animation&quot;:&quot;fadeInDown&quot;}\" data-widget_type=\"text-editor.default\">\n\t\t\t\t<div class=\"elementor-widget-container\">\n\t\t\t\t\t\t\t\t\t<p style=\"text-align: center;\">AGUINALDO COLPEIN 2024 &#8211; VEREDA CHAUTA<\/p>\t\t\t\t\t\t\t\t<\/div>\n\t\t\t\t<\/div>\n\t\t\t\t\t<\/div>\n\t\t\t\t<\/div>\n\t\t<div class=\"elementor-element elementor-element-d0d3d16 e-flex e-con-boxed e-con e-parent\" data-id=\"d0d3d16\" data-element_type=\"container\" data-e-type=\"container\" data-settings=\"{&quot;background_background&quot;:&quot;slideshow&quot;,&quot;background_slideshow_gallery&quot;:[{&quot;id&quot;:3131,&quot;url&quot;:&quot;https:\\\/\\\/colegiopedagogicoingles.edu.co\\\/web\\\/wp-content\\\/uploads\\\/2024\\\/12\\\/WhatsApp-Image-2024-12-15-at-14.09.12-1.jpeg&quot;},{&quot;id&quot;:3133,&quot;url&quot;:&quot;https:\\\/\\\/colegiopedagogicoingles.edu.co\\\/web\\\/wp-content\\\/uploads\\\/2024\\\/12\\\/WhatsApp-Image-2024-12-15-at-14.09.14.jpeg&quot;},{&quot;id&quot;:3134,&quot;url&quot;:&quot;https:\\\/\\\/colegiopedagogicoingles.edu.co\\\/web\\\/wp-content\\\/uploads\\\/2024\\\/12\\\/WhatsApp-Image-2024-12-15-at-14.09.14-1.jpeg&quot;},{&quot;id&quot;:3135,&quot;url&quot;:&quot;https:\\\/\\\/colegiopedagogicoingles.edu.co\\\/web\\\/wp-content\\\/uploads\\\/2024\\\/12\\\/WhatsApp-Image-2024-12-15-at-14.09.15-e1734292407960.jpeg&quot;},{&quot;id&quot;:3136,&quot;url&quot;:&quot;https:\\\/\\\/colegiopedagogicoingles.edu.co\\\/web\\\/wp-content\\\/uploads\\\/2024\\\/12\\\/WhatsApp-Image-2024-12-15-at-14.09.15-1-e1734292345498.jpeg&quot;},{&quot;id&quot;:3137,&quot;url&quot;:&quot;https:\\\/\\\/colegiopedagogicoingles.edu.co\\\/web\\\/wp-content\\\/uploads\\\/2024\\\/12\\\/WhatsApp-Image-2024-12-15-at-14.09.16.jpeg&quot;},{&quot;id&quot;:3138,&quot;url&quot;:&quot;https:\\\/\\\/colegiopedagogicoingles.edu.co\\\/web\\\/wp-content\\\/uploads\\\/2024\\\/12\\\/WhatsApp-Image-2024-12-15-at-14.09.16-1.jpeg&quot;},{&quot;id&quot;:3139,&quot;url&quot;:&quot;https:\\\/\\\/colegiopedagogicoingles.edu.co\\\/web\\\/wp-content\\\/uploads\\\/2024\\\/12\\\/WhatsApp-Image-2024-12-15-at-14.09.17.jpeg&quot;},{&quot;id&quot;:3140,&quot;url&quot;:&quot;https:\\\/\\\/colegiopedagogicoingles.edu.co\\\/web\\\/wp-content\\\/uploads\\\/2024\\\/12\\\/WhatsApp-Image-2024-12-15-at-14.09.17-1.jpeg&quot;},{&quot;id&quot;:3141,&quot;url&quot;:&quot;https:\\\/\\\/colegiopedagogicoingles.edu.co\\\/web\\\/wp-content\\\/uploads\\\/2024\\\/12\\\/WhatsApp-Image-2024-12-15-at-14.09.20.jpeg&quot;},{&quot;id&quot;:3142,&quot;url&quot;:&quot;https:\\\/\\\/colegiopedagogicoingles.edu.co\\\/web\\\/wp-content\\\/uploads\\\/2024\\\/12\\\/WhatsApp-Image-2024-12-15-at-14.09.23.jpeg&quot;}],&quot;background_slideshow_slide_duration&quot;:1000,&quot;shape_divider_top&quot;:&quot;opacity-tilt&quot;,&quot;background_slideshow_loop&quot;:&quot;yes&quot;,&quot;background_slideshow_slide_transition&quot;:&quot;fade&quot;,&quot;background_slideshow_transition_duration&quot;:500}\">\n\t\t\t\t\t<div class=\"e-con-inner\">\n\t\t\t\t<div class=\"elementor-shape elementor-shape-top\" aria-hidden=\"true\" data-negative=\"false\">\n\t\t\t<svg xmlns=\"http:\/\/www.w3.org\/2000\/svg\" viewBox=\"0 0 2600 131.1\" preserveAspectRatio=\"none\">\n\t<path class=\"elementor-shape-fill\" d=\"M0 0L2600 0 2600 69.1 0 0z\"\/>\n\t<path class=\"elementor-shape-fill\" style=\"opacity:0.5\" d=\"M0 0L2600 0 2600 69.1 0 69.1z\"\/>\n\t<path class=\"elementor-shape-fill\" style=\"opacity:0.25\" d=\"M2600 0L0 0 0 130.1 2600 69.1z\"\/>\n<\/svg>\t\t<\/div>\n\t\t\t\t\t<\/div>\n\t\t\t\t<\/div>\n\t\t<div class=\"elementor-element elementor-element-a09798c e-flex e-con-boxed e-con e-parent\" data-id=\"a09798c\" data-element_type=\"container\" data-e-type=\"container\">\n\t\t\t\t\t<div class=\"e-con-inner\">\n\t\t\t\t<div class=\"elementor-element elementor-element-73c03e1 elementor-invisible elementor-widget elementor-widget-text-editor\" data-id=\"73c03e1\" data-element_type=\"widget\" data-e-type=\"widget\" data-settings=\"{&quot;_animation&quot;:&quot;fadeInUp&quot;}\" data-widget_type=\"text-editor.default\">\n\t\t\t\t<div class=\"elementor-widget-container\">\n\t\t\t\t\t\t\t\t\t<p style=\"text-align: center;\">AGUINALDO COLPEIN 2024 &#8211; VEREDA CARRASQUILLA<\/p>\t\t\t\t\t\t\t\t<\/div>\n\t\t\t\t<\/div>\n\t\t\t\t\t<\/div>\n\t\t\t\t<\/div>\n\t\t<div class=\"elementor-element elementor-element-306afa7 e-flex e-con-boxed e-con e-parent\" data-id=\"306afa7\" data-element_type=\"container\" data-e-type=\"container\">\n\t\t\t\t\t<div class=\"e-con-inner\">\n\t\t\t\t<div class=\"elementor-element elementor-element-1a03098 e-transform elementor-invisible elementor-widget elementor-widget-text-editor\" data-id=\"1a03098\" data-element_type=\"widget\" data-e-type=\"widget\" data-settings=\"{&quot;_animation&quot;:&quot;fadeInUp&quot;,&quot;_transform_rotateZ_effect&quot;:{&quot;unit&quot;:&quot;px&quot;,&quot;size&quot;:0,&quot;sizes&quot;:[]},&quot;_transform_rotateZ_effect_tablet&quot;:{&quot;unit&quot;:&quot;deg&quot;,&quot;size&quot;:&quot;&quot;,&quot;sizes&quot;:[]},&quot;_transform_rotateZ_effect_mobile&quot;:{&quot;unit&quot;:&quot;deg&quot;,&quot;size&quot;:&quot;&quot;,&quot;sizes&quot;:[]}}\" data-widget_type=\"text-editor.default\">\n\t\t\t\t<div class=\"elementor-widget-container\">\n\t\t\t\t\t\t\t\t\t<p style=\"text-align: center;\">El Aguinaldo Navide\u00f1o es una tradici\u00f3n que, m\u00e1s all\u00e1 de un acto simb\u00f3lico, representa un gesto de solidaridad, generosidad y compromiso con los m\u00e1s necesitados. Para el Colegio Pedag\u00f3gico Ingl\u00e9s COLPEIN, compartir con los ni\u00f1os, ni\u00f1as y comunidades de bajos recursos en esta \u00e9poca navide\u00f1a es un acto que refuerza nuestros valores fundamentales: el respeto, la empat\u00eda y la cooperaci\u00f3n.<\/p>\t\t\t\t\t\t\t\t<\/div>\n\t\t\t\t<\/div>\n\t\t\t\t\t<\/div>\n\t\t\t\t<\/div>\n\t\t\t\t<\/div>\n\t\t","protected":false},"excerpt":{"rendered":"<p>[et_pb_section admin_label=\u00bbsection\u00bb] [et_pb_row admin_label=\u00bbrow\u00bb] [et_pb_column type=\u00bb4_4&#8243;][\/et_pb_column] [\/et_pb_row] [\/et_pb_section] AGUINALDO NAVIDE\u00d1O COLPEIN \u00a1Feliz Navidad!\u00a0 Ni\u00f1os y Ni\u00f1as del Colegio Pedag\u00f3gico Ingl\u00e9s COLPEIN y comunidad de Sabana de Occidente En estas fiestas tan especiales, el Colegio Pedag\u00f3gico Ingl\u00e9s COLPEIN se llena de alegr\u00eda y amor para compartir con nuestros queridos estudiantes y en comunidad el esp\u00edritu navide\u00f1o. [&hellip;]<\/p>\n","protected":false},"author":1,"featured_media":0,"parent":0,"menu_order":0,"comment_status":"closed","ping_status":"closed","template":"","meta":{"_et_pb_use_builder":"on","_et_pb_old_content":"","_et_gb_content_width":"","_uag_custom_page_level_css":"","_joinchat":[],"footnotes":""},"class_list":["post-2934","page","type-page","status-publish","hentry"],"uagb_featured_image_src":{"full":false,"thumbnail":false,"medium":false,"medium_large":false,"large":false,"1536x1536":false,"2048x2048":false,"et-pb-post-main-image":false,"et-pb-post-main-image-fullwidth":false,"et-pb-portfolio-image":false,"et-pb-portfolio-module-image":false,"et-pb-portfolio-image-single":false,"et-pb-gallery-module-image-portrait":false,"et-pb-post-main-image-fullwidth-large":false,"et-pb-image--responsive--desktop":false,"et-pb-image--responsive--tablet":false,"et-pb-image--responsive--phone":false},"uagb_author_info":{"display_name":"admin","author_link":"https:\/\/colegiopedagogicoingles.edu.co\/web\/author\/admin\/"},"uagb_comment_info":0,"uagb_excerpt":"[et_pb_section admin_label=\u00bbsection\u00bb] [et_pb_row admin_label=\u00bbrow\u00bb] [et_pb_column type=\u00bb4_4&#8243;][\/et_pb_column] [\/et_pb_row] [\/et_pb_section] AGUINALDO NAVIDE\u00d1O COLPEIN \u00a1Feliz Navidad!\u00a0 Ni\u00f1os y Ni\u00f1as del Colegio Pedag\u00f3gico Ingl\u00e9s COLPEIN y comunidad de Sabana de Occidente En estas fiestas tan especiales, el Colegio Pedag\u00f3gico Ingl\u00e9s COLPEIN se llena de alegr\u00eda y amor para compartir con nuestros queridos estudiantes y en comunidad el esp\u00edritu navide\u00f1o.&hellip;","_links":{"self":[{"href":"https:\/\/colegiopedagogicoingles.edu.co\/web\/wp-json\/wp\/v2\/pages\/2934","targetHints":{"allow":["GET"]}}],"collection":[{"href":"https:\/\/colegiopedagogicoingles.edu.co\/web\/wp-json\/wp\/v2\/pages"}],"about":[{"href":"https:\/\/colegiopedagogicoingles.edu.co\/web\/wp-json\/wp\/v2\/types\/page"}],"author":[{"embeddable":true,"href":"https:\/\/colegiopedagogicoingles.edu.co\/web\/wp-json\/wp\/v2\/users\/1"}],"replies":[{"embeddable":true,"href":"https:\/\/colegiopedagogicoingles.edu.co\/web\/wp-json\/wp\/v2\/comments?post=2934"}],"version-history":[{"count":120,"href":"https:\/\/colegiopedagogicoingles.edu.co\/web\/wp-json\/wp\/v2\/pages\/2934\/revisions"}],"predecessor-version":[{"id":3196,"href":"https:\/\/colegiopedagogicoingles.edu.co\/web\/wp-json\/wp\/v2\/pages\/2934\/revisions\/3196"}],"wp:attachment":[{"href":"https:\/\/colegiopedagogicoingles.edu.co\/web\/wp-json\/wp\/v2\/media?parent=2934"}],"curies":[{"name":"wp","href":"https:\/\/api.w.org\/{rel}","templated":true}]}}