{"id":2577,"date":"2024-11-08T17:37:00","date_gmt":"2024-11-08T22:37:00","guid":{"rendered":"https:\/\/colegiopedagogicoingles.edu.co\/web\/?page_id=2577"},"modified":"2024-11-10T15:48:58","modified_gmt":"2024-11-10T20:48:58","slug":"halloween","status":"publish","type":"page","link":"https:\/\/colegiopedagogicoingles.edu.co\/web\/halloween\/","title":{"rendered":"Halloween"},"content":{"rendered":"\t\t<div data-elementor-type=\"wp-page\" data-elementor-id=\"2577\" class=\"elementor elementor-2577\">\n\t\t\t\t<div class=\"elementor-element elementor-element-18bcd07 e-con-full e-flex e-con e-parent\" data-id=\"18bcd07\" data-element_type=\"container\" data-e-type=\"container\" data-settings=\"{&quot;background_background&quot;:&quot;classic&quot;}\">\n\t\t\t\t<\/div>\n\t\t<div class=\"elementor-element elementor-element-f89cbb1 e-flex e-con-boxed e-con e-parent\" data-id=\"f89cbb1\" data-element_type=\"container\" data-e-type=\"container\">\n\t\t\t\t\t<div class=\"e-con-inner\">\n\t\t<div class=\"elementor-element elementor-element-a6d5466 e-con-full e-flex e-con e-child\" data-id=\"a6d5466\" data-element_type=\"container\" data-e-type=\"container\">\n\t\t<div class=\"elementor-element elementor-element-25d5c0f e-con-full e-flex e-con e-child\" data-id=\"25d5c0f\" data-element_type=\"container\" data-e-type=\"container\">\n\t\t\t\t<div class=\"elementor-element elementor-element-11c8352 elementor-widget elementor-widget-heading\" data-id=\"11c8352\" data-element_type=\"widget\" data-e-type=\"widget\" data-widget_type=\"heading.default\">\n\t\t\t\t<div class=\"elementor-widget-container\">\n\t\t\t\t\t<h2 class=\"elementor-heading-title elementor-size-default\">Halloween<\/h2>\t\t\t\t<\/div>\n\t\t\t\t<\/div>\n\t\t\t\t<div class=\"elementor-element elementor-element-d1b23fc elementor-widget elementor-widget-text-editor\" data-id=\"d1b23fc\" data-element_type=\"widget\" data-e-type=\"widget\" data-widget_type=\"text-editor.default\">\n\t\t\t\t<div class=\"elementor-widget-container\">\n\t\t\t\t\t\t\t\t\t<p style=\"text-align: center;\">En el Colegio Pedag\u00f3gico INGL\u00c9S COLPEIN estimulamos la creatividad y la imaginaci\u00f3n de los estudiantes, permiti\u00e9ndoles disfrutar de una jornada diferente donde el juego y la fantas\u00eda son protagonistas. Adem\u00e1s, buscamos fortalecer el sentido de pertenencia al colegio a trav\u00e9s de actividades l\u00fadicas y festivas.<\/p><p style=\"text-align: center;\"><em>\u00abUn d\u00eda m\u00e1gico donde cada disfraz cuenta una historia y cada sonrisa ilumina el colegio.\u00bb<\/em><\/p><p style=\"text-align: center;\">La celebraci\u00f3n de Halloween en COLPEIN es un evento lleno de color y diversi\u00f3n. Los estudiantes tienen la oportunidad de convertirse en sus personajes favoritos, participar en desfiles de disfraces, y disfrutar de juegos y concursos dise\u00f1ados especialmente para ellos. Este evento no solo permite la expresi\u00f3n creativa, sino que tambi\u00e9n refuerza los lazos de amistad y el esp\u00edritu de comunidad en el colegio.<\/p>\t\t\t\t\t\t\t\t<\/div>\n\t\t\t\t<\/div>\n\t\t\t\t<\/div>\n\t\t\t\t<div class=\"elementor-element elementor-element-a975b6d elementor-arrows-position-inside elementor-pagination-position-outside elementor-widget elementor-widget-image-carousel\" data-id=\"a975b6d\" data-element_type=\"widget\" data-e-type=\"widget\" data-settings=\"{&quot;navigation&quot;:&quot;both&quot;,&quot;autoplay&quot;:&quot;yes&quot;,&quot;pause_on_hover&quot;:&quot;yes&quot;,&quot;pause_on_interaction&quot;:&quot;yes&quot;,&quot;autoplay_speed&quot;:5000,&quot;infinite&quot;:&quot;yes&quot;,&quot;speed&quot;:500,&quot;image_spacing_custom&quot;:{&quot;unit&quot;:&quot;px&quot;,&quot;size&quot;:20,&quot;sizes&quot;:[]},&quot;image_spacing_custom_tablet&quot;:{&quot;unit&quot;:&quot;px&quot;,&quot;size&quot;:&quot;&quot;,&quot;sizes&quot;:[]},&quot;image_spacing_custom_mobile&quot;:{&quot;unit&quot;:&quot;px&quot;,&quot;size&quot;:&quot;&quot;,&quot;sizes&quot;:[]}}\" data-widget_type=\"image-carousel.default\">\n\t\t\t\t<div class=\"elementor-widget-container\">\n\t\t\t\t\t\t\t<div class=\"elementor-image-carousel-wrapper swiper\" role=\"region\" aria-roledescription=\"carousel\" aria-label=\"Carrusel de im\u00e1genes\" dir=\"ltr\">\n\t\t\t<div class=\"elementor-image-carousel swiper-wrapper\" aria-live=\"off\">\n\t\t\t\t\t\t\t\t<div class=\"swiper-slide\" role=\"group\" aria-roledescription=\"slide\" aria-label=\"1 de 4\"><figure class=\"swiper-slide-inner\"><img decoding=\"async\" class=\"swiper-slide-image\" src=\"https:\/\/colegiopedagogicoingles.edu.co\/web\/wp-content\/uploads\/elementor\/thumbs\/WhatsApp-Image-2024-11-08-at-5.37.32-PM-1-qwry59ukyhaxjhqrmq8rjmkiu7z4jzlxrreauizi8g.jpeg\" alt=\"WhatsApp Image 2024-11-08 at 5.37.32 PM (1)\" \/><\/figure><\/div><div class=\"swiper-slide\" role=\"group\" aria-roledescription=\"slide\" aria-label=\"2 de 4\"><figure class=\"swiper-slide-inner\"><img decoding=\"async\" class=\"swiper-slide-image\" src=\"https:\/\/colegiopedagogicoingles.edu.co\/web\/wp-content\/uploads\/elementor\/thumbs\/WhatsApp-Image-2024-11-08-at-5.37.32-PM-2-qwry57ywkt8cw9thxpfien1lng8e4leh3i3bvz2akw.jpeg\" alt=\"WhatsApp Image 2024-11-08 at 5.37.32 PM (2)\" \/><\/figure><\/div><div class=\"swiper-slide\" role=\"group\" aria-roledescription=\"slide\" aria-label=\"3 de 4\"><figure class=\"swiper-slide-inner\"><img decoding=\"async\" class=\"swiper-slide-image\" src=\"https:\/\/colegiopedagogicoingles.edu.co\/web\/wp-content\/uploads\/elementor\/thumbs\/WhatsApp-Image-2024-11-08-at-5.37.32-PM-3-qwry5638755s91w88om99niogohnp770f8scxf52xc.jpeg\" alt=\"WhatsApp Image 2024-11-08 at 5.37.32 PM (3)\" \/><\/figure><\/div><div class=\"swiper-slide\" role=\"group\" aria-roledescription=\"slide\" aria-label=\"4 de 4\"><figure class=\"swiper-slide-inner\"><img decoding=\"async\" class=\"swiper-slide-image\" src=\"https:\/\/colegiopedagogicoingles.edu.co\/web\/wp-content\/uploads\/elementor\/thumbs\/WhatsApp-Image-2024-11-08-at-5.37.32-PM-4-qwry547jth37ltyyjnt04nzr9wqx9szjqzhdyv7v9s.jpeg\" alt=\"WhatsApp Image 2024-11-08 at 5.37.32 PM (4)\" \/><\/figure><\/div>\t\t\t<\/div>\n\t\t\t\t\t\t\t\t\t\t\t\t<div class=\"elementor-swiper-button elementor-swiper-button-prev\" role=\"button\" tabindex=\"0\">\n\t\t\t\t\t\t<svg aria-hidden=\"true\" class=\"e-font-icon-svg e-eicon-chevron-left\" viewBox=\"0 0 1000 1000\" xmlns=\"http:\/\/www.w3.org\/2000\/svg\"><path d=\"M646 125C629 125 613 133 604 142L308 442C296 454 292 471 292 487 292 504 296 521 308 533L604 854C617 867 629 875 646 875 663 875 679 871 692 858 704 846 713 829 713 812 713 796 708 779 692 767L438 487 692 225C700 217 708 204 708 187 708 171 704 154 692 142 675 129 663 125 646 125Z\"><\/path><\/svg>\t\t\t\t\t<\/div>\n\t\t\t\t\t<div class=\"elementor-swiper-button elementor-swiper-button-next\" role=\"button\" tabindex=\"0\">\n\t\t\t\t\t\t<svg aria-hidden=\"true\" class=\"e-font-icon-svg e-eicon-chevron-right\" viewBox=\"0 0 1000 1000\" xmlns=\"http:\/\/www.w3.org\/2000\/svg\"><path d=\"M696 533C708 521 713 504 713 487 713 471 708 454 696 446L400 146C388 133 375 125 354 125 338 125 325 129 313 142 300 154 292 171 292 187 292 204 296 221 308 233L563 492 304 771C292 783 288 800 288 817 288 833 296 850 308 863 321 871 338 875 354 875 371 875 388 867 400 854L696 533Z\"><\/path><\/svg>\t\t\t\t\t<\/div>\n\t\t\t\t\n\t\t\t\t\t\t\t\t\t<div class=\"swiper-pagination\"><\/div>\n\t\t\t\t\t\t\t\t\t<\/div>\n\t\t\t\t\t\t<\/div>\n\t\t\t\t<\/div>\n\t\t\t\t<\/div>\n\t\t\t\t\t<\/div>\n\t\t\t\t<\/div>\n\t\t\t\t<\/div>\n\t\t","protected":false},"excerpt":{"rendered":"<p>Halloween En el Colegio Pedag\u00f3gico INGL\u00c9S COLPEIN estimulamos la creatividad y la imaginaci\u00f3n de los estudiantes, permiti\u00e9ndoles disfrutar de una jornada diferente donde el juego y la fantas\u00eda son protagonistas. Adem\u00e1s, buscamos fortalecer el sentido de pertenencia al colegio a trav\u00e9s de actividades l\u00fadicas y festivas. \u00abUn d\u00eda m\u00e1gico donde cada disfraz cuenta una historia [&hellip;]<\/p>\n","protected":false},"author":1,"featured_media":0,"parent":0,"menu_order":0,"comment_status":"closed","ping_status":"closed","template":"elementor_header_footer","meta":{"_et_pb_use_builder":"","_et_pb_old_content":"","_et_gb_content_width":"1080","_uag_custom_page_level_css":"","_joinchat":[],"footnotes":""},"class_list":["post-2577","page","type-page","status-publish","hentry"],"uagb_featured_image_src":{"full":false,"thumbnail":false,"medium":false,"medium_large":false,"large":false,"1536x1536":false,"2048x2048":false,"et-pb-post-main-image":false,"et-pb-post-main-image-fullwidth":false,"et-pb-portfolio-image":false,"et-pb-portfolio-module-image":false,"et-pb-portfolio-image-single":false,"et-pb-gallery-module-image-portrait":false,"et-pb-post-main-image-fullwidth-large":false,"et-pb-image--responsive--desktop":false,"et-pb-image--responsive--tablet":false,"et-pb-image--responsive--phone":false},"uagb_author_info":{"display_name":"admin","author_link":"https:\/\/colegiopedagogicoingles.edu.co\/web\/author\/admin\/"},"uagb_comment_info":0,"uagb_excerpt":"Halloween En el Colegio Pedag\u00f3gico INGL\u00c9S COLPEIN estimulamos la creatividad y la imaginaci\u00f3n de los estudiantes, permiti\u00e9ndoles disfrutar de una jornada diferente donde el juego y la fantas\u00eda son protagonistas. Adem\u00e1s, buscamos fortalecer el sentido de pertenencia al colegio a trav\u00e9s de actividades l\u00fadicas y festivas. \u00abUn d\u00eda m\u00e1gico donde cada disfraz cuenta una historia&hellip;","_links":{"self":[{"href":"https:\/\/colegiopedagogicoingles.edu.co\/web\/wp-json\/wp\/v2\/pages\/2577","targetHints":{"allow":["GET"]}}],"collection":[{"href":"https:\/\/colegiopedagogicoingles.edu.co\/web\/wp-json\/wp\/v2\/pages"}],"about":[{"href":"https:\/\/colegiopedagogicoingles.edu.co\/web\/wp-json\/wp\/v2\/types\/page"}],"author":[{"embeddable":true,"href":"https:\/\/colegiopedagogicoingles.edu.co\/web\/wp-json\/wp\/v2\/users\/1"}],"replies":[{"embeddable":true,"href":"https:\/\/colegiopedagogicoingles.edu.co\/web\/wp-json\/wp\/v2\/comments?post=2577"}],"version-history":[{"count":8,"href":"https:\/\/colegiopedagogicoingles.edu.co\/web\/wp-json\/wp\/v2\/pages\/2577\/revisions"}],"predecessor-version":[{"id":2720,"href":"https:\/\/colegiopedagogicoingles.edu.co\/web\/wp-json\/wp\/v2\/pages\/2577\/revisions\/2720"}],"wp:attachment":[{"href":"https:\/\/colegiopedagogicoingles.edu.co\/web\/wp-json\/wp\/v2\/media?parent=2577"}],"curies":[{"name":"wp","href":"https:\/\/api.w.org\/{rel}","templated":true}]}}