{"id":1965,"date":"2024-10-08T22:30:02","date_gmt":"2024-10-09T03:30:02","guid":{"rendered":"https:\/\/colegiopedagogicoingles.edu.co\/web\/?page_id=1965"},"modified":"2024-11-10T15:16:25","modified_gmt":"2024-11-10T20:16:25","slug":"feria-empresarial","status":"publish","type":"page","link":"https:\/\/colegiopedagogicoingles.edu.co\/web\/feria-empresarial\/","title":{"rendered":"FERIA EMPRESARIAL"},"content":{"rendered":"\t\t<div data-elementor-type=\"wp-page\" data-elementor-id=\"1965\" class=\"elementor elementor-1965\">\n\t\t\t\t<div class=\"elementor-element elementor-element-d7848e1 e-flex e-con-boxed e-con e-parent\" data-id=\"d7848e1\" data-element_type=\"container\" data-e-type=\"container\" data-settings=\"{&quot;background_background&quot;:&quot;slideshow&quot;,&quot;background_slideshow_gallery&quot;:[{&quot;id&quot;:2653,&quot;url&quot;:&quot;https:\\\/\\\/colegiopedagogicoingles.edu.co\\\/web\\\/wp-content\\\/uploads\\\/2024\\\/11\\\/d19e2491-ff17-46b3-bb83-c0ec954773b1-scaled.jpg&quot;},{&quot;id&quot;:2654,&quot;url&quot;:&quot;https:\\\/\\\/colegiopedagogicoingles.edu.co\\\/web\\\/wp-content\\\/uploads\\\/2024\\\/11\\\/057f9b49-0c8e-4b89-b772-b65bb823d43a-scaled.jpg&quot;},{&quot;id&quot;:2651,&quot;url&quot;:&quot;https:\\\/\\\/colegiopedagogicoingles.edu.co\\\/web\\\/wp-content\\\/uploads\\\/2024\\\/11\\\/ab81a8c7-5908-491d-b22b-3d8d82207405-scaled.jpg&quot;},{&quot;id&quot;:2655,&quot;url&quot;:&quot;https:\\\/\\\/colegiopedagogicoingles.edu.co\\\/web\\\/wp-content\\\/uploads\\\/2024\\\/11\\\/76082d3d-d4d6-46ef-9aba-ffeb3754270d-scaled.jpg&quot;}],&quot;background_slideshow_slide_duration&quot;:2000,&quot;background_slideshow_loop&quot;:&quot;yes&quot;,&quot;background_slideshow_slide_transition&quot;:&quot;fade&quot;,&quot;background_slideshow_transition_duration&quot;:500}\">\n\t\t\t\t\t<div class=\"e-con-inner\">\n\t\t\t\t\t<\/div>\n\t\t\t\t<\/div>\n\t\t<div class=\"elementor-element elementor-element-5133933 e-flex e-con-boxed e-con e-parent\" data-id=\"5133933\" data-element_type=\"container\" data-e-type=\"container\">\n\t\t\t\t\t<div class=\"e-con-inner\">\n\t\t\t\t<div class=\"elementor-element elementor-element-25dcb93 elementor-widget elementor-widget-heading\" data-id=\"25dcb93\" data-element_type=\"widget\" data-e-type=\"widget\" data-widget_type=\"heading.default\">\n\t\t\t\t<div class=\"elementor-widget-container\">\n\t\t\t\t\t<h2 class=\"elementor-heading-title elementor-size-default\">Feria Empresarial<\/h2>\t\t\t\t<\/div>\n\t\t\t\t<\/div>\n\t\t\t\t\t<\/div>\n\t\t\t\t<\/div>\n\t\t<div class=\"elementor-element elementor-element-3c95fbf e-flex e-con-boxed e-con e-parent\" data-id=\"3c95fbf\" data-element_type=\"container\" data-e-type=\"container\">\n\t\t\t\t\t<div class=\"e-con-inner\">\n\t\t<div class=\"elementor-element elementor-element-1f2c95f e-con-full e-flex e-con e-child\" data-id=\"1f2c95f\" data-element_type=\"container\" data-e-type=\"container\">\n\t\t\t\t<div class=\"elementor-element elementor-element-11853f8 elementor-widget elementor-widget-text-editor\" data-id=\"11853f8\" data-element_type=\"widget\" data-e-type=\"widget\" data-widget_type=\"text-editor.default\">\n\t\t\t\t<div class=\"elementor-widget-container\">\n\t\t\t\t\t\t\t\t\t<p>En el Colegio Pedag\u00f3gico Ingl\u00e9s promovemos el emprendimiento, considerando el liderazgo y la creatividad, elementos fundamentales en la generaci\u00f3n de abundancia para la comunidad Madrile\u00f1a.<br \/>Somos conscientes del impacto inmediato y a largo plazo de nuestras acciones, por eso acogemos los siguientes objetivos:<\/p>\t\t\t\t\t\t\t\t<\/div>\n\t\t\t\t<\/div>\n\t\t\t\t<div class=\"elementor-element elementor-element-dde1317 elementor-widget elementor-widget-heading\" data-id=\"dde1317\" data-element_type=\"widget\" data-e-type=\"widget\" data-widget_type=\"heading.default\">\n\t\t\t\t<div class=\"elementor-widget-container\">\n\t\t\t\t\t<h2 class=\"elementor-heading-title elementor-size-default\">Objetivos<\/h2>\t\t\t\t<\/div>\n\t\t\t\t<\/div>\n\t\t<div class=\"elementor-element elementor-element-9a8111c e-con-full e-flex e-con e-child\" data-id=\"9a8111c\" data-element_type=\"container\" data-e-type=\"container\">\n\t\t\t\t<div class=\"elementor-element elementor-element-af4f612 elementor-position-inline-start elementor-mobile-position-inline-start elementor-view-default elementor-widget elementor-widget-icon-box\" data-id=\"af4f612\" data-element_type=\"widget\" data-e-type=\"widget\" data-widget_type=\"icon-box.default\">\n\t\t\t\t<div class=\"elementor-widget-container\">\n\t\t\t\t\t\t\t<div class=\"elementor-icon-box-wrapper\">\n\n\t\t\t\t\t\t<div class=\"elementor-icon-box-icon\">\n\t\t\t\t<span  class=\"elementor-icon\">\n\t\t\t\t<svg aria-hidden=\"true\" class=\"e-font-icon-svg e-far-check-square\" viewBox=\"0 0 448 512\" xmlns=\"http:\/\/www.w3.org\/2000\/svg\"><path d=\"M400 32H48C21.49 32 0 53.49 0 80v352c0 26.51 21.49 48 48 48h352c26.51 0 48-21.49 48-48V80c0-26.51-21.49-48-48-48zm0 400H48V80h352v352zm-35.864-241.724L191.547 361.48c-4.705 4.667-12.303 4.637-16.97-.068l-90.781-91.516c-4.667-4.705-4.637-12.303.069-16.971l22.719-22.536c4.705-4.667 12.303-4.637 16.97.069l59.792 60.277 141.352-140.216c4.705-4.667 12.303-4.637 16.97.068l22.536 22.718c4.667 4.706 4.637 12.304-.068 16.971z\"><\/path><\/svg>\t\t\t\t<\/span>\n\t\t\t<\/div>\n\t\t\t\n\t\t\t\t\t\t<div class=\"elementor-icon-box-content\">\n\n\t\t\t\t\n\t\t\t\t\t\t\t\t\t<p class=\"elementor-icon-box-description\">\n\t\t\t\t\t\tFomentar el desarrollo de la cultura y del esp\u00edritu emprendedor en los estudiantes del Colegio Pedag\u00f3gico Ingl\u00e9s.\t\t\t\t\t<\/p>\n\t\t\t\t\n\t\t\t<\/div>\n\t\t\t\n\t\t<\/div>\n\t\t\t\t\t\t<\/div>\n\t\t\t\t<\/div>\n\t\t\t\t<div class=\"elementor-element elementor-element-6c3a431 elementor-position-inline-start elementor-mobile-position-inline-start elementor-view-default elementor-widget elementor-widget-icon-box\" data-id=\"6c3a431\" data-element_type=\"widget\" data-e-type=\"widget\" data-widget_type=\"icon-box.default\">\n\t\t\t\t<div class=\"elementor-widget-container\">\n\t\t\t\t\t\t\t<div class=\"elementor-icon-box-wrapper\">\n\n\t\t\t\t\t\t<div class=\"elementor-icon-box-icon\">\n\t\t\t\t<span  class=\"elementor-icon\">\n\t\t\t\t<svg aria-hidden=\"true\" class=\"e-font-icon-svg e-far-check-square\" viewBox=\"0 0 448 512\" xmlns=\"http:\/\/www.w3.org\/2000\/svg\"><path d=\"M400 32H48C21.49 32 0 53.49 0 80v352c0 26.51 21.49 48 48 48h352c26.51 0 48-21.49 48-48V80c0-26.51-21.49-48-48-48zm0 400H48V80h352v352zm-35.864-241.724L191.547 361.48c-4.705 4.667-12.303 4.637-16.97-.068l-90.781-91.516c-4.667-4.705-4.637-12.303.069-16.971l22.719-22.536c4.705-4.667 12.303-4.637 16.97.069l59.792 60.277 141.352-140.216c4.705-4.667 12.303-4.637 16.97.068l22.536 22.718c4.667 4.706 4.637 12.304-.068 16.971z\"><\/path><\/svg>\t\t\t\t<\/span>\n\t\t\t<\/div>\n\t\t\t\n\t\t\t\t\t\t<div class=\"elementor-icon-box-content\">\n\n\t\t\t\t\n\t\t\t\t\t\t\t\t\t<p class=\"elementor-icon-box-description\">\n\t\t\t\t\t\tSensibilizar sobre la relevancia e importancia que tiene la mentalidad emprendedora en el pa\u00eds y en el mundo.\t\t\t\t\t<\/p>\n\t\t\t\t\n\t\t\t<\/div>\n\t\t\t\n\t\t<\/div>\n\t\t\t\t\t\t<\/div>\n\t\t\t\t<\/div>\n\t\t\t\t<\/div>\n\t\t<div class=\"elementor-element elementor-element-a105b4d e-con-full e-flex e-con e-child\" data-id=\"a105b4d\" data-element_type=\"container\" data-e-type=\"container\">\n\t\t\t\t<div class=\"elementor-element elementor-element-ff10072 elementor-position-inline-start elementor-widget__width-initial elementor-widget-mobile__width-initial elementor-mobile-position-inline-start elementor-view-default elementor-widget elementor-widget-icon-box\" data-id=\"ff10072\" data-element_type=\"widget\" data-e-type=\"widget\" data-widget_type=\"icon-box.default\">\n\t\t\t\t<div class=\"elementor-widget-container\">\n\t\t\t\t\t\t\t<div class=\"elementor-icon-box-wrapper\">\n\n\t\t\t\t\t\t<div class=\"elementor-icon-box-icon\">\n\t\t\t\t<span  class=\"elementor-icon\">\n\t\t\t\t<svg aria-hidden=\"true\" class=\"e-font-icon-svg e-far-check-square\" viewBox=\"0 0 448 512\" xmlns=\"http:\/\/www.w3.org\/2000\/svg\"><path d=\"M400 32H48C21.49 32 0 53.49 0 80v352c0 26.51 21.49 48 48 48h352c26.51 0 48-21.49 48-48V80c0-26.51-21.49-48-48-48zm0 400H48V80h352v352zm-35.864-241.724L191.547 361.48c-4.705 4.667-12.303 4.637-16.97-.068l-90.781-91.516c-4.667-4.705-4.637-12.303.069-16.971l22.719-22.536c4.705-4.667 12.303-4.637 16.97.069l59.792 60.277 141.352-140.216c4.705-4.667 12.303-4.637 16.97.068l22.536 22.718c4.667 4.706 4.637 12.304-.068 16.971z\"><\/path><\/svg>\t\t\t\t<\/span>\n\t\t\t<\/div>\n\t\t\t\n\t\t\t\t\t\t<div class=\"elementor-icon-box-content\">\n\n\t\t\t\t\n\t\t\t\t\t\t\t\t\t<p class=\"elementor-icon-box-description\">\n\t\t\t\t\t\tAyudar a identificar ideas para proyectos productivos que generen la confianza en los estudiantes para proyectarse en las alternativas de emprendimiento intra-empresarial, empresarial y social.\t\t\t\t\t<\/p>\n\t\t\t\t\n\t\t\t<\/div>\n\t\t\t\n\t\t<\/div>\n\t\t\t\t\t\t<\/div>\n\t\t\t\t<\/div>\n\t\t\t\t<div class=\"elementor-element elementor-element-03b1acb elementor-position-inline-start elementor-mobile-position-inline-start elementor-view-default elementor-widget elementor-widget-icon-box\" data-id=\"03b1acb\" data-element_type=\"widget\" data-e-type=\"widget\" data-widget_type=\"icon-box.default\">\n\t\t\t\t<div class=\"elementor-widget-container\">\n\t\t\t\t\t\t\t<div class=\"elementor-icon-box-wrapper\">\n\n\t\t\t\t\t\t<div class=\"elementor-icon-box-icon\">\n\t\t\t\t<span  class=\"elementor-icon\">\n\t\t\t\t<svg aria-hidden=\"true\" class=\"e-font-icon-svg e-far-check-square\" viewBox=\"0 0 448 512\" xmlns=\"http:\/\/www.w3.org\/2000\/svg\"><path d=\"M400 32H48C21.49 32 0 53.49 0 80v352c0 26.51 21.49 48 48 48h352c26.51 0 48-21.49 48-48V80c0-26.51-21.49-48-48-48zm0 400H48V80h352v352zm-35.864-241.724L191.547 361.48c-4.705 4.667-12.303 4.637-16.97-.068l-90.781-91.516c-4.667-4.705-4.637-12.303.069-16.971l22.719-22.536c4.705-4.667 12.303-4.637 16.97.069l59.792 60.277 141.352-140.216c4.705-4.667 12.303-4.637 16.97.068l22.536 22.718c4.667 4.706 4.637 12.304-.068 16.971z\"><\/path><\/svg>\t\t\t\t<\/span>\n\t\t\t<\/div>\n\t\t\t\n\t\t\t\t\t\t<div class=\"elementor-icon-box-content\">\n\n\t\t\t\t\n\t\t\t\t\t\t\t\t\t<p class=\"elementor-icon-box-description\">\n\t\t\t\t\t\tIncentivar el uso de metodolog\u00edas \u00e1giles de investigaci\u00f3n orientadas a identificar las tendencias actuales del consumidor en la comunidad Madrile\u00f1a.\t\t\t\t\t<\/p>\n\t\t\t\t\n\t\t\t<\/div>\n\t\t\t\n\t\t<\/div>\n\t\t\t\t\t\t<\/div>\n\t\t\t\t<\/div>\n\t\t\t\t<\/div>\n\t\t\t\t<\/div>\n\t\t<div class=\"elementor-element elementor-element-2db27e4 e-con-full e-flex e-con e-child\" data-id=\"2db27e4\" data-element_type=\"container\" data-e-type=\"container\">\n\t\t\t\t<div class=\"elementor-element elementor-element-e1d6976 elementor-widget elementor-widget-image\" data-id=\"e1d6976\" data-element_type=\"widget\" data-e-type=\"widget\" data-widget_type=\"image.default\">\n\t\t\t\t<div class=\"elementor-widget-container\">\n\t\t\t\t\t\t\t\t\t\t\t\t\t\t\t<img fetchpriority=\"high\" decoding=\"async\" width=\"768\" height=\"1024\" src=\"https:\/\/colegiopedagogicoingles.edu.co\/web\/wp-content\/uploads\/2024\/10\/29dee6fd-ed9d-4dd2-a473-abd1b3040208-768x1024.jpg\" class=\"attachment-large size-large wp-image-2428\" alt=\"\" \/>\t\t\t\t\t\t\t\t\t\t\t\t\t\t\t<\/div>\n\t\t\t\t<\/div>\n\t\t\t\t<\/div>\n\t\t\t\t\t<\/div>\n\t\t\t\t<\/div>\n\t\t<div class=\"elementor-element elementor-element-21c1b7b e-flex e-con-boxed e-con e-parent\" data-id=\"21c1b7b\" data-element_type=\"container\" data-e-type=\"container\">\n\t\t\t\t\t<div class=\"e-con-inner\">\n\t\t<div class=\"elementor-element elementor-element-92465ce e-con-full e-flex e-con e-child\" data-id=\"92465ce\" data-element_type=\"container\" data-e-type=\"container\">\n\t\t\t\t<div class=\"elementor-element elementor-element-c0753f1 elementor-widget elementor-widget-image\" data-id=\"c0753f1\" data-element_type=\"widget\" data-e-type=\"widget\" data-widget_type=\"image.default\">\n\t\t\t\t<div class=\"elementor-widget-container\">\n\t\t\t\t\t\t\t\t\t\t\t\t\t\t\t<img decoding=\"async\" width=\"768\" height=\"1024\" src=\"https:\/\/colegiopedagogicoingles.edu.co\/web\/wp-content\/uploads\/2024\/10\/WhatsApp-Image-2024-10-21-at-17.10.15-768x1024.jpeg\" class=\"attachment-large size-large wp-image-2427\" alt=\"\" \/>\t\t\t\t\t\t\t\t\t\t\t\t\t\t\t<\/div>\n\t\t\t\t<\/div>\n\t\t\t\t<\/div>\n\t\t<div class=\"elementor-element elementor-element-cb2a482 e-con-full e-flex e-con e-child\" data-id=\"cb2a482\" data-element_type=\"container\" data-e-type=\"container\">\n\t\t\t\t<div class=\"elementor-element elementor-element-4315e29 elementor-widget elementor-widget-heading\" data-id=\"4315e29\" data-element_type=\"widget\" data-e-type=\"widget\" data-widget_type=\"heading.default\">\n\t\t\t\t<div class=\"elementor-widget-container\">\n\t\t\t\t\t<h2 class=\"elementor-heading-title elementor-size-default\">Feria empresarial, Empr\u00e9ndete<\/h2>\t\t\t\t<\/div>\n\t\t\t\t<\/div>\n\t\t\t\t<div class=\"elementor-element elementor-element-a0f188e elementor-widget elementor-widget-text-editor\" data-id=\"a0f188e\" data-element_type=\"widget\" data-e-type=\"widget\" data-widget_type=\"text-editor.default\">\n\t\t\t\t<div class=\"elementor-widget-container\">\n\t\t\t\t\t\t\t\t\t<p>La Feria Empresarial es un evento de car\u00e1cter acad\u00e9mico y comercial que cuenta con la participaci\u00f3n de estudiantes, docentes, graduados, administrativos e invitados externos, cuyo objetivo es el de fomentar la cultura del emprendimiento en la comunidad Colegio Pedag\u00f3gico Ingl\u00e9s.<br \/>En el marco de \u00e9sta Feria se realiza la comercializaci\u00f3n de diferentes productos (bienes y servicios) con algunos eventos culturales y en ella se inscriben diferentes ideas de negocio, clasificados en las categor\u00edas de alimentos, accesorios, bisuter\u00eda, artesan\u00edas, arte country y educaci\u00f3n, entre otras.<br \/>El colegio en general y el \u00e1rea de Emprendimiento en particular, le dan la bienvenida al desarrollo de este evento que se lleva a cabo en el mes de Septiembre en las instalaciones del plantel.<\/p>\t\t\t\t\t\t\t\t<\/div>\n\t\t\t\t<\/div>\n\t\t\t\t<div class=\"elementor-element elementor-element-dadcfcb elementor-widget elementor-widget-image-gallery\" data-id=\"dadcfcb\" data-element_type=\"widget\" data-e-type=\"widget\" data-widget_type=\"image-gallery.default\">\n\t\t\t\t<div class=\"elementor-widget-container\">\n\t\t\t\t\t\t\t<div class=\"elementor-image-gallery\">\n\t\t\t\n\t\t<style type=\"text\/css\">\n\t\t\t#gallery-1 {\n\t\t\t\tmargin: auto;\n\t\t\t}\n\t\t\t#gallery-1 .gallery-item {\n\t\t\t\tfloat: left;\n\t\t\t\tmargin-top: 10px;\n\t\t\t\ttext-align: center;\n\t\t\t\twidth: 33%;\n\t\t\t}\n\t\t\t#gallery-1 img {\n\t\t\t\tborder: 2px solid #cfcfcf;\n\t\t\t}\n\t\t\t#gallery-1 .gallery-caption {\n\t\t\t\tmargin-left: 0;\n\t\t\t}\n\t\t\t\/* see gallery_shortcode() in wp-includes\/media.php *\/\n\t\t<\/style>\n\t\t<div id='gallery-1' class='gallery galleryid-1965 gallery-columns-3 gallery-size-et-pb-portfolio-image'><dl class='gallery-item'>\n\t\t\t<dt class='gallery-icon portrait'>\n\t\t\t\t<a data-elementor-open-lightbox=\"yes\" data-elementor-lightbox-slideshow=\"dadcfcb\" data-elementor-lightbox-title=\"0a935472-4673-4499-b0b5-19835f3de17f\" data-e-action-hash=\"#elementor-action%3Aaction%3Dlightbox%26settings%3DeyJpZCI6MjY2MywidXJsIjoiaHR0cHM6XC9cL2NvbGVnaW9wZWRhZ29naWNvaW5nbGVzLmVkdS5jb1wvd2ViXC93cC1jb250ZW50XC91cGxvYWRzXC8yMDI0XC8xMVwvMGE5MzU0NzItNDY3My00NDk5LWIwYjUtMTk4MzVmM2RlMTdmLXNjYWxlZC5qcGciLCJzbGlkZXNob3ciOiJkYWRjZmNiIn0%3D\" href='https:\/\/colegiopedagogicoingles.edu.co\/web\/wp-content\/uploads\/2024\/11\/0a935472-4673-4499-b0b5-19835f3de17f-scaled.jpg'><img decoding=\"async\" width=\"400\" height=\"284\" src=\"https:\/\/colegiopedagogicoingles.edu.co\/web\/wp-content\/uploads\/2024\/11\/0a935472-4673-4499-b0b5-19835f3de17f-400x284.jpg\" class=\"attachment-et-pb-portfolio-image size-et-pb-portfolio-image\" alt=\"\" \/><\/a>\n\t\t\t<\/dt><\/dl><dl class='gallery-item'>\n\t\t\t<dt class='gallery-icon portrait'>\n\t\t\t\t<a data-elementor-open-lightbox=\"yes\" data-elementor-lightbox-slideshow=\"dadcfcb\" data-elementor-lightbox-title=\"258eade9-0733-401d-bf15-b8a4fa3a9dc6\" data-e-action-hash=\"#elementor-action%3Aaction%3Dlightbox%26settings%3DeyJpZCI6MjY2MSwidXJsIjoiaHR0cHM6XC9cL2NvbGVnaW9wZWRhZ29naWNvaW5nbGVzLmVkdS5jb1wvd2ViXC93cC1jb250ZW50XC91cGxvYWRzXC8yMDI0XC8xMVwvMjU4ZWFkZTktMDczMy00MDFkLWJmMTUtYjhhNGZhM2E5ZGM2LXNjYWxlZC5qcGciLCJzbGlkZXNob3ciOiJkYWRjZmNiIn0%3D\" href='https:\/\/colegiopedagogicoingles.edu.co\/web\/wp-content\/uploads\/2024\/11\/258eade9-0733-401d-bf15-b8a4fa3a9dc6-scaled.jpg'><img loading=\"lazy\" decoding=\"async\" width=\"400\" height=\"284\" src=\"https:\/\/colegiopedagogicoingles.edu.co\/web\/wp-content\/uploads\/2024\/11\/258eade9-0733-401d-bf15-b8a4fa3a9dc6-400x284.jpg\" class=\"attachment-et-pb-portfolio-image size-et-pb-portfolio-image\" alt=\"\" \/><\/a>\n\t\t\t<\/dt><\/dl><dl class='gallery-item'>\n\t\t\t<dt class='gallery-icon portrait'>\n\t\t\t\t<a data-elementor-open-lightbox=\"yes\" data-elementor-lightbox-slideshow=\"dadcfcb\" data-elementor-lightbox-title=\"1824f169-bb5c-4b73-829c-caff9b4d3ccb\" data-e-action-hash=\"#elementor-action%3Aaction%3Dlightbox%26settings%3DeyJpZCI6MjY1OSwidXJsIjoiaHR0cHM6XC9cL2NvbGVnaW9wZWRhZ29naWNvaW5nbGVzLmVkdS5jb1wvd2ViXC93cC1jb250ZW50XC91cGxvYWRzXC8yMDI0XC8xMVwvMTgyNGYxNjktYmI1Yy00YjczLTgyOWMtY2FmZjliNGQzY2NiLXNjYWxlZC5qcGciLCJzbGlkZXNob3ciOiJkYWRjZmNiIn0%3D\" href='https:\/\/colegiopedagogicoingles.edu.co\/web\/wp-content\/uploads\/2024\/11\/1824f169-bb5c-4b73-829c-caff9b4d3ccb-scaled.jpg'><img loading=\"lazy\" decoding=\"async\" width=\"400\" height=\"284\" src=\"https:\/\/colegiopedagogicoingles.edu.co\/web\/wp-content\/uploads\/2024\/11\/1824f169-bb5c-4b73-829c-caff9b4d3ccb-400x284.jpg\" class=\"attachment-et-pb-portfolio-image size-et-pb-portfolio-image\" alt=\"\" \/><\/a>\n\t\t\t<\/dt><\/dl><br style=\"clear: both\" \/><dl class='gallery-item'>\n\t\t\t<dt class='gallery-icon portrait'>\n\t\t\t\t<a data-elementor-open-lightbox=\"yes\" data-elementor-lightbox-slideshow=\"dadcfcb\" data-elementor-lightbox-title=\"93c10744-b53f-4d7c-a47b-162a99bfb52b\" data-e-action-hash=\"#elementor-action%3Aaction%3Dlightbox%26settings%3DeyJpZCI6MjY2MiwidXJsIjoiaHR0cHM6XC9cL2NvbGVnaW9wZWRhZ29naWNvaW5nbGVzLmVkdS5jb1wvd2ViXC93cC1jb250ZW50XC91cGxvYWRzXC8yMDI0XC8xMVwvOTNjMTA3NDQtYjUzZi00ZDdjLWE0N2ItMTYyYTk5YmZiNTJiLXNjYWxlZC5qcGciLCJzbGlkZXNob3ciOiJkYWRjZmNiIn0%3D\" href='https:\/\/colegiopedagogicoingles.edu.co\/web\/wp-content\/uploads\/2024\/11\/93c10744-b53f-4d7c-a47b-162a99bfb52b-scaled.jpg'><img loading=\"lazy\" decoding=\"async\" width=\"400\" height=\"284\" src=\"https:\/\/colegiopedagogicoingles.edu.co\/web\/wp-content\/uploads\/2024\/11\/93c10744-b53f-4d7c-a47b-162a99bfb52b-400x284.jpg\" class=\"attachment-et-pb-portfolio-image size-et-pb-portfolio-image\" alt=\"\" \/><\/a>\n\t\t\t<\/dt><\/dl><dl class='gallery-item'>\n\t\t\t<dt class='gallery-icon portrait'>\n\t\t\t\t<a data-elementor-open-lightbox=\"yes\" data-elementor-lightbox-slideshow=\"dadcfcb\" data-elementor-lightbox-title=\"09fd72b1-5d43-4a69-ac84-a3c0a1cbdb86\" data-e-action-hash=\"#elementor-action%3Aaction%3Dlightbox%26settings%3DeyJpZCI6MjY2MCwidXJsIjoiaHR0cHM6XC9cL2NvbGVnaW9wZWRhZ29naWNvaW5nbGVzLmVkdS5jb1wvd2ViXC93cC1jb250ZW50XC91cGxvYWRzXC8yMDI0XC8xMVwvMDlmZDcyYjEtNWQ0My00YTY5LWFjODQtYTNjMGExY2JkYjg2LXNjYWxlZC5qcGciLCJzbGlkZXNob3ciOiJkYWRjZmNiIn0%3D\" href='https:\/\/colegiopedagogicoingles.edu.co\/web\/wp-content\/uploads\/2024\/11\/09fd72b1-5d43-4a69-ac84-a3c0a1cbdb86-scaled.jpg'><img loading=\"lazy\" decoding=\"async\" width=\"400\" height=\"284\" src=\"https:\/\/colegiopedagogicoingles.edu.co\/web\/wp-content\/uploads\/2024\/11\/09fd72b1-5d43-4a69-ac84-a3c0a1cbdb86-400x284.jpg\" class=\"attachment-et-pb-portfolio-image size-et-pb-portfolio-image\" alt=\"\" \/><\/a>\n\t\t\t<\/dt><\/dl><dl class='gallery-item'>\n\t\t\t<dt class='gallery-icon portrait'>\n\t\t\t\t<a data-elementor-open-lightbox=\"yes\" data-elementor-lightbox-slideshow=\"dadcfcb\" data-elementor-lightbox-title=\"e39e9f1c-5a71-40c5-b4fb-a69d5100a72c\" data-e-action-hash=\"#elementor-action%3Aaction%3Dlightbox%26settings%3DeyJpZCI6MjY2NiwidXJsIjoiaHR0cHM6XC9cL2NvbGVnaW9wZWRhZ29naWNvaW5nbGVzLmVkdS5jb1wvd2ViXC93cC1jb250ZW50XC91cGxvYWRzXC8yMDI0XC8xMVwvZTM5ZTlmMWMtNWE3MS00MGM1LWI0ZmItYTY5ZDUxMDBhNzJjLXNjYWxlZC5qcGciLCJzbGlkZXNob3ciOiJkYWRjZmNiIn0%3D\" href='https:\/\/colegiopedagogicoingles.edu.co\/web\/wp-content\/uploads\/2024\/11\/e39e9f1c-5a71-40c5-b4fb-a69d5100a72c-scaled.jpg'><img loading=\"lazy\" decoding=\"async\" width=\"400\" height=\"284\" src=\"https:\/\/colegiopedagogicoingles.edu.co\/web\/wp-content\/uploads\/2024\/11\/e39e9f1c-5a71-40c5-b4fb-a69d5100a72c-400x284.jpg\" class=\"attachment-et-pb-portfolio-image size-et-pb-portfolio-image\" alt=\"\" \/><\/a>\n\t\t\t<\/dt><\/dl><br style=\"clear: both\" \/><dl class='gallery-item'>\n\t\t\t<dt class='gallery-icon portrait'>\n\t\t\t\t<a data-elementor-open-lightbox=\"yes\" data-elementor-lightbox-slideshow=\"dadcfcb\" data-elementor-lightbox-title=\"c8f5a804-3d24-4d0d-b414-ec2bff499753\" data-e-action-hash=\"#elementor-action%3Aaction%3Dlightbox%26settings%3DeyJpZCI6MjY2OCwidXJsIjoiaHR0cHM6XC9cL2NvbGVnaW9wZWRhZ29naWNvaW5nbGVzLmVkdS5jb1wvd2ViXC93cC1jb250ZW50XC91cGxvYWRzXC8yMDI0XC8xMVwvYzhmNWE4MDQtM2QyNC00ZDBkLWI0MTQtZWMyYmZmNDk5NzUzLXNjYWxlZC5qcGciLCJzbGlkZXNob3ciOiJkYWRjZmNiIn0%3D\" href='https:\/\/colegiopedagogicoingles.edu.co\/web\/wp-content\/uploads\/2024\/11\/c8f5a804-3d24-4d0d-b414-ec2bff499753-scaled.jpg'><img loading=\"lazy\" decoding=\"async\" width=\"400\" height=\"284\" src=\"https:\/\/colegiopedagogicoingles.edu.co\/web\/wp-content\/uploads\/2024\/11\/c8f5a804-3d24-4d0d-b414-ec2bff499753-400x284.jpg\" class=\"attachment-et-pb-portfolio-image size-et-pb-portfolio-image\" alt=\"\" \/><\/a>\n\t\t\t<\/dt><\/dl><dl class='gallery-item'>\n\t\t\t<dt class='gallery-icon landscape'>\n\t\t\t\t<a data-elementor-open-lightbox=\"yes\" data-elementor-lightbox-slideshow=\"dadcfcb\" data-elementor-lightbox-title=\"f5ade621-4db6-402b-b2b9-49802a3d6dd4\" data-e-action-hash=\"#elementor-action%3Aaction%3Dlightbox%26settings%3DeyJpZCI6MjY3MCwidXJsIjoiaHR0cHM6XC9cL2NvbGVnaW9wZWRhZ29naWNvaW5nbGVzLmVkdS5jb1wvd2ViXC93cC1jb250ZW50XC91cGxvYWRzXC8yMDI0XC8xMVwvZjVhZGU2MjEtNGRiNi00MDJiLWIyYjktNDk4MDJhM2Q2ZGQ0LXNjYWxlZC5qcGciLCJzbGlkZXNob3ciOiJkYWRjZmNiIn0%3D\" href='https:\/\/colegiopedagogicoingles.edu.co\/web\/wp-content\/uploads\/2024\/11\/f5ade621-4db6-402b-b2b9-49802a3d6dd4-scaled.jpg'><img loading=\"lazy\" decoding=\"async\" width=\"400\" height=\"284\" src=\"https:\/\/colegiopedagogicoingles.edu.co\/web\/wp-content\/uploads\/2024\/11\/f5ade621-4db6-402b-b2b9-49802a3d6dd4-400x284.jpg\" class=\"attachment-et-pb-portfolio-image size-et-pb-portfolio-image\" alt=\"\" \/><\/a>\n\t\t\t<\/dt><\/dl><dl class='gallery-item'>\n\t\t\t<dt class='gallery-icon portrait'>\n\t\t\t\t<a data-elementor-open-lightbox=\"yes\" data-elementor-lightbox-slideshow=\"dadcfcb\" data-elementor-lightbox-title=\"057f9b49-0c8e-4b89-b772-b65bb823d43a\" data-e-action-hash=\"#elementor-action%3Aaction%3Dlightbox%26settings%3DeyJpZCI6MjY1NCwidXJsIjoiaHR0cHM6XC9cL2NvbGVnaW9wZWRhZ29naWNvaW5nbGVzLmVkdS5jb1wvd2ViXC93cC1jb250ZW50XC91cGxvYWRzXC8yMDI0XC8xMVwvMDU3ZjliNDktMGM4ZS00Yjg5LWI3NzItYjY1YmI4MjNkNDNhLXNjYWxlZC5qcGciLCJzbGlkZXNob3ciOiJkYWRjZmNiIn0%3D\" href='https:\/\/colegiopedagogicoingles.edu.co\/web\/wp-content\/uploads\/2024\/11\/057f9b49-0c8e-4b89-b772-b65bb823d43a-scaled.jpg'><img loading=\"lazy\" decoding=\"async\" width=\"400\" height=\"284\" src=\"https:\/\/colegiopedagogicoingles.edu.co\/web\/wp-content\/uploads\/2024\/11\/057f9b49-0c8e-4b89-b772-b65bb823d43a-400x284.jpg\" class=\"attachment-et-pb-portfolio-image size-et-pb-portfolio-image\" alt=\"\" \/><\/a>\n\t\t\t<\/dt><\/dl><br style=\"clear: both\" \/>\n\t\t<\/div>\n\t\t<\/div>\n\t\t\t\t\t\t<\/div>\n\t\t\t\t<\/div>\n\t\t\t\t<\/div>\n\t\t\t\t\t<\/div>\n\t\t\t\t<\/div>\n\t\t\t\t<\/div>\n\t\t","protected":false},"excerpt":{"rendered":"<p>Feria Empresarial En el Colegio Pedag\u00f3gico Ingl\u00e9s promovemos el emprendimiento, considerando el liderazgo y la creatividad, elementos fundamentales en la generaci\u00f3n de abundancia para la comunidad Madrile\u00f1a.Somos conscientes del impacto inmediato y a largo plazo de nuestras acciones, por eso acogemos los siguientes objetivos: Objetivos Fomentar el desarrollo de la cultura y del esp\u00edritu emprendedor [&hellip;]<\/p>\n","protected":false},"author":1,"featured_media":0,"parent":0,"menu_order":0,"comment_status":"closed","ping_status":"closed","template":"elementor_header_footer","meta":{"_et_pb_use_builder":"","_et_pb_old_content":"","_et_gb_content_width":"","_uag_custom_page_level_css":"","_joinchat":[],"footnotes":""},"class_list":["post-1965","page","type-page","status-publish","hentry"],"uagb_featured_image_src":{"full":false,"thumbnail":false,"medium":false,"medium_large":false,"large":false,"1536x1536":false,"2048x2048":false,"et-pb-post-main-image":false,"et-pb-post-main-image-fullwidth":false,"et-pb-portfolio-image":false,"et-pb-portfolio-module-image":false,"et-pb-portfolio-image-single":false,"et-pb-gallery-module-image-portrait":false,"et-pb-post-main-image-fullwidth-large":false,"et-pb-image--responsive--desktop":false,"et-pb-image--responsive--tablet":false,"et-pb-image--responsive--phone":false},"uagb_author_info":{"display_name":"admin","author_link":"https:\/\/colegiopedagogicoingles.edu.co\/web\/author\/admin\/"},"uagb_comment_info":0,"uagb_excerpt":"Feria Empresarial En el Colegio Pedag\u00f3gico Ingl\u00e9s promovemos el emprendimiento, considerando el liderazgo y la creatividad, elementos fundamentales en la generaci\u00f3n de abundancia para la comunidad Madrile\u00f1a.Somos conscientes del impacto inmediato y a largo plazo de nuestras acciones, por eso acogemos los siguientes objetivos: Objetivos Fomentar el desarrollo de la cultura y del esp\u00edritu emprendedor&hellip;","_links":{"self":[{"href":"https:\/\/colegiopedagogicoingles.edu.co\/web\/wp-json\/wp\/v2\/pages\/1965","targetHints":{"allow":["GET"]}}],"collection":[{"href":"https:\/\/colegiopedagogicoingles.edu.co\/web\/wp-json\/wp\/v2\/pages"}],"about":[{"href":"https:\/\/colegiopedagogicoingles.edu.co\/web\/wp-json\/wp\/v2\/types\/page"}],"author":[{"embeddable":true,"href":"https:\/\/colegiopedagogicoingles.edu.co\/web\/wp-json\/wp\/v2\/users\/1"}],"replies":[{"embeddable":true,"href":"https:\/\/colegiopedagogicoingles.edu.co\/web\/wp-json\/wp\/v2\/comments?post=1965"}],"version-history":[{"count":38,"href":"https:\/\/colegiopedagogicoingles.edu.co\/web\/wp-json\/wp\/v2\/pages\/1965\/revisions"}],"predecessor-version":[{"id":2679,"href":"https:\/\/colegiopedagogicoingles.edu.co\/web\/wp-json\/wp\/v2\/pages\/1965\/revisions\/2679"}],"wp:attachment":[{"href":"https:\/\/colegiopedagogicoingles.edu.co\/web\/wp-json\/wp\/v2\/media?parent=1965"}],"curies":[{"name":"wp","href":"https:\/\/api.w.org\/{rel}","templated":true}]}}