{"id":1949,"date":"2024-10-08T21:47:01","date_gmt":"2024-10-09T02:47:01","guid":{"rendered":"https:\/\/colegiopedagogicoingles.edu.co\/web\/?page_id=1949"},"modified":"2024-11-29T18:13:31","modified_gmt":"2024-11-29T23:13:31","slug":"english-day","status":"publish","type":"page","link":"https:\/\/colegiopedagogicoingles.edu.co\/web\/english-day\/","title":{"rendered":"ENGLISH DAY"},"content":{"rendered":"\t\t<div data-elementor-type=\"wp-page\" data-elementor-id=\"1949\" class=\"elementor elementor-1949\">\n\t\t\t\t<div class=\"elementor-element elementor-element-0de8001 e-flex e-con-boxed e-con e-parent\" data-id=\"0de8001\" data-element_type=\"container\" data-e-type=\"container\" data-settings=\"{&quot;background_background&quot;:&quot;slideshow&quot;,&quot;background_slideshow_gallery&quot;:[{&quot;id&quot;:2432,&quot;url&quot;:&quot;https:\\\/\\\/colegiopedagogicoingles.edu.co\\\/web\\\/wp-content\\\/uploads\\\/2024\\\/10\\\/438119258_957885995798621_2935058749894478030_n.jpg&quot;},{&quot;id&quot;:2792,&quot;url&quot;:&quot;https:\\\/\\\/colegiopedagogicoingles.edu.co\\\/web\\\/wp-content\\\/uploads\\\/2024\\\/11\\\/438108782_958007035786517_7891206454732601267_n.jpg&quot;}],&quot;background_slideshow_slide_duration&quot;:2000,&quot;background_slideshow_loop&quot;:&quot;yes&quot;,&quot;background_slideshow_slide_transition&quot;:&quot;fade&quot;,&quot;background_slideshow_transition_duration&quot;:500}\">\n\t\t\t\t\t<div class=\"e-con-inner\">\n\t\t\t\t\t<\/div>\n\t\t\t\t<\/div>\n\t\t<div class=\"elementor-element elementor-element-37d5e05 e-flex e-con-boxed e-con e-parent\" data-id=\"37d5e05\" data-element_type=\"container\" data-e-type=\"container\">\n\t\t\t\t\t<div class=\"e-con-inner\">\n\t\t\t\t<div class=\"elementor-element elementor-element-e62308a elementor-widget elementor-widget-heading\" data-id=\"e62308a\" data-element_type=\"widget\" data-e-type=\"widget\" data-widget_type=\"heading.default\">\n\t\t\t\t<div class=\"elementor-widget-container\">\n\t\t\t\t\t<h2 class=\"elementor-heading-title elementor-size-default\">English Day<\/h2>\t\t\t\t<\/div>\n\t\t\t\t<\/div>\n\t\t\t\t\t<\/div>\n\t\t\t\t<\/div>\n\t\t<div class=\"elementor-element elementor-element-d12563c e-flex e-con-boxed e-con e-parent\" data-id=\"d12563c\" data-element_type=\"container\" data-e-type=\"container\">\n\t\t\t\t\t<div class=\"e-con-inner\">\n\t\t<div class=\"elementor-element elementor-element-420f0e7 e-con-full e-flex e-con e-child\" data-id=\"420f0e7\" data-element_type=\"container\" data-e-type=\"container\">\n\t\t\t\t<div class=\"elementor-element elementor-element-67c0262 elementor-widget elementor-widget-image\" data-id=\"67c0262\" data-element_type=\"widget\" data-e-type=\"widget\" data-widget_type=\"image.default\">\n\t\t\t\t<div class=\"elementor-widget-container\">\n\t\t\t\t\t\t\t\t\t\t\t\t\t\t\t<img fetchpriority=\"high\" decoding=\"async\" width=\"960\" height=\"540\" src=\"https:\/\/colegiopedagogicoingles.edu.co\/web\/wp-content\/uploads\/2020\/10\/ED1.jpg\" class=\"attachment-large size-large wp-image-648\" alt=\"\" srcset=\"https:\/\/colegiopedagogicoingles.edu.co\/web\/wp-content\/uploads\/2020\/10\/ED1.jpg 960w, https:\/\/colegiopedagogicoingles.edu.co\/web\/wp-content\/uploads\/2020\/10\/ED1-480x270.jpg 480w\" sizes=\"(min-width: 0px) and (max-width: 480px) 480px, (min-width: 481px) 960px, 100vw\" \/>\t\t\t\t\t\t\t\t\t\t\t\t\t\t\t<\/div>\n\t\t\t\t<\/div>\n\t\t\t\t<\/div>\n\t\t<div class=\"elementor-element elementor-element-68e9751 e-con-full e-flex e-con e-child\" data-id=\"68e9751\" data-element_type=\"container\" data-e-type=\"container\">\n\t\t\t\t<div class=\"elementor-element elementor-element-be834e3 elementor-widget elementor-widget-text-editor\" data-id=\"be834e3\" data-element_type=\"widget\" data-e-type=\"widget\" data-widget_type=\"text-editor.default\">\n\t\t\t\t<div class=\"elementor-widget-container\">\n\t\t\t\t\t\t\t\t\t<p>El <strong>Colegio Pedag\u00f3gico Ingl\u00e9s<\/strong> se enorgullece en presentar el <strong>ENGLISH DAY<\/strong>, un evento donde nuestros estudiantes demuestran sus habilidades en ingl\u00e9s y su creatividad art\u00edstica. A trav\u00e9s de presentaciones din\u00e1micas, los alumnos integran el aprendizaje del idioma con m\u00fasica, danza y actuaci\u00f3n, mostrando no solo lo aprendido en clase, sino tambi\u00e9n su capacidad para trabajar en equipo y expresarse art\u00edsticamente.<\/p><p>Ellos participan en todo el proceso: desde la idea hasta la producci\u00f3n de escenograf\u00eda y vestuario. El <strong>ENGLISH DAY<\/strong> celebra el esfuerzo, la creatividad y el crecimiento personal de cada estudiante.<\/p><p><strong>Colegio Pedag\u00f3gico Ingl\u00e9s<\/strong> proudly presents <strong>ENGLISH DAY<\/strong>, where our students showcase their English skills and artistic creativity. Through dynamic performances, they blend language learning with music, dance, and acting, demonstrating not just classroom knowledge but teamwork and artistic expression.<\/p><p>Students are involved in every stage, from concept to set and costume production. <strong>ENGLISH DAY<\/strong> celebrates each student&#8217;s effort, creativity, and personal growth.<\/p>\t\t\t\t\t\t\t\t<\/div>\n\t\t\t\t<\/div>\n\t\t\t\t<\/div>\n\t\t\t\t\t<\/div>\n\t\t\t\t<\/div>\n\t\t<div class=\"elementor-element elementor-element-0a9ecdd e-flex e-con-boxed e-con e-parent\" data-id=\"0a9ecdd\" data-element_type=\"container\" data-e-type=\"container\">\n\t\t\t\t\t<div class=\"e-con-inner\">\n\t\t<div class=\"elementor-element elementor-element-abaa888 e-con-full e-flex e-con e-child\" data-id=\"abaa888\" data-element_type=\"container\" data-e-type=\"container\">\n\t\t\t\t<div class=\"elementor-element elementor-element-fb4dbe0 elementor-widget elementor-widget-video\" data-id=\"fb4dbe0\" data-element_type=\"widget\" data-e-type=\"widget\" data-settings=\"{&quot;video_type&quot;:&quot;hosted&quot;,&quot;controls&quot;:&quot;yes&quot;}\" data-widget_type=\"video.default\">\n\t\t\t\t<div class=\"elementor-widget-container\">\n\t\t\t\t\t\t\t<div class=\"e-hosted-video elementor-wrapper elementor-open-inline\">\n\t\t\t\t\t<video class=\"elementor-video\" src=\"https:\/\/colegiopedagogicoingles.edu.co\/web\/wp-content\/uploads\/2020\/10\/Coordinadora-Heidy-Paola.mp4\" controls=\"\" preload=\"metadata\" controlsList=\"nodownload\"><\/video>\n\t\t\t\t<\/div>\n\t\t\t\t\t\t<\/div>\n\t\t\t\t<\/div>\n\t\t\t\t<\/div>\n\t\t<div class=\"elementor-element elementor-element-cb882df e-con-full e-flex e-con e-child\" data-id=\"cb882df\" data-element_type=\"container\" data-e-type=\"container\">\n\t\t\t\t<div class=\"elementor-element elementor-element-cea5062 elementor-widget elementor-widget-text-editor\" data-id=\"cea5062\" data-element_type=\"widget\" data-e-type=\"widget\" data-widget_type=\"text-editor.default\">\n\t\t\t\t<div class=\"elementor-widget-container\">\n\t\t\t\t\t\t\t\t\t<h3><strong>Objetivos del English Day COLPEIN<\/strong><\/h3><p><strong>1.Fomentar el Aprendizaje del Ingl\u00e9s<\/strong><\/p><p><strong>2.Estimular la Creatividad Art\u00edstica<\/strong><\/p><p><strong>3.Desarrollar Habilidades de Trabajo en Equipo<\/strong><\/p><p><strong>4.Integrar Aprendizaje y Diversi\u00f3n<\/strong><\/p><p><strong>5.Promover la Confianza y la Autoexpresi\u00f3n<\/strong><\/p><p><strong>6.Involucrar a la Comunidad<\/strong><\/p><p><strong>7.Celebrar el \u00c9xito Acad\u00e9mico<\/strong><\/p>\t\t\t\t\t\t\t\t<\/div>\n\t\t\t\t<\/div>\n\t\t\t\t<\/div>\n\t\t\t\t\t<\/div>\n\t\t\t\t<\/div>\n\t\t<div class=\"elementor-element elementor-element-5fb0aa7 e-flex e-con-boxed e-con e-parent\" data-id=\"5fb0aa7\" data-element_type=\"container\" data-e-type=\"container\" data-settings=\"{&quot;background_background&quot;:&quot;classic&quot;}\">\n\t\t\t\t\t<div class=\"e-con-inner\">\n\t\t\t\t\t<\/div>\n\t\t\t\t<\/div>\n\t\t<div class=\"elementor-element elementor-element-d043a4d e-flex e-con-boxed e-con e-parent\" data-id=\"d043a4d\" data-element_type=\"container\" data-e-type=\"container\">\n\t\t\t\t\t<div class=\"e-con-inner\">\n\t\t\t\t<div class=\"elementor-element elementor-element-dc02c51 elementor-widget elementor-widget-heading\" data-id=\"dc02c51\" data-element_type=\"widget\" data-e-type=\"widget\" data-widget_type=\"heading.default\">\n\t\t\t\t<div class=\"elementor-widget-container\">\n\t\t\t\t\t<h2 class=\"elementor-heading-title elementor-size-default\">Proceso para certificar a nuestros estudiantes como Hablantes Biling\u00fces<\/h2>\t\t\t\t<\/div>\n\t\t\t\t<\/div>\n\t\t\t\t\t<\/div>\n\t\t\t\t<\/div>\n\t\t<div class=\"elementor-element elementor-element-c3b6fd2 e-flex e-con-boxed e-con e-parent\" data-id=\"c3b6fd2\" data-element_type=\"container\" data-e-type=\"container\">\n\t\t\t\t\t<div class=\"e-con-inner\">\n\t\t<div class=\"elementor-element elementor-element-9d24038 e-con-full e-flex e-con e-child\" data-id=\"9d24038\" data-element_type=\"container\" data-e-type=\"container\">\n\t\t\t\t<div class=\"elementor-element elementor-element-359ee7b elementor-widget elementor-widget-heading\" data-id=\"359ee7b\" data-element_type=\"widget\" data-e-type=\"widget\" data-widget_type=\"heading.default\">\n\t\t\t\t<div class=\"elementor-widget-container\">\n\t\t\t\t\t<h2 class=\"elementor-heading-title elementor-size-default\">Hechos y Resultados del English Day en COLPEIN<\/h2>\t\t\t\t<\/div>\n\t\t\t\t<\/div>\n\t\t\t\t<div class=\"elementor-element elementor-element-3b9fe0c elementor-widget elementor-widget-text-editor\" data-id=\"3b9fe0c\" data-element_type=\"widget\" data-e-type=\"widget\" data-widget_type=\"text-editor.default\">\n\t\t\t\t<div class=\"elementor-widget-container\">\n\t\t\t\t\t\t\t\t\t<p>El <strong>English Day<\/strong> en el <strong>Colegio Pedag\u00f3gico Ingl\u00e9s (COLPEIN)<\/strong> es un evento emblem\u00e1tico que resalta el desarrollo de las habilidades ling\u00fc\u00edsticas de todos los estudiantes. Este a\u00f1o, se consolid\u00f3 como una valiosa tradici\u00f3n, promoviendo lecciones de colaboraci\u00f3n, trabajo en equipo y respeto.<\/p><p>Los estudiantes presentaron interpretaciones de diversas culturas de habla inglesa y superh\u00e9roes, mejorando su pronunciaci\u00f3n, vocabulario y expresi\u00f3n corporal, mientras se compromet\u00edan en la preparaci\u00f3n del evento. La participaci\u00f3n de los padres fue esencial, permiti\u00e9ndoles apreciar el progreso de sus hijos y compartir un sentido de orgullo.<\/p><p>En COLPEIN, cada English Day es m\u00e1s que una celebraci\u00f3n del aprendizaje; es un reflejo del esfuerzo y la uni\u00f3n de nuestra comunidad educativa.<\/p><h3>Celebrate English Day at COLPEIN!<\/h3><p>Join us for <strong>English Day<\/strong> at <strong>Colegio Pedag\u00f3gico Ingl\u00e9s (COLPEIN)<\/strong>! This vibrant event showcases our students&#8217; linguistic and artistic talents through engaging performances in English. Experience the joy of collaboration and cultural appreciation as they sing, dance, and act!<\/p><p>Come cheer on your children and witness their growth in a fun and supportive environment. Your presence will make this celebration unforgettable! Don\u2019t miss out on the magic of English Day at COLPEIN!<\/p>\t\t\t\t\t\t\t\t<\/div>\n\t\t\t\t<\/div>\n\t\t\t\t<\/div>\n\t\t\t\t\t<\/div>\n\t\t\t\t<\/div>\n\t\t<div class=\"elementor-element elementor-element-2656dfb e-flex e-con-boxed e-con e-parent\" data-id=\"2656dfb\" data-element_type=\"container\" data-e-type=\"container\">\n\t\t\t\t\t<div class=\"e-con-inner\">\n\t\t<div class=\"elementor-element elementor-element-a7ddd9b e-con-full e-flex e-con e-child\" data-id=\"a7ddd9b\" data-element_type=\"container\" data-e-type=\"container\">\n\t\t\t\t<div class=\"elementor-element elementor-element-8e1d458 elementor-widget elementor-widget-video\" data-id=\"8e1d458\" data-element_type=\"widget\" data-e-type=\"widget\" data-settings=\"{&quot;video_type&quot;:&quot;hosted&quot;,&quot;controls&quot;:&quot;yes&quot;}\" data-widget_type=\"video.default\">\n\t\t\t\t<div class=\"elementor-widget-container\">\n\t\t\t\t\t\t\t<div class=\"e-hosted-video elementor-wrapper elementor-open-inline\">\n\t\t\t\t\t<video class=\"elementor-video\" src=\"https:\/\/colegiopedagogicoingles.edu.co\/web\/wp-content\/uploads\/2020\/10\/Grado-Segundo-Arthur-Joel.mp4\" controls=\"\" preload=\"metadata\" controlsList=\"nodownload\"><\/video>\n\t\t\t\t<\/div>\n\t\t\t\t\t\t<\/div>\n\t\t\t\t<\/div>\n\t\t\t\t<\/div>\n\t\t<div class=\"elementor-element elementor-element-79e6aff e-con-full e-flex e-con e-child\" data-id=\"79e6aff\" data-element_type=\"container\" data-e-type=\"container\">\n\t\t\t\t<div class=\"elementor-element elementor-element-7a71217 elementor-widget elementor-widget-video\" data-id=\"7a71217\" data-element_type=\"widget\" data-e-type=\"widget\" data-settings=\"{&quot;video_type&quot;:&quot;hosted&quot;,&quot;controls&quot;:&quot;yes&quot;}\" data-widget_type=\"video.default\">\n\t\t\t\t<div class=\"elementor-widget-container\">\n\t\t\t\t\t\t\t<div class=\"e-hosted-video elementor-wrapper elementor-open-inline\">\n\t\t\t\t\t<video class=\"elementor-video\" src=\"https:\/\/colegiopedagogicoingles.edu.co\/web\/wp-content\/uploads\/2020\/10\/Laura-Manuela.mp4\" controls=\"\" preload=\"metadata\" controlsList=\"nodownload\"><\/video>\n\t\t\t\t<\/div>\n\t\t\t\t\t\t<\/div>\n\t\t\t\t<\/div>\n\t\t\t\t<\/div>\n\t\t\t\t\t<\/div>\n\t\t\t\t<\/div>\n\t\t<div class=\"elementor-element elementor-element-d18200c e-flex e-con-boxed e-con e-parent\" data-id=\"d18200c\" data-element_type=\"container\" data-e-type=\"container\">\n\t\t\t\t\t<div class=\"e-con-inner\">\n\t\t<div class=\"elementor-element elementor-element-54bdcda e-con-full e-flex e-con e-child\" data-id=\"54bdcda\" data-element_type=\"container\" data-e-type=\"container\">\n\t\t\t\t<div class=\"elementor-element elementor-element-ff3ed0c elementor-widget elementor-widget-image\" data-id=\"ff3ed0c\" data-element_type=\"widget\" data-e-type=\"widget\" data-widget_type=\"image.default\">\n\t\t\t\t<div class=\"elementor-widget-container\">\n\t\t\t\t\t\t\t\t\t\t\t\t\t\t\t<img decoding=\"async\" width=\"960\" height=\"540\" src=\"https:\/\/colegiopedagogicoingles.edu.co\/web\/wp-content\/uploads\/2020\/10\/ED3.jpg\" class=\"attachment-large size-large wp-image-654\" alt=\"\" srcset=\"https:\/\/colegiopedagogicoingles.edu.co\/web\/wp-content\/uploads\/2020\/10\/ED3.jpg 960w, https:\/\/colegiopedagogicoingles.edu.co\/web\/wp-content\/uploads\/2020\/10\/ED3-480x270.jpg 480w\" sizes=\"(min-width: 0px) and (max-width: 480px) 480px, (min-width: 481px) 960px, 100vw\" \/>\t\t\t\t\t\t\t\t\t\t\t\t\t\t\t<\/div>\n\t\t\t\t<\/div>\n\t\t\t\t<\/div>\n\t\t<div class=\"elementor-element elementor-element-72f7b3e e-con-full e-flex e-con e-child\" data-id=\"72f7b3e\" data-element_type=\"container\" data-e-type=\"container\">\n\t\t\t\t<div class=\"elementor-element elementor-element-0f41992 elementor-widget elementor-widget-image\" data-id=\"0f41992\" data-element_type=\"widget\" data-e-type=\"widget\" data-widget_type=\"image.default\">\n\t\t\t\t<div class=\"elementor-widget-container\">\n\t\t\t\t\t\t\t\t\t\t\t\t\t\t\t<img decoding=\"async\" width=\"960\" height=\"540\" src=\"https:\/\/colegiopedagogicoingles.edu.co\/web\/wp-content\/uploads\/2020\/10\/ED2.jpg\" class=\"attachment-large size-large wp-image-653\" alt=\"\" srcset=\"https:\/\/colegiopedagogicoingles.edu.co\/web\/wp-content\/uploads\/2020\/10\/ED2.jpg 960w, https:\/\/colegiopedagogicoingles.edu.co\/web\/wp-content\/uploads\/2020\/10\/ED2-480x270.jpg 480w\" sizes=\"(min-width: 0px) and (max-width: 480px) 480px, (min-width: 481px) 960px, 100vw\" \/>\t\t\t\t\t\t\t\t\t\t\t\t\t\t\t<\/div>\n\t\t\t\t<\/div>\n\t\t\t\t<\/div>\n\t\t\t\t\t<\/div>\n\t\t\t\t<\/div>\n\t\t<div class=\"elementor-element elementor-element-ce70051 e-flex e-con-boxed e-con e-parent\" data-id=\"ce70051\" data-element_type=\"container\" data-e-type=\"container\" data-settings=\"{&quot;background_background&quot;:&quot;classic&quot;}\">\n\t\t\t\t\t<div class=\"e-con-inner\">\n\t\t\t\t\t<\/div>\n\t\t\t\t<\/div>\n\t\t<div class=\"elementor-element elementor-element-30daec5 e-flex e-con-boxed e-con e-parent\" data-id=\"30daec5\" data-element_type=\"container\" data-e-type=\"container\">\n\t\t\t\t\t<div class=\"e-con-inner\">\n\t\t<div class=\"elementor-element elementor-element-c7eacc2 e-con-full e-flex e-con e-child\" data-id=\"c7eacc2\" data-element_type=\"container\" data-e-type=\"container\">\n\t\t\t\t<div class=\"elementor-element elementor-element-ddb8126 elementor-widget elementor-widget-heading\" data-id=\"ddb8126\" data-element_type=\"widget\" data-e-type=\"widget\" data-widget_type=\"heading.default\">\n\t\t\t\t<div class=\"elementor-widget-container\">\n\t\t\t\t\t<h2 class=\"elementor-heading-title elementor-size-default\">Convenio Cambridge English School, Smart Academia de Idiomas COLPEIN <\/h2>\t\t\t\t<\/div>\n\t\t\t\t<\/div>\n\t\t\t\t<div class=\"elementor-element elementor-element-f17690b elementor-widget elementor-widget-text-editor\" data-id=\"f17690b\" data-element_type=\"widget\" data-e-type=\"widget\" data-widget_type=\"text-editor.default\">\n\t\t\t\t<div class=\"elementor-widget-container\">\n\t\t\t\t\t\t\t\t\t<p><strong>Colegio Pedag\u00f3gico Ingl\u00e9s: Bachillerato Acad\u00e9mico Biling\u00fce al 2026<\/strong><\/p><p>El Colegio Pedag\u00f3gico Ingl\u00e9s ha establecido la meta de que para 2026 sus estudiantes se grad\u00faen como Bachilleres Acad\u00e9micos Biling\u00fces, destac\u00e1ndose por su alto nivel de ingl\u00e9s reconocido internacionalmente.<\/p><p><strong>Somos el \u00fanico colegio en la sabana de occidente<\/strong><\/p><p>que tiene un convenio con Cambridge English School del Reino Unido y Smart Academia de Idiomas de Bogot\u00e1, para preparar a nuestros estudiantes desde preescolar hasta grado und\u00e9cimo con la metodolog\u00eda y materiales oficiales de Cambridge, mundialmente reconocidos.<\/p><p><strong>Certificaci\u00f3n Internacional de Ingl\u00e9s<\/strong><\/p><p>Nuestros estudiantes presentan ex\u00e1menes internacionales en los grados quinto, s\u00e9ptimo, noveno y und\u00e9cimo, certificados por Cambridge<\/p><p><strong>Grado Quinto<\/strong>: A1 Movers<\/p><p><strong>Grado S\u00e9ptimo<\/strong>: A2 Flyers<\/p><p><strong>Grado Noveno<\/strong>: Key (KET)<\/p><p><strong>Grado Und\u00e9cimo<\/strong>: Preliminary (PET)<\/p><p><strong>Preparaci\u00f3n y Ex\u00e1menes Anuales<\/strong><\/p><p>Los ex\u00e1menes se realizan en septiembre y octubre de cada a\u00f1o, y los estudiantes reciben una certificaci\u00f3n internacional, \u00fatil para acceder a oportunidades acad\u00e9micas y laborales a nivel mundial.<\/p><p><strong>Facilidades de Pago para Familias<\/strong><\/p><p>Las familias pueden optar por un plan de ahorro mensual o realizar un pago en julio para cubrir los costos de las pruebas internacionales. Esta inversi\u00f3n garantiza que los estudiantes culminen su educaci\u00f3n con el t\u00edtulo de Bachiller Acad\u00e9mico Biling\u00fce.<\/p>\t\t\t\t\t\t\t\t<\/div>\n\t\t\t\t<\/div>\n\t\t\t\t<\/div>\n\t\t<div class=\"elementor-element elementor-element-a612b59 e-con-full e-flex e-con e-child\" data-id=\"a612b59\" data-element_type=\"container\" data-e-type=\"container\">\n\t\t\t\t<div class=\"elementor-element elementor-element-9f75ca6 elementor-widget elementor-widget-image\" data-id=\"9f75ca6\" data-element_type=\"widget\" data-e-type=\"widget\" data-widget_type=\"image.default\">\n\t\t\t\t<div class=\"elementor-widget-container\">\n\t\t\t\t\t\t\t\t\t\t\t\t\t\t\t<img loading=\"lazy\" decoding=\"async\" width=\"1024\" height=\"351\" src=\"https:\/\/colegiopedagogicoingles.edu.co\/web\/wp-content\/uploads\/2024\/07\/Imagen6-1-1024x351.png\" class=\"attachment-large size-large wp-image-1538\" alt=\"\" srcset=\"https:\/\/colegiopedagogicoingles.edu.co\/web\/wp-content\/uploads\/2024\/07\/Imagen6-1-980x336.png 980w, https:\/\/colegiopedagogicoingles.edu.co\/web\/wp-content\/uploads\/2024\/07\/Imagen6-1-480x165.png 480w\" sizes=\"(min-width: 0px) and (max-width: 480px) 480px, (min-width: 481px) and (max-width: 980px) 980px, (min-width: 981px) 1024px, 100vw\" \/>\t\t\t\t\t\t\t\t\t\t\t\t\t\t\t<\/div>\n\t\t\t\t<\/div>\n\t\t\t\t<div class=\"elementor-element elementor-element-e8cbd1a elementor-widget elementor-widget-image\" data-id=\"e8cbd1a\" data-element_type=\"widget\" data-e-type=\"widget\" data-widget_type=\"image.default\">\n\t\t\t\t<div class=\"elementor-widget-container\">\n\t\t\t\t\t\t\t\t\t\t\t\t\t\t\t<img loading=\"lazy\" decoding=\"async\" width=\"1024\" height=\"351\" src=\"https:\/\/colegiopedagogicoingles.edu.co\/web\/wp-content\/uploads\/2024\/07\/Imagen4-1-1024x351.png\" class=\"attachment-large size-large wp-image-1536\" alt=\"\" srcset=\"https:\/\/colegiopedagogicoingles.edu.co\/web\/wp-content\/uploads\/2024\/07\/Imagen4-1-980x336.png 980w, https:\/\/colegiopedagogicoingles.edu.co\/web\/wp-content\/uploads\/2024\/07\/Imagen4-1-480x165.png 480w\" sizes=\"(min-width: 0px) and (max-width: 480px) 480px, (min-width: 481px) and (max-width: 980px) 980px, (min-width: 981px) 1024px, 100vw\" \/>\t\t\t\t\t\t\t\t\t\t\t\t\t\t\t<\/div>\n\t\t\t\t<\/div>\n\t\t\t\t<div class=\"elementor-element elementor-element-bfa5cf4 elementor-widget elementor-widget-image\" data-id=\"bfa5cf4\" data-element_type=\"widget\" data-e-type=\"widget\" data-widget_type=\"image.default\">\n\t\t\t\t<div class=\"elementor-widget-container\">\n\t\t\t\t\t\t\t\t\t\t\t\t\t\t\t<img loading=\"lazy\" decoding=\"async\" width=\"1024\" height=\"350\" src=\"https:\/\/colegiopedagogicoingles.edu.co\/web\/wp-content\/uploads\/2024\/07\/Imagen5-1-1024x350.png\" class=\"attachment-large size-large wp-image-1537\" alt=\"\" srcset=\"https:\/\/colegiopedagogicoingles.edu.co\/web\/wp-content\/uploads\/2024\/07\/Imagen5-1-980x335.png 980w, https:\/\/colegiopedagogicoingles.edu.co\/web\/wp-content\/uploads\/2024\/07\/Imagen5-1-480x164.png 480w\" sizes=\"(min-width: 0px) and (max-width: 480px) 480px, (min-width: 481px) and (max-width: 980px) 980px, (min-width: 981px) 1024px, 100vw\" \/>\t\t\t\t\t\t\t\t\t\t\t\t\t\t\t<\/div>\n\t\t\t\t<\/div>\n\t\t\t\t<\/div>\n\t\t\t\t\t<\/div>\n\t\t\t\t<\/div>\n\t\t\t\t<\/div>\n\t\t","protected":false},"excerpt":{"rendered":"<p>English Day El Colegio Pedag\u00f3gico Ingl\u00e9s se enorgullece en presentar el ENGLISH DAY, un evento donde nuestros estudiantes demuestran sus habilidades en ingl\u00e9s y su creatividad art\u00edstica. A trav\u00e9s de presentaciones din\u00e1micas, los alumnos integran el aprendizaje del idioma con m\u00fasica, danza y actuaci\u00f3n, mostrando no solo lo aprendido en clase, sino tambi\u00e9n su capacidad [&hellip;]<\/p>\n","protected":false},"author":1,"featured_media":0,"parent":0,"menu_order":0,"comment_status":"closed","ping_status":"closed","template":"elementor_header_footer","meta":{"_et_pb_use_builder":"","_et_pb_old_content":"","_et_gb_content_width":"","_uag_custom_page_level_css":"","_joinchat":[],"footnotes":""},"class_list":["post-1949","page","type-page","status-publish","hentry"],"uagb_featured_image_src":{"full":false,"thumbnail":false,"medium":false,"medium_large":false,"large":false,"1536x1536":false,"2048x2048":false,"et-pb-post-main-image":false,"et-pb-post-main-image-fullwidth":false,"et-pb-portfolio-image":false,"et-pb-portfolio-module-image":false,"et-pb-portfolio-image-single":false,"et-pb-gallery-module-image-portrait":false,"et-pb-post-main-image-fullwidth-large":false,"et-pb-image--responsive--desktop":false,"et-pb-image--responsive--tablet":false,"et-pb-image--responsive--phone":false},"uagb_author_info":{"display_name":"admin","author_link":"https:\/\/colegiopedagogicoingles.edu.co\/web\/author\/admin\/"},"uagb_comment_info":0,"uagb_excerpt":"English Day El Colegio Pedag\u00f3gico Ingl\u00e9s se enorgullece en presentar el ENGLISH DAY, un evento donde nuestros estudiantes demuestran sus habilidades en ingl\u00e9s y su creatividad art\u00edstica. A trav\u00e9s de presentaciones din\u00e1micas, los alumnos integran el aprendizaje del idioma con m\u00fasica, danza y actuaci\u00f3n, mostrando no solo lo aprendido en clase, sino tambi\u00e9n su capacidad&hellip;","_links":{"self":[{"href":"https:\/\/colegiopedagogicoingles.edu.co\/web\/wp-json\/wp\/v2\/pages\/1949","targetHints":{"allow":["GET"]}}],"collection":[{"href":"https:\/\/colegiopedagogicoingles.edu.co\/web\/wp-json\/wp\/v2\/pages"}],"about":[{"href":"https:\/\/colegiopedagogicoingles.edu.co\/web\/wp-json\/wp\/v2\/types\/page"}],"author":[{"embeddable":true,"href":"https:\/\/colegiopedagogicoingles.edu.co\/web\/wp-json\/wp\/v2\/users\/1"}],"replies":[{"embeddable":true,"href":"https:\/\/colegiopedagogicoingles.edu.co\/web\/wp-json\/wp\/v2\/comments?post=1949"}],"version-history":[{"count":35,"href":"https:\/\/colegiopedagogicoingles.edu.co\/web\/wp-json\/wp\/v2\/pages\/1949\/revisions"}],"predecessor-version":[{"id":2801,"href":"https:\/\/colegiopedagogicoingles.edu.co\/web\/wp-json\/wp\/v2\/pages\/1949\/revisions\/2801"}],"wp:attachment":[{"href":"https:\/\/colegiopedagogicoingles.edu.co\/web\/wp-json\/wp\/v2\/media?parent=1949"}],"curies":[{"name":"wp","href":"https:\/\/api.w.org\/{rel}","templated":true}]}}