{"id":1942,"date":"2024-10-08T21:32:41","date_gmt":"2024-10-09T02:32:41","guid":{"rendered":"https:\/\/colegiopedagogicoingles.edu.co\/web\/?page_id=1942"},"modified":"2024-11-10T19:05:12","modified_gmt":"2024-11-11T00:05:12","slug":"aliados","status":"publish","type":"page","link":"https:\/\/colegiopedagogicoingles.edu.co\/web\/aliados\/","title":{"rendered":"ALIADOS"},"content":{"rendered":"\t\t<div data-elementor-type=\"wp-page\" data-elementor-id=\"1942\" class=\"elementor elementor-1942\">\n\t\t\t\t<div class=\"elementor-element elementor-element-875f59f e-flex e-con-boxed e-con e-parent\" data-id=\"875f59f\" data-element_type=\"container\" data-e-type=\"container\" data-settings=\"{&quot;background_background&quot;:&quot;slideshow&quot;,&quot;background_slideshow_gallery&quot;:[{&quot;id&quot;:2736,&quot;url&quot;:&quot;https:\\\/\\\/colegiopedagogicoingles.edu.co\\\/web\\\/wp-content\\\/uploads\\\/2024\\\/11\\\/3fe492f6-2367-4b5c-9b00-70de31b89ad2-1-scaled-e1731283499370.jpg&quot;}],&quot;background_slideshow_loop&quot;:&quot;yes&quot;,&quot;background_slideshow_slide_duration&quot;:5000,&quot;background_slideshow_slide_transition&quot;:&quot;fade&quot;,&quot;background_slideshow_transition_duration&quot;:500}\">\n\t\t\t\t\t<div class=\"e-con-inner\">\n\t\t\t\t\t<\/div>\n\t\t\t\t<\/div>\n\t\t<div class=\"elementor-element elementor-element-05b000e e-flex e-con-boxed e-con e-parent\" data-id=\"05b000e\" data-element_type=\"container\" data-e-type=\"container\">\n\t\t\t\t\t<div class=\"e-con-inner\">\n\t\t\t\t<div class=\"elementor-element elementor-element-0317270 elementor-widget elementor-widget-heading\" data-id=\"0317270\" data-element_type=\"widget\" data-e-type=\"widget\" data-widget_type=\"heading.default\">\n\t\t\t\t<div class=\"elementor-widget-container\">\n\t\t\t\t\t<h2 class=\"elementor-heading-title elementor-size-default\">Aliados de COLPEIN<\/h2>\t\t\t\t<\/div>\n\t\t\t\t<\/div>\n\t\t\t\t<div class=\"elementor-element elementor-element-01554a9 elementor-widget elementor-widget-text-editor\" data-id=\"01554a9\" data-element_type=\"widget\" data-e-type=\"widget\" data-widget_type=\"text-editor.default\">\n\t\t\t\t<div class=\"elementor-widget-container\">\n\t\t\t\t\t\t\t\t\t<p>Conoce los Aliados con los que logramos ofrecer una Educaci\u00f3n de Alta Calidad.<\/p>\t\t\t\t\t\t\t\t<\/div>\n\t\t\t\t<\/div>\n\t\t\t\t\t<\/div>\n\t\t\t\t<\/div>\n\t\t<div class=\"elementor-element elementor-element-17128f9 e-flex e-con-boxed e-con e-parent\" data-id=\"17128f9\" data-element_type=\"container\" data-e-type=\"container\" data-settings=\"{&quot;background_background&quot;:&quot;gradient&quot;}\">\n\t\t\t\t\t<div class=\"e-con-inner\">\n\t\t<div class=\"elementor-element elementor-element-a21a6e6 e-con-full e-flex e-con e-child\" data-id=\"a21a6e6\" data-element_type=\"container\" data-e-type=\"container\">\n\t\t\t\t<div class=\"elementor-element elementor-element-dd69d63 elementor-widget elementor-widget-image\" data-id=\"dd69d63\" data-element_type=\"widget\" data-e-type=\"widget\" data-widget_type=\"image.default\">\n\t\t\t\t<div class=\"elementor-widget-container\">\n\t\t\t\t\t\t\t\t\t\t\t\t\t\t\t<img fetchpriority=\"high\" decoding=\"async\" width=\"1342\" height=\"460\" src=\"https:\/\/colegiopedagogicoingles.edu.co\/web\/wp-content\/uploads\/2024\/07\/Imagen4-1.png\" class=\"attachment-full size-full wp-image-1536\" alt=\"\" srcset=\"https:\/\/colegiopedagogicoingles.edu.co\/web\/wp-content\/uploads\/2024\/07\/Imagen4-1.png 1342w, https:\/\/colegiopedagogicoingles.edu.co\/web\/wp-content\/uploads\/2024\/07\/Imagen4-1-1280x439.png 1280w, https:\/\/colegiopedagogicoingles.edu.co\/web\/wp-content\/uploads\/2024\/07\/Imagen4-1-980x336.png 980w, https:\/\/colegiopedagogicoingles.edu.co\/web\/wp-content\/uploads\/2024\/07\/Imagen4-1-480x165.png 480w\" sizes=\"(min-width: 0px) and (max-width: 480px) 480px, (min-width: 481px) and (max-width: 980px) 980px, (min-width: 981px) and (max-width: 1280px) 1280px, (min-width: 1281px) 1342px, 100vw\" \/>\t\t\t\t\t\t\t\t\t\t\t\t\t\t\t<\/div>\n\t\t\t\t<\/div>\n\t\t\t\t<div class=\"elementor-element elementor-element-f1d8fdc elementor-widget elementor-widget-image\" data-id=\"f1d8fdc\" data-element_type=\"widget\" data-e-type=\"widget\" data-widget_type=\"image.default\">\n\t\t\t\t<div class=\"elementor-widget-container\">\n\t\t\t\t\t\t\t\t\t\t\t\t\t\t\t<img decoding=\"async\" width=\"1342\" height=\"459\" src=\"https:\/\/colegiopedagogicoingles.edu.co\/web\/wp-content\/uploads\/2024\/07\/Imagen5-1.png\" class=\"attachment-full size-full wp-image-1537\" alt=\"\" srcset=\"https:\/\/colegiopedagogicoingles.edu.co\/web\/wp-content\/uploads\/2024\/07\/Imagen5-1.png 1342w, https:\/\/colegiopedagogicoingles.edu.co\/web\/wp-content\/uploads\/2024\/07\/Imagen5-1-1280x438.png 1280w, https:\/\/colegiopedagogicoingles.edu.co\/web\/wp-content\/uploads\/2024\/07\/Imagen5-1-980x335.png 980w, https:\/\/colegiopedagogicoingles.edu.co\/web\/wp-content\/uploads\/2024\/07\/Imagen5-1-480x164.png 480w\" sizes=\"(min-width: 0px) and (max-width: 480px) 480px, (min-width: 481px) and (max-width: 980px) 980px, (min-width: 981px) and (max-width: 1280px) 1280px, (min-width: 1281px) 1342px, 100vw\" \/>\t\t\t\t\t\t\t\t\t\t\t\t\t\t\t<\/div>\n\t\t\t\t<\/div>\n\t\t\t\t<div class=\"elementor-element elementor-element-6580d50 elementor-align-center elementor-widget elementor-widget-button\" data-id=\"6580d50\" data-element_type=\"widget\" data-e-type=\"widget\" data-widget_type=\"button.default\">\n\t\t\t\t<div class=\"elementor-widget-container\">\n\t\t\t\t\t\t\t\t\t<div class=\"elementor-button-wrapper\">\n\t\t\t\t\t<a class=\"elementor-button elementor-button-link elementor-size-sm\" href=\"https:\/\/smart.edu.co\/home\/\">\n\t\t\t\t\t\t<span class=\"elementor-button-content-wrapper\">\n\t\t\t\t\t\t<span class=\"elementor-button-icon\">\n\t\t\t\t<svg aria-hidden=\"true\" class=\"e-font-icon-svg e-fas-angle-double-right\" viewBox=\"0 0 448 512\" xmlns=\"http:\/\/www.w3.org\/2000\/svg\"><path d=\"M224.3 273l-136 136c-9.4 9.4-24.6 9.4-33.9 0l-22.6-22.6c-9.4-9.4-9.4-24.6 0-33.9l96.4-96.4-96.4-96.4c-9.4-9.4-9.4-24.6 0-33.9L54.3 103c9.4-9.4 24.6-9.4 33.9 0l136 136c9.5 9.4 9.5 24.6.1 34zm192-34l-136-136c-9.4-9.4-24.6-9.4-33.9 0l-22.6 22.6c-9.4 9.4-9.4 24.6 0 33.9l96.4 96.4-96.4 96.4c-9.4 9.4-9.4 24.6 0 33.9l22.6 22.6c9.4 9.4 24.6 9.4 33.9 0l136-136c9.4-9.2 9.4-24.4 0-33.8z\"><\/path><\/svg>\t\t\t<\/span>\n\t\t\t\t\t\t\t\t\t<span class=\"elementor-button-text\">Ir a la pagina web<\/span>\n\t\t\t\t\t<\/span>\n\t\t\t\t\t<\/a>\n\t\t\t\t<\/div>\n\t\t\t\t\t\t\t\t<\/div>\n\t\t\t\t<\/div>\n\t\t\t\t<\/div>\n\t\t<div class=\"elementor-element elementor-element-c22f494 e-con-full e-flex e-con e-child\" data-id=\"c22f494\" data-element_type=\"container\" data-e-type=\"container\">\n\t\t\t\t<div class=\"elementor-element elementor-element-1534378 elementor-widget elementor-widget-heading\" data-id=\"1534378\" data-element_type=\"widget\" data-e-type=\"widget\" data-widget_type=\"heading.default\">\n\t\t\t\t<div class=\"elementor-widget-container\">\n\t\t\t\t\t<h2 class=\"elementor-heading-title elementor-size-default\">CAMBRIDGE UNIVERSITY PRESS AND ASSESSMENT<\/h2>\t\t\t\t<\/div>\n\t\t\t\t<\/div>\n\t\t\t\t<div class=\"elementor-element elementor-element-f70d2a4 elementor-widget elementor-widget-text-editor\" data-id=\"f70d2a4\" data-element_type=\"widget\" data-e-type=\"widget\" data-widget_type=\"text-editor.default\">\n\t\t\t\t<div class=\"elementor-widget-container\">\n\t\t\t\t\t\t\t\t\t<div class=\"et_pb_module et_pb_text et_pb_text_1 et_pb_text_align_left et_pb_bg_layout_light\"><div class=\"et_pb_text_inner\"><p>Enfoca su trabajo en desarrollar y entregar materiales educativos y evaluaciones de alta calidad para profesores y estudiantes a trav\u00e9s de diferentes estrategias, desde apoyo pedag\u00f3gico, capacitaciones, herramientas tecnol\u00f3gicas, CAMBRIDGE ONE etc.<\/p><\/div><\/div>\t\t\t\t\t\t\t\t<\/div>\n\t\t\t\t<\/div>\n\t\t\t\t<div class=\"elementor-element elementor-element-575ce91 elementor-position-inline-start elementor-view-default elementor-mobile-position-block-start elementor-widget elementor-widget-icon-box\" data-id=\"575ce91\" data-element_type=\"widget\" data-e-type=\"widget\" data-widget_type=\"icon-box.default\">\n\t\t\t\t<div class=\"elementor-widget-container\">\n\t\t\t\t\t\t\t<div class=\"elementor-icon-box-wrapper\">\n\n\t\t\t\t\t\t<div class=\"elementor-icon-box-icon\">\n\t\t\t\t<span  class=\"elementor-icon\">\n\t\t\t\t<svg aria-hidden=\"true\" class=\"e-font-icon-svg e-far-check-square\" viewBox=\"0 0 448 512\" xmlns=\"http:\/\/www.w3.org\/2000\/svg\"><path d=\"M400 32H48C21.49 32 0 53.49 0 80v352c0 26.51 21.49 48 48 48h352c26.51 0 48-21.49 48-48V80c0-26.51-21.49-48-48-48zm0 400H48V80h352v352zm-35.864-241.724L191.547 361.48c-4.705 4.667-12.303 4.637-16.97-.068l-90.781-91.516c-4.667-4.705-4.637-12.303.069-16.971l22.719-22.536c4.705-4.667 12.303-4.637 16.97.069l59.792 60.277 141.352-140.216c4.705-4.667 12.303-4.637 16.97.068l22.536 22.718c4.667 4.706 4.637 12.304-.068 16.971z\"><\/path><\/svg>\t\t\t\t<\/span>\n\t\t\t<\/div>\n\t\t\t\n\t\t\t\t\t\t<div class=\"elementor-icon-box-content\">\n\n\t\t\t\t\t\t\t\t\t<h3 class=\"elementor-icon-box-title\">\n\t\t\t\t\t\t<span  >\n\t\t\t\t\t\t\tCambridge English Schools\t\t\t\t\t\t<\/span>\n\t\t\t\t\t<\/h3>\n\t\t\t\t\n\t\t\t\t\t\t\t\t\t<p class=\"elementor-icon-box-description\">\n\t\t\t\t\t\tSe basa en la experiencia y expertise conjunto de Cambridge University Press y Cambridge English Language Assessment. Somos conocidos en todo el mundo por proveer los m\u00e1s altos est\u00e1ndares en educaci\u00f3n y evaluaci\u00f3n de idiomas.\n\nCon el programa Cambridge English Schools se trabaja en las escuelas para:\n<br>\n1. Confeccionar programas de ingl\u00e9s para que los alumnos progresen en sus ex\u00e1menes internacionales <br>\n2. apoyar a maestros para que sus estudiantes tengan \u00e9xito <br>\n3. seleccionar los mejores materiales de aprendizaje para los ni\u00f1os \u2013 y hacer el mejor uso de ellos\t\t\t\t\t<\/p>\n\t\t\t\t\n\t\t\t<\/div>\n\t\t\t\n\t\t<\/div>\n\t\t\t\t\t\t<\/div>\n\t\t\t\t<\/div>\n\t\t\t\t<div class=\"elementor-element elementor-element-68bcde6 elementor-position-inline-start elementor-view-default elementor-mobile-position-block-start elementor-widget elementor-widget-icon-box\" data-id=\"68bcde6\" data-element_type=\"widget\" data-e-type=\"widget\" data-widget_type=\"icon-box.default\">\n\t\t\t\t<div class=\"elementor-widget-container\">\n\t\t\t\t\t\t\t<div class=\"elementor-icon-box-wrapper\">\n\n\t\t\t\t\t\t<div class=\"elementor-icon-box-icon\">\n\t\t\t\t<span  class=\"elementor-icon\">\n\t\t\t\t<svg aria-hidden=\"true\" class=\"e-font-icon-svg e-far-check-square\" viewBox=\"0 0 448 512\" xmlns=\"http:\/\/www.w3.org\/2000\/svg\"><path d=\"M400 32H48C21.49 32 0 53.49 0 80v352c0 26.51 21.49 48 48 48h352c26.51 0 48-21.49 48-48V80c0-26.51-21.49-48-48-48zm0 400H48V80h352v352zm-35.864-241.724L191.547 361.48c-4.705 4.667-12.303 4.637-16.97-.068l-90.781-91.516c-4.667-4.705-4.637-12.303.069-16.971l22.719-22.536c4.705-4.667 12.303-4.637 16.97.069l59.792 60.277 141.352-140.216c4.705-4.667 12.303-4.637 16.97.068l22.536 22.718c4.667 4.706 4.637 12.304-.068 16.971z\"><\/path><\/svg>\t\t\t\t<\/span>\n\t\t\t<\/div>\n\t\t\t\n\t\t\t\t\t\t<div class=\"elementor-icon-box-content\">\n\n\t\t\t\t\t\t\t\t\t<h3 class=\"elementor-icon-box-title\">\n\t\t\t\t\t\t<span  >\n\t\t\t\t\t\t\tCertificado Colegio Pedag\u00f3gico Ingl\u00e9s en el Programa Cambridge English Schools\t\t\t\t\t\t<\/span>\n\t\t\t\t\t<\/h3>\n\t\t\t\t\n\t\t\t\t\t\t\t\t\t<p class=\"elementor-icon-box-description\">\n\t\t\t\t\t\tFelicitamos a las siguientes escuelas por sumarse al programa Cambridge English Schools:\t\t\t\t\t<\/p>\n\t\t\t\t\n\t\t\t<\/div>\n\t\t\t\n\t\t<\/div>\n\t\t\t\t\t\t<\/div>\n\t\t\t\t<\/div>\n\t\t\t\t<div class=\"elementor-element elementor-element-95c8cc2 elementor-widget elementor-widget-image\" data-id=\"95c8cc2\" data-element_type=\"widget\" data-e-type=\"widget\" data-widget_type=\"image.default\">\n\t\t\t\t<div class=\"elementor-widget-container\">\n\t\t\t\t\t\t\t\t\t\t\t\t\t\t\t<img decoding=\"async\" width=\"1024\" height=\"345\" src=\"https:\/\/colegiopedagogicoingles.edu.co\/web\/wp-content\/uploads\/2024\/07\/cert-1-1024x345.png\" class=\"attachment-large size-large wp-image-1769\" alt=\"\" srcset=\"https:\/\/colegiopedagogicoingles.edu.co\/web\/wp-content\/uploads\/2024\/07\/cert-1-980x330.png 980w, https:\/\/colegiopedagogicoingles.edu.co\/web\/wp-content\/uploads\/2024\/07\/cert-1-480x162.png 480w\" sizes=\"(min-width: 0px) and (max-width: 480px) 480px, (min-width: 481px) and (max-width: 980px) 980px, (min-width: 981px) 1024px, 100vw\" \/>\t\t\t\t\t\t\t\t\t\t\t\t\t\t\t<\/div>\n\t\t\t\t<\/div>\n\t\t\t\t<\/div>\n\t\t\t\t\t<\/div>\n\t\t\t\t<\/div>\n\t\t<div class=\"elementor-element elementor-element-60179de e-flex e-con-boxed e-con e-parent\" data-id=\"60179de\" data-element_type=\"container\" data-e-type=\"container\" data-settings=\"{&quot;background_background&quot;:&quot;gradient&quot;}\">\n\t\t\t\t\t<div class=\"e-con-inner\">\n\t\t<div class=\"elementor-element elementor-element-aeb512e e-con-full e-flex e-con e-child\" data-id=\"aeb512e\" data-element_type=\"container\" data-e-type=\"container\">\n\t\t\t\t<div class=\"elementor-element elementor-element-99b9853 elementor-widget elementor-widget-heading\" data-id=\"99b9853\" data-element_type=\"widget\" data-e-type=\"widget\" data-widget_type=\"heading.default\">\n\t\t\t\t<div class=\"elementor-widget-container\">\n\t\t\t\t\t<h2 class=\"elementor-heading-title elementor-size-default\">SMART ACADEMIA DE IDIOMAS<\/h2>\t\t\t\t<\/div>\n\t\t\t\t<\/div>\n\t\t\t\t<div class=\"elementor-element elementor-element-f7e4b6e elementor-widget elementor-widget-text-editor\" data-id=\"f7e4b6e\" data-element_type=\"widget\" data-e-type=\"widget\" data-widget_type=\"text-editor.default\">\n\t\t\t\t<div class=\"elementor-widget-container\">\n\t\t\t\t\t\t\t\t\t<div class=\"et_pb_module et_pb_text et_pb_text_1  et_pb_text_align_left et_pb_bg_layout_light\"><div class=\"et_pb_text_inner\"><p>Centro Examinador Certificado por CAMBRIDGE, como enlace en Colombia para la aplicaci\u00f3n de PLACEMENT TEST, EXAMENES DE CERTIFICACI\u00d3N desde A1 MOVERS, A2 FLYERS, A2 KEY, B1 PRELIMINARY, B2 FIRST; y apoyo tanto acad\u00e9mico como log\u00edstico, para la preparaci\u00f3n y presentaci\u00f3n de ex\u00e1menes internacionales.<\/p><\/div><\/div>\t\t\t\t\t\t\t\t<\/div>\n\t\t\t\t<\/div>\n\t\t\t\t<div class=\"elementor-element elementor-element-59bcd78 elementor-widget elementor-widget-button\" data-id=\"59bcd78\" data-element_type=\"widget\" data-e-type=\"widget\" data-widget_type=\"button.default\">\n\t\t\t\t<div class=\"elementor-widget-container\">\n\t\t\t\t\t\t\t\t\t<div class=\"elementor-button-wrapper\">\n\t\t\t\t\t<a class=\"elementor-button elementor-button-link elementor-size-sm\" href=\"https:\/\/smart.edu.co\/home\/\">\n\t\t\t\t\t\t<span class=\"elementor-button-content-wrapper\">\n\t\t\t\t\t\t<span class=\"elementor-button-icon\">\n\t\t\t\t<svg aria-hidden=\"true\" class=\"e-font-icon-svg e-fas-angle-double-right\" viewBox=\"0 0 448 512\" xmlns=\"http:\/\/www.w3.org\/2000\/svg\"><path d=\"M224.3 273l-136 136c-9.4 9.4-24.6 9.4-33.9 0l-22.6-22.6c-9.4-9.4-9.4-24.6 0-33.9l96.4-96.4-96.4-96.4c-9.4-9.4-9.4-24.6 0-33.9L54.3 103c9.4-9.4 24.6-9.4 33.9 0l136 136c9.5 9.4 9.5 24.6.1 34zm192-34l-136-136c-9.4-9.4-24.6-9.4-33.9 0l-22.6 22.6c-9.4 9.4-9.4 24.6 0 33.9l96.4 96.4-96.4 96.4c-9.4 9.4-9.4 24.6 0 33.9l22.6 22.6c9.4 9.4 24.6 9.4 33.9 0l136-136c9.4-9.2 9.4-24.4 0-33.8z\"><\/path><\/svg>\t\t\t<\/span>\n\t\t\t\t\t\t\t\t\t<span class=\"elementor-button-text\">Ir a la pagina web<\/span>\n\t\t\t\t\t<\/span>\n\t\t\t\t\t<\/a>\n\t\t\t\t<\/div>\n\t\t\t\t\t\t\t\t<\/div>\n\t\t\t\t<\/div>\n\t\t\t\t<\/div>\n\t\t<div class=\"elementor-element elementor-element-a8fbaef e-con-full e-flex e-con e-child\" data-id=\"a8fbaef\" data-element_type=\"container\" data-e-type=\"container\">\n\t\t\t\t<div class=\"elementor-element elementor-element-73113f1 elementor-widget elementor-widget-image\" data-id=\"73113f1\" data-element_type=\"widget\" data-e-type=\"widget\" data-widget_type=\"image.default\">\n\t\t\t\t<div class=\"elementor-widget-container\">\n\t\t\t\t\t\t\t\t\t\t\t\t\t\t\t<img loading=\"lazy\" decoding=\"async\" width=\"1024\" height=\"351\" src=\"https:\/\/colegiopedagogicoingles.edu.co\/web\/wp-content\/uploads\/2024\/07\/Imagen6-1-1024x351.png\" class=\"attachment-large size-large wp-image-1538\" alt=\"\" srcset=\"https:\/\/colegiopedagogicoingles.edu.co\/web\/wp-content\/uploads\/2024\/07\/Imagen6-1-980x336.png 980w, https:\/\/colegiopedagogicoingles.edu.co\/web\/wp-content\/uploads\/2024\/07\/Imagen6-1-480x165.png 480w\" sizes=\"(min-width: 0px) and (max-width: 480px) 480px, (min-width: 481px) and (max-width: 980px) 980px, (min-width: 981px) 1024px, 100vw\" \/>\t\t\t\t\t\t\t\t\t\t\t\t\t\t\t<\/div>\n\t\t\t\t<\/div>\n\t\t\t\t<\/div>\n\t\t\t\t\t<\/div>\n\t\t\t\t<\/div>\n\t\t<div class=\"elementor-element elementor-element-7fd2c22 e-flex e-con-boxed e-con e-parent\" data-id=\"7fd2c22\" data-element_type=\"container\" data-e-type=\"container\">\n\t\t\t\t\t<div class=\"e-con-inner\">\n\t\t<div class=\"elementor-element elementor-element-a6bfa7e e-con-full e-flex e-con e-child\" data-id=\"a6bfa7e\" data-element_type=\"container\" data-e-type=\"container\">\n\t\t\t\t<\/div>\n\t\t<div class=\"elementor-element elementor-element-a944f8e e-con-full e-flex e-con e-child\" data-id=\"a944f8e\" data-element_type=\"container\" data-e-type=\"container\">\n\t\t\t\t<div class=\"elementor-element elementor-element-919ac93 elementor-widget elementor-widget-video\" data-id=\"919ac93\" data-element_type=\"widget\" data-e-type=\"widget\" data-settings=\"{&quot;video_type&quot;:&quot;hosted&quot;,&quot;controls&quot;:&quot;yes&quot;}\" data-widget_type=\"video.default\">\n\t\t\t\t<div class=\"elementor-widget-container\">\n\t\t\t\t\t\t\t<div class=\"e-hosted-video elementor-wrapper elementor-open-inline\">\n\t\t\t\t\t<video class=\"elementor-video\" src=\"https:\/\/colegiopedagogicoingles.edu.co\/web\/wp-content\/uploads\/2024\/10\/IMG_6550_sub-3.mp4\" controls=\"\" preload=\"metadata\" controlsList=\"nodownload\"><\/video>\n\t\t\t\t<\/div>\n\t\t\t\t\t\t<\/div>\n\t\t\t\t<\/div>\n\t\t\t\t<\/div>\n\t\t<div class=\"elementor-element elementor-element-c72b719 e-con-full e-flex e-con e-child\" data-id=\"c72b719\" data-element_type=\"container\" data-e-type=\"container\">\n\t\t\t\t<\/div>\n\t\t\t\t\t<\/div>\n\t\t\t\t<\/div>\n\t\t\t\t<\/div>\n\t\t","protected":false},"excerpt":{"rendered":"<p>Aliados de COLPEIN Conoce los Aliados con los que logramos ofrecer una Educaci\u00f3n de Alta Calidad. Ir a la pagina web CAMBRIDGE UNIVERSITY PRESS AND ASSESSMENT Enfoca su trabajo en desarrollar y entregar materiales educativos y evaluaciones de alta calidad para profesores y estudiantes a trav\u00e9s de diferentes estrategias, desde apoyo pedag\u00f3gico, capacitaciones, herramientas tecnol\u00f3gicas, [&hellip;]<\/p>\n","protected":false},"author":1,"featured_media":0,"parent":0,"menu_order":0,"comment_status":"closed","ping_status":"closed","template":"elementor_header_footer","meta":{"_et_pb_use_builder":"","_et_pb_old_content":"","_et_gb_content_width":"","_uag_custom_page_level_css":"","_joinchat":[],"footnotes":""},"class_list":["post-1942","page","type-page","status-publish","hentry"],"uagb_featured_image_src":{"full":false,"thumbnail":false,"medium":false,"medium_large":false,"large":false,"1536x1536":false,"2048x2048":false,"et-pb-post-main-image":false,"et-pb-post-main-image-fullwidth":false,"et-pb-portfolio-image":false,"et-pb-portfolio-module-image":false,"et-pb-portfolio-image-single":false,"et-pb-gallery-module-image-portrait":false,"et-pb-post-main-image-fullwidth-large":false,"et-pb-image--responsive--desktop":false,"et-pb-image--responsive--tablet":false,"et-pb-image--responsive--phone":false},"uagb_author_info":{"display_name":"admin","author_link":"https:\/\/colegiopedagogicoingles.edu.co\/web\/author\/admin\/"},"uagb_comment_info":0,"uagb_excerpt":"Aliados de COLPEIN Conoce los Aliados con los que logramos ofrecer una Educaci\u00f3n de Alta Calidad. Ir a la pagina web CAMBRIDGE UNIVERSITY PRESS AND ASSESSMENT Enfoca su trabajo en desarrollar y entregar materiales educativos y evaluaciones de alta calidad para profesores y estudiantes a trav\u00e9s de diferentes estrategias, desde apoyo pedag\u00f3gico, capacitaciones, herramientas tecnol\u00f3gicas,&hellip;","_links":{"self":[{"href":"https:\/\/colegiopedagogicoingles.edu.co\/web\/wp-json\/wp\/v2\/pages\/1942","targetHints":{"allow":["GET"]}}],"collection":[{"href":"https:\/\/colegiopedagogicoingles.edu.co\/web\/wp-json\/wp\/v2\/pages"}],"about":[{"href":"https:\/\/colegiopedagogicoingles.edu.co\/web\/wp-json\/wp\/v2\/types\/page"}],"author":[{"embeddable":true,"href":"https:\/\/colegiopedagogicoingles.edu.co\/web\/wp-json\/wp\/v2\/users\/1"}],"replies":[{"embeddable":true,"href":"https:\/\/colegiopedagogicoingles.edu.co\/web\/wp-json\/wp\/v2\/comments?post=1942"}],"version-history":[{"count":29,"href":"https:\/\/colegiopedagogicoingles.edu.co\/web\/wp-json\/wp\/v2\/pages\/1942\/revisions"}],"predecessor-version":[{"id":2739,"href":"https:\/\/colegiopedagogicoingles.edu.co\/web\/wp-json\/wp\/v2\/pages\/1942\/revisions\/2739"}],"wp:attachment":[{"href":"https:\/\/colegiopedagogicoingles.edu.co\/web\/wp-json\/wp\/v2\/media?parent=1942"}],"curies":[{"name":"wp","href":"https:\/\/api.w.org\/{rel}","templated":true}]}}