{"id":1930,"date":"2024-10-08T21:10:12","date_gmt":"2024-10-09T02:10:12","guid":{"rendered":"https:\/\/colegiopedagogicoingles.edu.co\/web\/?page_id=1930"},"modified":"2024-11-10T15:18:30","modified_gmt":"2024-11-10T20:18:30","slug":"bachillerato-2","status":"publish","type":"page","link":"https:\/\/colegiopedagogicoingles.edu.co\/web\/bachillerato-2\/","title":{"rendered":"BACHILLERATO"},"content":{"rendered":"\t\t<div data-elementor-type=\"wp-page\" data-elementor-id=\"1930\" class=\"elementor elementor-1930\">\n\t\t\t\t<div class=\"elementor-element elementor-element-442ab11 e-flex e-con-boxed e-con e-parent\" data-id=\"442ab11\" data-element_type=\"container\" data-e-type=\"container\" data-settings=\"{&quot;background_background&quot;:&quot;classic&quot;}\">\n\t\t\t\t\t<div class=\"e-con-inner\">\n\t\t\t\t\t<\/div>\n\t\t\t\t<\/div>\n\t\t<div class=\"elementor-element elementor-element-aa6a862 e-flex e-con-boxed e-con e-parent\" data-id=\"aa6a862\" data-element_type=\"container\" data-e-type=\"container\">\n\t\t\t\t\t<div class=\"e-con-inner\">\n\t\t\t\t<div class=\"elementor-element elementor-element-9c75c66 elementor-widget elementor-widget-heading\" data-id=\"9c75c66\" data-element_type=\"widget\" data-e-type=\"widget\" data-widget_type=\"heading.default\">\n\t\t\t\t<div class=\"elementor-widget-container\">\n\t\t\t\t\t<h2 class=\"elementor-heading-title elementor-size-default\">Bachillerato<\/h2>\t\t\t\t<\/div>\n\t\t\t\t<\/div>\n\t\t\t\t\t<\/div>\n\t\t\t\t<\/div>\n\t\t<div class=\"elementor-element elementor-element-9c50c7e e-flex e-con-boxed e-con e-parent\" data-id=\"9c50c7e\" data-element_type=\"container\" data-e-type=\"container\">\n\t\t\t\t\t<div class=\"e-con-inner\">\n\t\t<div class=\"elementor-element elementor-element-8a9a360 e-con-full e-flex e-con e-child\" data-id=\"8a9a360\" data-element_type=\"container\" data-e-type=\"container\">\n\t\t\t\t<div class=\"elementor-element elementor-element-74fa873 elementor-widget elementor-widget-heading\" data-id=\"74fa873\" data-element_type=\"widget\" data-e-type=\"widget\" data-widget_type=\"heading.default\">\n\t\t\t\t<div class=\"elementor-widget-container\">\n\t\t\t\t\t<h2 class=\"elementor-heading-title elementor-size-default\">Secci\u00f3n de Bachillerato<\/h2>\t\t\t\t<\/div>\n\t\t\t\t<\/div>\n\t\t\t\t<div class=\"elementor-element elementor-element-55205cc elementor-widget elementor-widget-text-editor\" data-id=\"55205cc\" data-element_type=\"widget\" data-e-type=\"widget\" data-widget_type=\"text-editor.default\">\n\t\t\t\t<div class=\"elementor-widget-container\">\n\t\t\t\t\t\t\t\t\t<p>La secci\u00f3n de bachillerato comprende los grados de b\u00e1sica secundaria (sexto a noveno) y educaci\u00f3n media (d\u00e9cimo y und\u00e9cimo), enfocada en la formaci\u00f3n integral de nuestros estudiantes.<\/p><h4><strong>Grados<\/strong><\/h4><p><strong>\u2022Sexto<\/strong>: Iniciaci\u00f3n en el pensamiento cr\u00edtico y desarrollo acad\u00e9mico.<\/p><p><strong>\u2022S\u00e9ptimo<\/strong>: Fortalecimiento de habilidades cognitivas y sociales.<\/p><p><strong>\u2022Octavo<\/strong>: Exploraci\u00f3n cient\u00edfica y creatividad aplicada.<\/p><p><strong>\u2022Noveno<\/strong>: Consolidaci\u00f3n de competencias acad\u00e9micas y preparaci\u00f3n para la educaci\u00f3n media.<\/p><p><strong>\u2022D\u00e9cimo<\/strong>: Orientaci\u00f3n profesional y desarrollo de proyectos.<\/p><p><strong>\u2022Und\u00e9cimo<\/strong>: Culminaci\u00f3n del proceso acad\u00e9mico, preparaci\u00f3n para la vida universitaria y profesional.<\/p>\t\t\t\t\t\t\t\t<\/div>\n\t\t\t\t<\/div>\n\t\t\t\t<div class=\"elementor-element elementor-element-b288ee5 elementor-widget elementor-widget-heading\" data-id=\"b288ee5\" data-element_type=\"widget\" data-e-type=\"widget\" data-widget_type=\"heading.default\">\n\t\t\t\t<div class=\"elementor-widget-container\">\n\t\t\t\t\t<h2 class=\"elementor-heading-title elementor-size-default\">Objetivo<\/h2>\t\t\t\t<\/div>\n\t\t\t\t<\/div>\n\t\t\t\t<div class=\"elementor-element elementor-element-5be5a10 elementor-widget elementor-widget-text-editor\" data-id=\"5be5a10\" data-element_type=\"widget\" data-e-type=\"widget\" data-widget_type=\"text-editor.default\">\n\t\t\t\t<div class=\"elementor-widget-container\">\n\t\t\t\t\t\t\t\t\t<p style=\"margin: 0cm; margin-bottom: .0001pt;\">Formar ciudadanos integrales, felices y conscientes de su rol en la sociedad y el medio ambiente. Adem\u00e1s de las asignaturas tradicionales, nuestros estudiantes disfrutan de actividades culturales, deportivas y comunitarias que desarrollan habilidades esenciales para enfrentar los retos acad\u00e9micos, sociales y profesionales.<\/p>\t\t\t\t\t\t\t\t<\/div>\n\t\t\t\t<\/div>\n\t\t\t\t<div class=\"elementor-element elementor-element-fffb2c9 elementor-widget elementor-widget-heading\" data-id=\"fffb2c9\" data-element_type=\"widget\" data-e-type=\"widget\" data-widget_type=\"heading.default\">\n\t\t\t\t<div class=\"elementor-widget-container\">\n\t\t\t\t\t<h2 class=\"elementor-heading-title elementor-size-default\">Valores<\/h2>\t\t\t\t<\/div>\n\t\t\t\t<\/div>\n\t\t\t\t<div class=\"elementor-element elementor-element-ebdb31e elementor-widget elementor-widget-text-editor\" data-id=\"ebdb31e\" data-element_type=\"widget\" data-e-type=\"widget\" data-widget_type=\"text-editor.default\">\n\t\t\t\t<div class=\"elementor-widget-container\">\n\t\t\t\t\t\t\t\t\t<p><strong>\u2022Responsabilidad<\/strong>: Compromiso con el aprendizaje y la comunidad.<\/p><p><strong>\u2022Respeto<\/strong>: Valoraci\u00f3n de la diversidad y el entorno.<\/p><p><strong>\u2022Creatividad<\/strong>: Promoci\u00f3n de la innovaci\u00f3n y el pensamiento fuera de lo com\u00fan.<\/p><p><strong>\u2022Solidaridad<\/strong>: Participaci\u00f3n activa en proyectos sociales y comunitarios.<\/p><p><strong>\u2022Disciplina<\/strong>: Formaci\u00f3n con enfoque en la autodisciplina y el esfuerzo constante.<\/p>\t\t\t\t\t\t\t\t<\/div>\n\t\t\t\t<\/div>\n\t\t\t\t<\/div>\n\t\t<div class=\"elementor-element elementor-element-3820f62 e-con-full e-flex e-con e-child\" data-id=\"3820f62\" data-element_type=\"container\" data-e-type=\"container\">\n\t\t\t\t<div class=\"elementor-element elementor-element-1756713 elementor-widget elementor-widget-video\" data-id=\"1756713\" data-element_type=\"widget\" data-e-type=\"widget\" data-settings=\"{&quot;video_type&quot;:&quot;hosted&quot;,&quot;controls&quot;:&quot;yes&quot;}\" data-widget_type=\"video.default\">\n\t\t\t\t<div class=\"elementor-widget-container\">\n\t\t\t\t\t\t\t<div class=\"e-hosted-video elementor-wrapper elementor-open-inline\">\n\t\t\t\t\t<video class=\"elementor-video\" src=\"https:\/\/colegiopedagogicoingles.edu.co\/web\/wp-content\/uploads\/2020\/10\/Laura-Manuela.mp4\" controls=\"\" preload=\"metadata\" controlsList=\"nodownload\"><\/video>\n\t\t\t\t<\/div>\n\t\t\t\t\t\t<\/div>\n\t\t\t\t<\/div>\n\t\t\t\t<div class=\"elementor-element elementor-element-13fbaae elementor-widget elementor-widget-video\" data-id=\"13fbaae\" data-element_type=\"widget\" data-e-type=\"widget\" data-settings=\"{&quot;video_type&quot;:&quot;hosted&quot;,&quot;controls&quot;:&quot;yes&quot;}\" data-widget_type=\"video.default\">\n\t\t\t\t<div class=\"elementor-widget-container\">\n\t\t\t\t\t\t\t<div class=\"e-hosted-video elementor-wrapper elementor-open-inline\">\n\t\t\t\t\t<video class=\"elementor-video\" src=\"https:\/\/colegiopedagogicoingles.edu.co\/web\/wp-content\/uploads\/2020\/10\/Nicolas-David.mp4\" controls=\"\" preload=\"metadata\" controlsList=\"nodownload\"><\/video>\n\t\t\t\t<\/div>\n\t\t\t\t\t\t<\/div>\n\t\t\t\t<\/div>\n\t\t\t\t<div class=\"elementor-element elementor-element-bae2d5f elementor-widget elementor-widget-image\" data-id=\"bae2d5f\" data-element_type=\"widget\" data-e-type=\"widget\" data-widget_type=\"image.default\">\n\t\t\t\t<div class=\"elementor-widget-container\">\n\t\t\t\t\t\t\t\t\t\t\t\t\t\t\t<img fetchpriority=\"high\" decoding=\"async\" width=\"1024\" height=\"768\" src=\"https:\/\/colegiopedagogicoingles.edu.co\/web\/wp-content\/uploads\/2024\/10\/438119258_957885995798621_2935058749894478030_n-1024x768.jpg\" class=\"attachment-large size-large wp-image-2432\" alt=\"\" srcset=\"https:\/\/colegiopedagogicoingles.edu.co\/web\/wp-content\/uploads\/2024\/10\/438119258_957885995798621_2935058749894478030_n-980x735.jpg 980w, https:\/\/colegiopedagogicoingles.edu.co\/web\/wp-content\/uploads\/2024\/10\/438119258_957885995798621_2935058749894478030_n-480x360.jpg 480w\" sizes=\"(min-width: 0px) and (max-width: 480px) 480px, (min-width: 481px) and (max-width: 980px) 980px, (min-width: 981px) 1024px, 100vw\" \/>\t\t\t\t\t\t\t\t\t\t\t\t\t\t\t<\/div>\n\t\t\t\t<\/div>\n\t\t\t\t<\/div>\n\t\t\t\t\t<\/div>\n\t\t\t\t<\/div>\n\t\t\t\t<\/div>\n\t\t","protected":false},"excerpt":{"rendered":"<p>Bachillerato Secci\u00f3n de Bachillerato La secci\u00f3n de bachillerato comprende los grados de b\u00e1sica secundaria (sexto a noveno) y educaci\u00f3n media (d\u00e9cimo y und\u00e9cimo), enfocada en la formaci\u00f3n integral de nuestros estudiantes. Grados \u2022Sexto: Iniciaci\u00f3n en el pensamiento cr\u00edtico y desarrollo acad\u00e9mico. \u2022S\u00e9ptimo: Fortalecimiento de habilidades cognitivas y sociales. \u2022Octavo: Exploraci\u00f3n cient\u00edfica y creatividad aplicada. \u2022Noveno: [&hellip;]<\/p>\n","protected":false},"author":1,"featured_media":0,"parent":0,"menu_order":0,"comment_status":"closed","ping_status":"closed","template":"elementor_header_footer","meta":{"_et_pb_use_builder":"","_et_pb_old_content":"","_et_gb_content_width":"","_uag_custom_page_level_css":"","_joinchat":[],"footnotes":""},"class_list":["post-1930","page","type-page","status-publish","hentry"],"uagb_featured_image_src":{"full":false,"thumbnail":false,"medium":false,"medium_large":false,"large":false,"1536x1536":false,"2048x2048":false,"et-pb-post-main-image":false,"et-pb-post-main-image-fullwidth":false,"et-pb-portfolio-image":false,"et-pb-portfolio-module-image":false,"et-pb-portfolio-image-single":false,"et-pb-gallery-module-image-portrait":false,"et-pb-post-main-image-fullwidth-large":false,"et-pb-image--responsive--desktop":false,"et-pb-image--responsive--tablet":false,"et-pb-image--responsive--phone":false},"uagb_author_info":{"display_name":"admin","author_link":"https:\/\/colegiopedagogicoingles.edu.co\/web\/author\/admin\/"},"uagb_comment_info":0,"uagb_excerpt":"Bachillerato Secci\u00f3n de Bachillerato La secci\u00f3n de bachillerato comprende los grados de b\u00e1sica secundaria (sexto a noveno) y educaci\u00f3n media (d\u00e9cimo y und\u00e9cimo), enfocada en la formaci\u00f3n integral de nuestros estudiantes. Grados \u2022Sexto: Iniciaci\u00f3n en el pensamiento cr\u00edtico y desarrollo acad\u00e9mico. \u2022S\u00e9ptimo: Fortalecimiento de habilidades cognitivas y sociales. \u2022Octavo: Exploraci\u00f3n cient\u00edfica y creatividad aplicada. \u2022Noveno:&hellip;","_links":{"self":[{"href":"https:\/\/colegiopedagogicoingles.edu.co\/web\/wp-json\/wp\/v2\/pages\/1930","targetHints":{"allow":["GET"]}}],"collection":[{"href":"https:\/\/colegiopedagogicoingles.edu.co\/web\/wp-json\/wp\/v2\/pages"}],"about":[{"href":"https:\/\/colegiopedagogicoingles.edu.co\/web\/wp-json\/wp\/v2\/types\/page"}],"author":[{"embeddable":true,"href":"https:\/\/colegiopedagogicoingles.edu.co\/web\/wp-json\/wp\/v2\/users\/1"}],"replies":[{"embeddable":true,"href":"https:\/\/colegiopedagogicoingles.edu.co\/web\/wp-json\/wp\/v2\/comments?post=1930"}],"version-history":[{"count":26,"href":"https:\/\/colegiopedagogicoingles.edu.co\/web\/wp-json\/wp\/v2\/pages\/1930\/revisions"}],"predecessor-version":[{"id":2683,"href":"https:\/\/colegiopedagogicoingles.edu.co\/web\/wp-json\/wp\/v2\/pages\/1930\/revisions\/2683"}],"wp:attachment":[{"href":"https:\/\/colegiopedagogicoingles.edu.co\/web\/wp-json\/wp\/v2\/media?parent=1930"}],"curies":[{"name":"wp","href":"https:\/\/api.w.org\/{rel}","templated":true}]}}