{"id":1914,"date":"2024-10-08T18:21:41","date_gmt":"2024-10-08T23:21:41","guid":{"rendered":"https:\/\/colegiopedagogicoingles.edu.co\/web\/?page_id=1914"},"modified":"2024-12-03T17:01:12","modified_gmt":"2024-12-03T22:01:12","slug":"preescolar","status":"publish","type":"page","link":"https:\/\/colegiopedagogicoingles.edu.co\/web\/preescolar\/","title":{"rendered":"PREESCOLAR"},"content":{"rendered":"\t\t<div data-elementor-type=\"wp-page\" data-elementor-id=\"1914\" class=\"elementor elementor-1914\">\n\t\t\t\t<div class=\"elementor-element elementor-element-dd44d5f e-flex e-con-boxed e-con e-parent\" data-id=\"dd44d5f\" data-element_type=\"container\" data-e-type=\"container\" data-settings=\"{&quot;background_background&quot;:&quot;slideshow&quot;,&quot;shape_divider_bottom&quot;:&quot;waves&quot;,&quot;background_slideshow_gallery&quot;:[{&quot;id&quot;:2705,&quot;url&quot;:&quot;https:\\\/\\\/colegiopedagogicoingles.edu.co\\\/web\\\/wp-content\\\/uploads\\\/2024\\\/11\\\/PIEZAS-GRAFICAS-COLPEIN-1-e1731274525512.png&quot;},{&quot;id&quot;:2915,&quot;url&quot;:&quot;https:\\\/\\\/colegiopedagogicoingles.edu.co\\\/web\\\/wp-content\\\/uploads\\\/2024\\\/12\\\/454196274_1009883993932154_1616946674808928102_n.jpg&quot;},{&quot;id&quot;:2914,&quot;url&quot;:&quot;https:\\\/\\\/colegiopedagogicoingles.edu.co\\\/web\\\/wp-content\\\/uploads\\\/2024\\\/12\\\/453921284_1009884153932138_966089074000883198_n.jpg&quot;},{&quot;id&quot;:2851,&quot;url&quot;:&quot;https:\\\/\\\/colegiopedagogicoingles.edu.co\\\/web\\\/wp-content\\\/uploads\\\/2024\\\/12\\\/458772160_1030419781878575_4058197365514410758_n.jpg&quot;},{&quot;id&quot;:2910,&quot;url&quot;:&quot;https:\\\/\\\/colegiopedagogicoingles.edu.co\\\/web\\\/wp-content\\\/uploads\\\/2024\\\/12\\\/448470401_980039643583256_7665227505520178831_n-1.jpg&quot;},{&quot;id&quot;:2911,&quot;url&quot;:&quot;https:\\\/\\\/colegiopedagogicoingles.edu.co\\\/web\\\/wp-content\\\/uploads\\\/2024\\\/12\\\/448468602_980039566916597_7826261031293055464_n.jpg&quot;},{&quot;id&quot;:2869,&quot;url&quot;:&quot;https:\\\/\\\/colegiopedagogicoingles.edu.co\\\/web\\\/wp-content\\\/uploads\\\/2024\\\/12\\\/454835317_1014231486830738_1180567208835697120_n-e1733261247861.jpg&quot;},{&quot;id&quot;:2875,&quot;url&quot;:&quot;https:\\\/\\\/colegiopedagogicoingles.edu.co\\\/web\\\/wp-content\\\/uploads\\\/2024\\\/12\\\/455129986_1014230950164125_268282129809069267_n.jpg&quot;},{&quot;id&quot;:2912,&quot;url&quot;:&quot;https:\\\/\\\/colegiopedagogicoingles.edu.co\\\/web\\\/wp-content\\\/uploads\\\/2024\\\/12\\\/448440472_980039406916613_1530151364408506772_n.jpg&quot;},{&quot;id&quot;:2919,&quot;url&quot;:&quot;https:\\\/\\\/colegiopedagogicoingles.edu.co\\\/web\\\/wp-content\\\/uploads\\\/2024\\\/12\\\/466010335_1080288733558346_6774605633302898_n.jpg&quot;}],&quot;background_slideshow_slide_duration&quot;:2000,&quot;background_slideshow_loop&quot;:&quot;yes&quot;,&quot;background_slideshow_slide_transition&quot;:&quot;fade&quot;,&quot;background_slideshow_transition_duration&quot;:500}\">\n\t\t\t\t\t<div class=\"e-con-inner\">\n\t\t\t\t<div class=\"elementor-shape elementor-shape-bottom\" aria-hidden=\"true\" data-negative=\"false\">\n\t\t\t<svg xmlns=\"http:\/\/www.w3.org\/2000\/svg\" viewBox=\"0 0 1000 100\" preserveAspectRatio=\"none\">\n\t<path class=\"elementor-shape-fill\" d=\"M421.9,6.5c22.6-2.5,51.5,0.4,75.5,5.3c23.6,4.9,70.9,23.5,100.5,35.7c75.8,32.2,133.7,44.5,192.6,49.7\n\tc23.6,2.1,48.7,3.5,103.4-2.5c54.7-6,106.2-25.6,106.2-25.6V0H0v30.3c0,0,72,32.6,158.4,30.5c39.2-0.7,92.8-6.7,134-22.4\n\tc21.2-8.1,52.2-18.2,79.7-24.2C399.3,7.9,411.6,7.5,421.9,6.5z\"\/>\n<\/svg>\t\t<\/div>\n\t\t\t\t\t<\/div>\n\t\t\t\t<\/div>\n\t\t<div class=\"elementor-element elementor-element-3a132d4 e-flex e-con-boxed e-con e-parent\" data-id=\"3a132d4\" data-element_type=\"container\" data-e-type=\"container\">\n\t\t\t\t\t<div class=\"e-con-inner\">\n\t\t\t\t<div class=\"elementor-element elementor-element-ccf5fbb elementor-widget elementor-widget-heading\" data-id=\"ccf5fbb\" data-element_type=\"widget\" data-e-type=\"widget\" data-widget_type=\"heading.default\">\n\t\t\t\t<div class=\"elementor-widget-container\">\n\t\t\t\t\t<h2 class=\"elementor-heading-title elementor-size-default\">Primera Infancia y Preescolar<\/h2>\t\t\t\t<\/div>\n\t\t\t\t<\/div>\n\t\t\t\t\t<\/div>\n\t\t\t\t<\/div>\n\t\t<div class=\"elementor-element elementor-element-b90e8e5 e-flex e-con-boxed e-con e-parent\" data-id=\"b90e8e5\" data-element_type=\"container\" data-e-type=\"container\" data-settings=\"{&quot;background_background&quot;:&quot;gradient&quot;}\">\n\t\t\t\t\t<div class=\"e-con-inner\">\n\t\t\t\t<div class=\"elementor-element elementor-element-09a242d elementor-widget elementor-widget-image-gallery\" data-id=\"09a242d\" data-element_type=\"widget\" data-e-type=\"widget\" data-widget_type=\"image-gallery.default\">\n\t\t\t\t<div class=\"elementor-widget-container\">\n\t\t\t\t\t\t\t<div class=\"elementor-image-gallery\">\n\t\t\t\n\t\t<style type=\"text\/css\">\n\t\t\t#gallery-1 {\n\t\t\t\tmargin: auto;\n\t\t\t}\n\t\t\t#gallery-1 .gallery-item {\n\t\t\t\tfloat: left;\n\t\t\t\tmargin-top: 10px;\n\t\t\t\ttext-align: center;\n\t\t\t\twidth: 25%;\n\t\t\t}\n\t\t\t#gallery-1 img {\n\t\t\t\tborder: 2px solid #cfcfcf;\n\t\t\t}\n\t\t\t#gallery-1 .gallery-caption {\n\t\t\t\tmargin-left: 0;\n\t\t\t}\n\t\t\t\/* see gallery_shortcode() in wp-includes\/media.php *\/\n\t\t<\/style>\n\t\t<div id='gallery-1' class='gallery galleryid-1914 gallery-columns-4 gallery-size-et-pb-portfolio-module-image'><dl class='gallery-item'>\n\t\t\t<dt class='gallery-icon portrait'>\n\t\t\t\t<a data-elementor-open-lightbox=\"yes\" data-elementor-lightbox-slideshow=\"09a242d\" data-elementor-lightbox-title=\"453878349_1009884293932124_7389931976151561665_n\" data-e-action-hash=\"#elementor-action%3Aaction%3Dlightbox%26settings%3DeyJpZCI6MjYwNiwidXJsIjoiaHR0cHM6XC9cL2NvbGVnaW9wZWRhZ29naWNvaW5nbGVzLmVkdS5jb1wvd2ViXC93cC1jb250ZW50XC91cGxvYWRzXC8yMDI0XC8xMVwvNDUzODc4MzQ5XzEwMDk4ODQyOTM5MzIxMjRfNzM4OTkzMTk3NjE1MTU2MTY2NV9uLWUxNzMxMTU2MTc2NjAyLmpwZyIsInNsaWRlc2hvdyI6IjA5YTI0MmQifQ%3D%3D\" href='https:\/\/colegiopedagogicoingles.edu.co\/web\/wp-content\/uploads\/2024\/11\/453878349_1009884293932124_7389931976151561665_n-e1731156176602.jpg'><img fetchpriority=\"high\" decoding=\"async\" width=\"510\" height=\"382\" src=\"https:\/\/colegiopedagogicoingles.edu.co\/web\/wp-content\/uploads\/2024\/11\/453878349_1009884293932124_7389931976151561665_n-e1731156176602-510x382.jpg\" class=\"attachment-et-pb-portfolio-module-image size-et-pb-portfolio-module-image\" alt=\"\" \/><\/a>\n\t\t\t<\/dt><\/dl><dl class='gallery-item'>\n\t\t\t<dt class='gallery-icon landscape'>\n\t\t\t\t<a data-elementor-open-lightbox=\"yes\" data-elementor-lightbox-slideshow=\"09a242d\" data-elementor-lightbox-title=\"454259022_1009884213932132_6175039872917458963_n\" data-e-action-hash=\"#elementor-action%3Aaction%3Dlightbox%26settings%3DeyJpZCI6MjYwMSwidXJsIjoiaHR0cHM6XC9cL2NvbGVnaW9wZWRhZ29naWNvaW5nbGVzLmVkdS5jb1wvd2ViXC93cC1jb250ZW50XC91cGxvYWRzXC8yMDI0XC8xMVwvNDU0MjU5MDIyXzEwMDk4ODQyMTM5MzIxMzJfNjE3NTAzOTg3MjkxNzQ1ODk2M19uLWUxNzMxMjc0NjAzNTQwLmpwZyIsInNsaWRlc2hvdyI6IjA5YTI0MmQifQ%3D%3D\" href='https:\/\/colegiopedagogicoingles.edu.co\/web\/wp-content\/uploads\/2024\/11\/454259022_1009884213932132_6175039872917458963_n-e1731274603540.jpg'><img decoding=\"async\" width=\"510\" height=\"382\" src=\"https:\/\/colegiopedagogicoingles.edu.co\/web\/wp-content\/uploads\/2024\/11\/454259022_1009884213932132_6175039872917458963_n-e1731274603540-510x382.jpg\" class=\"attachment-et-pb-portfolio-module-image size-et-pb-portfolio-module-image\" alt=\"\" \/><\/a>\n\t\t\t<\/dt><\/dl><dl class='gallery-item'>\n\t\t\t<dt class='gallery-icon portrait'>\n\t\t\t\t<a data-elementor-open-lightbox=\"yes\" data-elementor-lightbox-slideshow=\"09a242d\" data-elementor-lightbox-title=\"WhatsApp Image 2020-09-03 at 12.48.47 PM\" data-e-action-hash=\"#elementor-action%3Aaction%3Dlightbox%26settings%3DeyJpZCI6NTg2LCJ1cmwiOiJodHRwczpcL1wvY29sZWdpb3BlZGFnb2dpY29pbmdsZXMuZWR1LmNvXC93ZWJcL3dwLWNvbnRlbnRcL3VwbG9hZHNcLzIwMjBcLzEwXC9XaGF0c0FwcC1JbWFnZS0yMDIwLTA5LTAzLWF0LTEyLjQ4LjQ3LVBNLmpwZWciLCJzbGlkZXNob3ciOiIwOWEyNDJkIn0%3D\" href='https:\/\/colegiopedagogicoingles.edu.co\/web\/wp-content\/uploads\/2020\/10\/WhatsApp-Image-2020-09-03-at-12.48.47-PM.jpeg'><img decoding=\"async\" width=\"510\" height=\"382\" src=\"https:\/\/colegiopedagogicoingles.edu.co\/web\/wp-content\/uploads\/2020\/10\/WhatsApp-Image-2020-09-03-at-12.48.47-PM-510x382.jpeg\" class=\"attachment-et-pb-portfolio-module-image size-et-pb-portfolio-module-image\" alt=\"\" srcset=\"https:\/\/colegiopedagogicoingles.edu.co\/web\/wp-content\/uploads\/2020\/10\/WhatsApp-Image-2020-09-03-at-12.48.47-PM-510x382.jpeg 510w, https:\/\/colegiopedagogicoingles.edu.co\/web\/wp-content\/uploads\/2020\/10\/WhatsApp-Image-2020-09-03-at-12.48.47-PM-480x640.jpeg 480w\" sizes=\"(min-width: 0px) and (max-width: 480px) 480px, (min-width: 481px) 510px, 100vw\" \/><\/a>\n\t\t\t<\/dt><\/dl><dl class='gallery-item'>\n\t\t\t<dt class='gallery-icon landscape'>\n\t\t\t\t<a data-elementor-open-lightbox=\"yes\" data-elementor-lightbox-slideshow=\"09a242d\" data-elementor-lightbox-title=\"CN4\" data-e-action-hash=\"#elementor-action%3Aaction%3Dlightbox%26settings%3DeyJpZCI6MjYyMywidXJsIjoiaHR0cHM6XC9cL2NvbGVnaW9wZWRhZ29naWNvaW5nbGVzLmVkdS5jb1wvd2ViXC93cC1jb250ZW50XC91cGxvYWRzXC8yMDI0XC8xMVwvQ040LnBuZyIsInNsaWRlc2hvdyI6IjA5YTI0MmQifQ%3D%3D\" href='https:\/\/colegiopedagogicoingles.edu.co\/web\/wp-content\/uploads\/2024\/11\/CN4.png'><img loading=\"lazy\" decoding=\"async\" width=\"510\" height=\"382\" src=\"https:\/\/colegiopedagogicoingles.edu.co\/web\/wp-content\/uploads\/2024\/11\/CN4-510x382.png\" class=\"attachment-et-pb-portfolio-module-image size-et-pb-portfolio-module-image\" alt=\"\" \/><\/a>\n\t\t\t<\/dt><\/dl><br style=\"clear: both\" \/><dl class='gallery-item'>\n\t\t\t<dt class='gallery-icon portrait'>\n\t\t\t\t<a data-elementor-open-lightbox=\"yes\" data-elementor-lightbox-slideshow=\"09a242d\" data-elementor-lightbox-title=\"I12\" data-e-action-hash=\"#elementor-action%3Aaction%3Dlightbox%26settings%3DeyJpZCI6MjYyNywidXJsIjoiaHR0cHM6XC9cL2NvbGVnaW9wZWRhZ29naWNvaW5nbGVzLmVkdS5jb1wvd2ViXC93cC1jb250ZW50XC91cGxvYWRzXC8yMDI0XC8xMVwvSTEyLmpwZyIsInNsaWRlc2hvdyI6IjA5YTI0MmQifQ%3D%3D\" href='https:\/\/colegiopedagogicoingles.edu.co\/web\/wp-content\/uploads\/2024\/11\/I12.jpg'><img loading=\"lazy\" decoding=\"async\" width=\"510\" height=\"382\" src=\"https:\/\/colegiopedagogicoingles.edu.co\/web\/wp-content\/uploads\/2024\/11\/I12-510x382.jpg\" class=\"attachment-et-pb-portfolio-module-image size-et-pb-portfolio-module-image\" alt=\"\" srcset=\"https:\/\/colegiopedagogicoingles.edu.co\/web\/wp-content\/uploads\/2024\/11\/I12-510x382.jpg 510w, https:\/\/colegiopedagogicoingles.edu.co\/web\/wp-content\/uploads\/2024\/11\/I12-480x640.jpg 480w\" sizes=\"(min-width: 0px) and (max-width: 480px) 480px, (min-width: 481px) 510px, 100vw\" \/><\/a>\n\t\t\t<\/dt><\/dl><dl class='gallery-item'>\n\t\t\t<dt class='gallery-icon landscape'>\n\t\t\t\t<a data-elementor-open-lightbox=\"yes\" data-elementor-lightbox-slideshow=\"09a242d\" data-elementor-lightbox-title=\"WhatsApp Image 2020-09-03 at 12.54.31 PM\" data-e-action-hash=\"#elementor-action%3Aaction%3Dlightbox%26settings%3DeyJpZCI6MjYyNiwidXJsIjoiaHR0cHM6XC9cL2NvbGVnaW9wZWRhZ29naWNvaW5nbGVzLmVkdS5jb1wvd2ViXC93cC1jb250ZW50XC91cGxvYWRzXC8yMDI0XC8xMVwvV2hhdHNBcHAtSW1hZ2UtMjAyMC0wOS0wMy1hdC0xMi41NC4zMS1QTS5qcGVnIiwic2xpZGVzaG93IjoiMDlhMjQyZCJ9\" href='https:\/\/colegiopedagogicoingles.edu.co\/web\/wp-content\/uploads\/2024\/11\/WhatsApp-Image-2020-09-03-at-12.54.31-PM.jpeg'><img loading=\"lazy\" decoding=\"async\" width=\"510\" height=\"382\" src=\"https:\/\/colegiopedagogicoingles.edu.co\/web\/wp-content\/uploads\/2024\/11\/WhatsApp-Image-2020-09-03-at-12.54.31-PM-510x382.jpeg\" class=\"attachment-et-pb-portfolio-module-image size-et-pb-portfolio-module-image\" alt=\"\" srcset=\"https:\/\/colegiopedagogicoingles.edu.co\/web\/wp-content\/uploads\/2024\/11\/WhatsApp-Image-2020-09-03-at-12.54.31-PM-510x382.jpeg 510w, https:\/\/colegiopedagogicoingles.edu.co\/web\/wp-content\/uploads\/2024\/11\/WhatsApp-Image-2020-09-03-at-12.54.31-PM-480x360.jpeg 480w\" sizes=\"(min-width: 0px) and (max-width: 480px) 480px, (min-width: 481px) 510px, 100vw\" \/><\/a>\n\t\t\t<\/dt><\/dl><dl class='gallery-item'>\n\t\t\t<dt class='gallery-icon landscape'>\n\t\t\t\t<a data-elementor-open-lightbox=\"yes\" data-elementor-lightbox-slideshow=\"09a242d\" data-elementor-lightbox-title=\"WhatsApp Image 2020-09-03 at 12.40.11 PM\" data-e-action-hash=\"#elementor-action%3Aaction%3Dlightbox%26settings%3DeyJpZCI6NTkyLCJ1cmwiOiJodHRwczpcL1wvY29sZWdpb3BlZGFnb2dpY29pbmdsZXMuZWR1LmNvXC93ZWJcL3dwLWNvbnRlbnRcL3VwbG9hZHNcLzIwMjBcLzEwXC9XaGF0c0FwcC1JbWFnZS0yMDIwLTA5LTAzLWF0LTEyLjQwLjExLVBNLmpwZWciLCJzbGlkZXNob3ciOiIwOWEyNDJkIn0%3D\" href='https:\/\/colegiopedagogicoingles.edu.co\/web\/wp-content\/uploads\/2020\/10\/WhatsApp-Image-2020-09-03-at-12.40.11-PM.jpeg'><img loading=\"lazy\" decoding=\"async\" width=\"510\" height=\"382\" src=\"https:\/\/colegiopedagogicoingles.edu.co\/web\/wp-content\/uploads\/2020\/10\/WhatsApp-Image-2020-09-03-at-12.40.11-PM-510x382.jpeg\" class=\"attachment-et-pb-portfolio-module-image size-et-pb-portfolio-module-image\" alt=\"\" srcset=\"https:\/\/colegiopedagogicoingles.edu.co\/web\/wp-content\/uploads\/2020\/10\/WhatsApp-Image-2020-09-03-at-12.40.11-PM-510x382.jpeg 510w, https:\/\/colegiopedagogicoingles.edu.co\/web\/wp-content\/uploads\/2020\/10\/WhatsApp-Image-2020-09-03-at-12.40.11-PM-480x269.jpeg 480w\" sizes=\"(min-width: 0px) and (max-width: 480px) 480px, (min-width: 481px) 510px, 100vw\" \/><\/a>\n\t\t\t<\/dt><\/dl><dl class='gallery-item'>\n\t\t\t<dt class='gallery-icon landscape'>\n\t\t\t\t<a data-elementor-open-lightbox=\"yes\" data-elementor-lightbox-slideshow=\"09a242d\" data-elementor-lightbox-title=\"WhatsApp Image 2020-09-03 at 12.49.32 PM\" data-e-action-hash=\"#elementor-action%3Aaction%3Dlightbox%26settings%3DeyJpZCI6NTk0LCJ1cmwiOiJodHRwczpcL1wvY29sZWdpb3BlZGFnb2dpY29pbmdsZXMuZWR1LmNvXC93ZWJcL3dwLWNvbnRlbnRcL3VwbG9hZHNcLzIwMjBcLzEwXC9XaGF0c0FwcC1JbWFnZS0yMDIwLTA5LTAzLWF0LTEyLjQ5LjMyLVBNLmpwZWciLCJzbGlkZXNob3ciOiIwOWEyNDJkIn0%3D\" href='https:\/\/colegiopedagogicoingles.edu.co\/web\/wp-content\/uploads\/2020\/10\/WhatsApp-Image-2020-09-03-at-12.49.32-PM.jpeg'><img loading=\"lazy\" decoding=\"async\" width=\"510\" height=\"382\" src=\"https:\/\/colegiopedagogicoingles.edu.co\/web\/wp-content\/uploads\/2020\/10\/WhatsApp-Image-2020-09-03-at-12.49.32-PM-510x382.jpeg\" class=\"attachment-et-pb-portfolio-module-image size-et-pb-portfolio-module-image\" alt=\"\" \/><\/a>\n\t\t\t<\/dt><\/dl><br style=\"clear: both\" \/><dl class='gallery-item'>\n\t\t\t<dt class='gallery-icon landscape'>\n\t\t\t\t<a data-elementor-open-lightbox=\"yes\" data-elementor-lightbox-slideshow=\"09a242d\" data-elementor-lightbox-title=\"WhatsApp Image 2020-09-03 at 1.15.32 PM (2)\" data-e-action-hash=\"#elementor-action%3Aaction%3Dlightbox%26settings%3DeyJpZCI6NTkwLCJ1cmwiOiJodHRwczpcL1wvY29sZWdpb3BlZGFnb2dpY29pbmdsZXMuZWR1LmNvXC93ZWJcL3dwLWNvbnRlbnRcL3VwbG9hZHNcLzIwMjBcLzEwXC9XaGF0c0FwcC1JbWFnZS0yMDIwLTA5LTAzLWF0LTEuMTUuMzItUE0tMi5qcGVnIiwic2xpZGVzaG93IjoiMDlhMjQyZCJ9\" href='https:\/\/colegiopedagogicoingles.edu.co\/web\/wp-content\/uploads\/2020\/10\/WhatsApp-Image-2020-09-03-at-1.15.32-PM-2.jpeg'><img loading=\"lazy\" decoding=\"async\" width=\"510\" height=\"382\" src=\"https:\/\/colegiopedagogicoingles.edu.co\/web\/wp-content\/uploads\/2020\/10\/WhatsApp-Image-2020-09-03-at-1.15.32-PM-2-510x382.jpeg\" class=\"attachment-et-pb-portfolio-module-image size-et-pb-portfolio-module-image\" alt=\"\" \/><\/a>\n\t\t\t<\/dt><\/dl><dl class='gallery-item'>\n\t\t\t<dt class='gallery-icon landscape'>\n\t\t\t\t<a data-elementor-open-lightbox=\"yes\" data-elementor-lightbox-slideshow=\"09a242d\" data-elementor-lightbox-title=\"WhatsApp Image 2020-09-03 at 1.00.59 PM\" data-e-action-hash=\"#elementor-action%3Aaction%3Dlightbox%26settings%3DeyJpZCI6NTg4LCJ1cmwiOiJodHRwczpcL1wvY29sZWdpb3BlZGFnb2dpY29pbmdsZXMuZWR1LmNvXC93ZWJcL3dwLWNvbnRlbnRcL3VwbG9hZHNcLzIwMjBcLzEwXC9XaGF0c0FwcC1JbWFnZS0yMDIwLTA5LTAzLWF0LTEuMDAuNTktUE0uanBlZyIsInNsaWRlc2hvdyI6IjA5YTI0MmQifQ%3D%3D\" href='https:\/\/colegiopedagogicoingles.edu.co\/web\/wp-content\/uploads\/2020\/10\/WhatsApp-Image-2020-09-03-at-1.00.59-PM.jpeg'><img loading=\"lazy\" decoding=\"async\" width=\"510\" height=\"382\" src=\"https:\/\/colegiopedagogicoingles.edu.co\/web\/wp-content\/uploads\/2020\/10\/WhatsApp-Image-2020-09-03-at-1.00.59-PM-510x382.jpeg\" class=\"attachment-et-pb-portfolio-module-image size-et-pb-portfolio-module-image\" alt=\"\" srcset=\"https:\/\/colegiopedagogicoingles.edu.co\/web\/wp-content\/uploads\/2020\/10\/WhatsApp-Image-2020-09-03-at-1.00.59-PM-510x382.jpeg 510w, https:\/\/colegiopedagogicoingles.edu.co\/web\/wp-content\/uploads\/2020\/10\/WhatsApp-Image-2020-09-03-at-1.00.59-PM-480x360.jpeg 480w\" sizes=\"(min-width: 0px) and (max-width: 480px) 480px, (min-width: 481px) 510px, 100vw\" \/><\/a>\n\t\t\t<\/dt><\/dl><dl class='gallery-item'>\n\t\t\t<dt class='gallery-icon landscape'>\n\t\t\t\t<a data-elementor-open-lightbox=\"yes\" data-elementor-lightbox-slideshow=\"09a242d\" data-elementor-lightbox-title=\"455062831_1014231680164052_6582945764790702013_n\" data-e-action-hash=\"#elementor-action%3Aaction%3Dlightbox%26settings%3DeyJpZCI6MjYwMiwidXJsIjoiaHR0cHM6XC9cL2NvbGVnaW9wZWRhZ29naWNvaW5nbGVzLmVkdS5jb1wvd2ViXC93cC1jb250ZW50XC91cGxvYWRzXC8yMDI0XC8xMVwvNDU1MDYyODMxXzEwMTQyMzE2ODAxNjQwNTJfNjU4Mjk0NTc2NDc5MDcwMjAxM19uLWUxNzMxMTU1ODM1NjQ0LmpwZyIsInNsaWRlc2hvdyI6IjA5YTI0MmQifQ%3D%3D\" href='https:\/\/colegiopedagogicoingles.edu.co\/web\/wp-content\/uploads\/2024\/11\/455062831_1014231680164052_6582945764790702013_n-e1731155835644.jpg'><img loading=\"lazy\" decoding=\"async\" width=\"510\" height=\"382\" src=\"https:\/\/colegiopedagogicoingles.edu.co\/web\/wp-content\/uploads\/2024\/11\/455062831_1014231680164052_6582945764790702013_n-e1731155835644-510x382.jpg\" class=\"attachment-et-pb-portfolio-module-image size-et-pb-portfolio-module-image\" alt=\"\" \/><\/a>\n\t\t\t<\/dt><\/dl><dl class='gallery-item'>\n\t\t\t<dt class='gallery-icon landscape'>\n\t\t\t\t<a data-elementor-open-lightbox=\"yes\" data-elementor-lightbox-slideshow=\"09a242d\" data-elementor-lightbox-title=\"WhatsApp Image 2020-09-03 at 12.41.12 PM\" data-e-action-hash=\"#elementor-action%3Aaction%3Dlightbox%26settings%3DeyJpZCI6NTkzLCJ1cmwiOiJodHRwczpcL1wvY29sZWdpb3BlZGFnb2dpY29pbmdsZXMuZWR1LmNvXC93ZWJcL3dwLWNvbnRlbnRcL3VwbG9hZHNcLzIwMjBcLzEwXC9XaGF0c0FwcC1JbWFnZS0yMDIwLTA5LTAzLWF0LTEyLjQxLjEyLVBNLmpwZWciLCJzbGlkZXNob3ciOiIwOWEyNDJkIn0%3D\" href='https:\/\/colegiopedagogicoingles.edu.co\/web\/wp-content\/uploads\/2020\/10\/WhatsApp-Image-2020-09-03-at-12.41.12-PM.jpeg'><img loading=\"lazy\" decoding=\"async\" width=\"333\" height=\"282\" src=\"https:\/\/colegiopedagogicoingles.edu.co\/web\/wp-content\/uploads\/2020\/10\/WhatsApp-Image-2020-09-03-at-12.41.12-PM.jpeg\" class=\"attachment-et-pb-portfolio-module-image size-et-pb-portfolio-module-image\" alt=\"\" srcset=\"https:\/\/colegiopedagogicoingles.edu.co\/web\/wp-content\/uploads\/2020\/10\/WhatsApp-Image-2020-09-03-at-12.41.12-PM.jpeg 333w, https:\/\/colegiopedagogicoingles.edu.co\/web\/wp-content\/uploads\/2020\/10\/WhatsApp-Image-2020-09-03-at-12.41.12-PM-300x254.jpeg 300w\" sizes=\"(max-width: 333px) 100vw, 333px\" \/><\/a>\n\t\t\t<\/dt><\/dl><br style=\"clear: both\" \/>\n\t\t<\/div>\n\t\t<\/div>\n\t\t\t\t\t\t<\/div>\n\t\t\t\t<\/div>\n\t\t\t\t\t<\/div>\n\t\t\t\t<\/div>\n\t\t<div class=\"elementor-element elementor-element-c0b0f1a e-flex e-con-boxed e-con e-parent\" data-id=\"c0b0f1a\" data-element_type=\"container\" data-e-type=\"container\">\n\t\t\t\t\t<div class=\"e-con-inner\">\n\t\t<div class=\"elementor-element elementor-element-745bf7d e-con-full e-flex e-con e-child\" data-id=\"745bf7d\" data-element_type=\"container\" data-e-type=\"container\">\n\t\t\t\t<div class=\"elementor-element elementor-element-a448525 elementor-widget elementor-widget-video\" data-id=\"a448525\" data-element_type=\"widget\" data-e-type=\"widget\" data-settings=\"{&quot;video_type&quot;:&quot;hosted&quot;,&quot;controls&quot;:&quot;yes&quot;}\" data-widget_type=\"video.default\">\n\t\t\t\t<div class=\"elementor-widget-container\">\n\t\t\t\t\t\t\t<div class=\"e-hosted-video elementor-wrapper elementor-open-inline\">\n\t\t\t\t\t<video class=\"elementor-video\" src=\"https:\/\/colegiopedagogicoingles.edu.co\/web\/wp-content\/uploads\/2020\/10\/Maria-Camila-Profesora.mp4\" controls=\"\" preload=\"metadata\" controlsList=\"nodownload\"><\/video>\n\t\t\t\t<\/div>\n\t\t\t\t\t\t<\/div>\n\t\t\t\t<\/div>\n\t\t\t\t<div class=\"elementor-element elementor-element-cfedf2e elementor-widget elementor-widget-heading\" data-id=\"cfedf2e\" data-element_type=\"widget\" data-e-type=\"widget\" data-widget_type=\"heading.default\">\n\t\t\t\t<div class=\"elementor-widget-container\">\n\t\t\t\t\t<h2 class=\"elementor-heading-title elementor-size-default\">Bienvenidos a nuestra espectacular secci\u00f3n Preescolar<\/h2>\t\t\t\t<\/div>\n\t\t\t\t<\/div>\n\t\t\t\t<div class=\"elementor-element elementor-element-ee3f870 elementor-widget elementor-widget-text-editor\" data-id=\"ee3f870\" data-element_type=\"widget\" data-e-type=\"widget\" data-widget_type=\"text-editor.default\">\n\t\t\t\t<div class=\"elementor-widget-container\">\n\t\t\t\t\t\t\t\t\t<p style=\"text-align: justify;\">En nuestra secci\u00f3n de preescolar, nos enfocamos en el arte, el juego, la literatura y la exploraci\u00f3n, con un d\u00eda especial dedicado a ser peque\u00f1os cient\u00edficos. Nuestro objetivo principal es apoyar el reconocimiento de emociones y sentimientos, creando v\u00ednculos afectivos entre ni\u00f1os, docentes y familias, trabajando en equipo por su desarrollo integral.<\/p>\t\t\t\t\t\t\t\t<\/div>\n\t\t\t\t<\/div>\n\t\t\t\t<\/div>\n\t\t\t\t\t<\/div>\n\t\t\t\t<\/div>\n\t\t<div class=\"elementor-element elementor-element-659bf25 e-flex e-con-boxed e-con e-parent\" data-id=\"659bf25\" data-element_type=\"container\" data-e-type=\"container\">\n\t\t\t\t\t<div class=\"e-con-inner\">\n\t\t<div class=\"elementor-element elementor-element-f73697b e-con-full e-flex e-con e-child\" data-id=\"f73697b\" data-element_type=\"container\" data-e-type=\"container\">\n\t\t\t\t<div class=\"elementor-element elementor-element-d5286bc elementor-widget elementor-widget-video\" data-id=\"d5286bc\" data-element_type=\"widget\" data-e-type=\"widget\" data-settings=\"{&quot;video_type&quot;:&quot;hosted&quot;,&quot;controls&quot;:&quot;yes&quot;}\" data-widget_type=\"video.default\">\n\t\t\t\t<div class=\"elementor-widget-container\">\n\t\t\t\t\t\t\t<div class=\"e-hosted-video elementor-wrapper elementor-open-inline\">\n\t\t\t\t\t<video class=\"elementor-video\" src=\"https:\/\/colegiopedagogicoingles.edu.co\/web\/wp-content\/uploads\/2020\/10\/Padre-Edwin-Fabian.mp4\" controls=\"\" preload=\"metadata\" controlsList=\"nodownload\"><\/video>\n\t\t\t\t<\/div>\n\t\t\t\t\t\t<\/div>\n\t\t\t\t<\/div>\n\t\t\t\t<div class=\"elementor-element elementor-element-c541b5c elementor-widget elementor-widget-text-editor\" data-id=\"c541b5c\" data-element_type=\"widget\" data-e-type=\"widget\" data-widget_type=\"text-editor.default\">\n\t\t\t\t<div class=\"elementor-widget-container\">\n\t\t\t\t\t\t\t\t\t<h3><strong>Formaci\u00f3n Integral Basada en Proyectos<\/strong><\/h3><p>Fomentamos un ambiente donde los ni\u00f1os pueden expresar libremente sus pensamientos y desarrollar su personalidad. Creemos que un proceso educativo exitoso se basa en el amor, por lo que trabajamos cada d\u00eda para formar personas cari\u00f1osas y respetuosas.<\/p><h3><strong>Dimensiones del Desarrollo Infantil<\/strong><\/h3><p>Nuestro enfoque abarca las siguientes \u00e1reas:<\/p><ul><li><strong>Cognitivo<\/strong>: Matem\u00e1ticas, ciencias naturales y sociales.<\/li><li><strong>Comunicativo<\/strong>: Espa\u00f1ol e ingl\u00e9s.<\/li><li><strong>Art\u00edstico<\/strong>: M\u00fasica, canto, teatro y danza.<\/li><li><strong>Corporal<\/strong>: Educaci\u00f3n f\u00edsica y nataci\u00f3n.<\/li><li><strong>Persona Social<\/strong>: Formaci\u00f3n en valores.<\/li><\/ul>\t\t\t\t\t\t\t\t<\/div>\n\t\t\t\t<\/div>\n\t\t\t\t<\/div>\n\t\t\t\t\t<\/div>\n\t\t\t\t<\/div>\n\t\t\t\t<\/div>\n\t\t","protected":false},"excerpt":{"rendered":"<p>Primera Infancia y Preescolar https:\/\/colegiopedagogicoingles.edu.co\/web\/wp-content\/uploads\/2020\/10\/Maria-Camila-Profesora.mp4 Bienvenidos a nuestra espectacular secci\u00f3n Preescolar En nuestra secci\u00f3n de preescolar, nos enfocamos en el arte, el juego, la literatura y la exploraci\u00f3n, con un d\u00eda especial dedicado a ser peque\u00f1os cient\u00edficos. Nuestro objetivo principal es apoyar el reconocimiento de emociones y sentimientos, creando v\u00ednculos afectivos entre ni\u00f1os, docentes y [&hellip;]<\/p>\n","protected":false},"author":1,"featured_media":0,"parent":0,"menu_order":0,"comment_status":"closed","ping_status":"closed","template":"elementor_header_footer","meta":{"_et_pb_use_builder":"","_et_pb_old_content":"","_et_gb_content_width":"","_uag_custom_page_level_css":"","_joinchat":[],"footnotes":""},"class_list":["post-1914","page","type-page","status-publish","hentry"],"uagb_featured_image_src":{"full":false,"thumbnail":false,"medium":false,"medium_large":false,"large":false,"1536x1536":false,"2048x2048":false,"et-pb-post-main-image":false,"et-pb-post-main-image-fullwidth":false,"et-pb-portfolio-image":false,"et-pb-portfolio-module-image":false,"et-pb-portfolio-image-single":false,"et-pb-gallery-module-image-portrait":false,"et-pb-post-main-image-fullwidth-large":false,"et-pb-image--responsive--desktop":false,"et-pb-image--responsive--tablet":false,"et-pb-image--responsive--phone":false},"uagb_author_info":{"display_name":"admin","author_link":"https:\/\/colegiopedagogicoingles.edu.co\/web\/author\/admin\/"},"uagb_comment_info":0,"uagb_excerpt":"Primera Infancia y Preescolar https:\/\/colegiopedagogicoingles.edu.co\/web\/wp-content\/uploads\/2020\/10\/Maria-Camila-Profesora.mp4 Bienvenidos a nuestra espectacular secci\u00f3n Preescolar En nuestra secci\u00f3n de preescolar, nos enfocamos en el arte, el juego, la literatura y la exploraci\u00f3n, con un d\u00eda especial dedicado a ser peque\u00f1os cient\u00edficos. Nuestro objetivo principal es apoyar el reconocimiento de emociones y sentimientos, creando v\u00ednculos afectivos entre ni\u00f1os, docentes y&hellip;","_links":{"self":[{"href":"https:\/\/colegiopedagogicoingles.edu.co\/web\/wp-json\/wp\/v2\/pages\/1914","targetHints":{"allow":["GET"]}}],"collection":[{"href":"https:\/\/colegiopedagogicoingles.edu.co\/web\/wp-json\/wp\/v2\/pages"}],"about":[{"href":"https:\/\/colegiopedagogicoingles.edu.co\/web\/wp-json\/wp\/v2\/types\/page"}],"author":[{"embeddable":true,"href":"https:\/\/colegiopedagogicoingles.edu.co\/web\/wp-json\/wp\/v2\/users\/1"}],"replies":[{"embeddable":true,"href":"https:\/\/colegiopedagogicoingles.edu.co\/web\/wp-json\/wp\/v2\/comments?post=1914"}],"version-history":[{"count":56,"href":"https:\/\/colegiopedagogicoingles.edu.co\/web\/wp-json\/wp\/v2\/pages\/1914\/revisions"}],"predecessor-version":[{"id":2922,"href":"https:\/\/colegiopedagogicoingles.edu.co\/web\/wp-json\/wp\/v2\/pages\/1914\/revisions\/2922"}],"wp:attachment":[{"href":"https:\/\/colegiopedagogicoingles.edu.co\/web\/wp-json\/wp\/v2\/media?parent=1914"}],"curies":[{"name":"wp","href":"https:\/\/api.w.org\/{rel}","templated":true}]}}