{"id":1310,"date":"2023-08-29T16:32:34","date_gmt":"2023-08-29T16:32:34","guid":{"rendered":"https:\/\/colegiopedagogicoingles.edu.co\/web\/?page_id=1310"},"modified":"2024-08-09T13:26:24","modified_gmt":"2024-08-09T18:26:24","slug":"contactanos","status":"publish","type":"page","link":"https:\/\/colegiopedagogicoingles.edu.co\/web\/contactanos\/","title":{"rendered":"CONT\u00c1CTANOS"},"content":{"rendered":"<p>[et_pb_section fb_built=\u00bb1&#8243; _builder_version=\u00bb4.5.3&#8243; _module_preset=\u00bbdefault\u00bb background_image=\u00bbhttps:\/\/colegiopedagogicoingles.edu.co\/web\/wp-content\/uploads\/2023\/08\/IMG_20230729_161116-scaled.jpg\u00bb][et_pb_row column_structure=\u00bb1_2,1_2&#8243; _builder_version=\u00bb4.5.3&#8243; _module_preset=\u00bbdefault\u00bb][et_pb_column type=\u00bb1_2&#8243; _builder_version=\u00bb4.5.3&#8243; _module_preset=\u00bbdefault\u00bb background_color=\u00bbrgba(0,0,0,0)\u00bb][et_pb_accordion _builder_version=\u00bb4.5.3&#8243; _module_preset=\u00bbdefault\u00bb background_color=\u00bb#ffffff\u00bb min_height=\u00bb186.4px\u00bb][et_pb_accordion_item title=\u00bbCONT\u00c1CTANOS\u00bb open=\u00bbon\u00bb _builder_version=\u00bb4.5.3&#8243; _module_preset=\u00bbdefault\u00bb body_font=\u00bbPoppins||||||||\u00bb body_text_color=\u00bb#ffffff\u00bb background_color=\u00bb#7cda24&#8243; background_enable_color=\u00bbon\u00bb toggle_text_color=\u00bb#ffffff\u00bb toggle_level=\u00bbh5&#8243; toggle_font=\u00bbPoppins||||||||\u00bb toggle_text_align=\u00bbcenter\u00bb toggle_font_size=\u00bb25px\u00bb toggle_letter_spacing=\u00bb0px\u00bb toggle_line_height=\u00bb1em\u00bb]<\/p>\n<p><span style=\"color: #ffffff;\">\u00bfRequieres mayor informaci\u00f3n?<\/span><\/p>\n<ul>\n<li><span style=\"color: #ffffff;\">Vis\u00edtanos en Calle 7 # 3 -98, Madrid Cundinamarca<\/span><\/li>\n<li><span style=\"color: #ffffff;\">Escr\u00edbenos al correo <span style=\"color: #000000;\"><a href=\"mailto:colpein@colegiopedagogicoingles.edu.co\" style=\"color: #000000;\">colpein@colegiopedagogicoingles.edu.co<\/a><\/span><\/span><\/li>\n<li><span style=\"color: #ffffff;\">Contacta al colegio por medio de WhatsApp haciendo click abajo<\/span><\/li>\n<\/ul>\n<p>[\/et_pb_accordion_item][\/et_pb_accordion][et_pb_button button_url=\u00bbhttps:\/\/api.whatsapp.com\/send?phone=573213045295&#8243; url_new_window=\u00bbon\u00bb button_text=\u00bbWhatsapp\u00bb button_alignment=\u00bbcenter\u00bb _builder_version=\u00bb4.5.2&#8243; custom_button=\u00bbon\u00bb button_text_size=\u00bb16px\u00bb button_text_color=\u00bb#ffffff\u00bb button_bg_color=\u00bb#25D366&#8243; button_border_width=\u00bb7px\u00bb button_border_color=\u00bb#ffffff\u00bb button_border_radius=\u00bb100px\u00bb button_letter_spacing=\u00bb1px\u00bb button_font=\u00bb|700||on|||||\u00bb button_icon=\u00bb%%104%%\u00bb button_icon_color=\u00bb#ffffff\u00bb button_on_hover=\u00bboff\u00bb custom_padding=\u00bb14px|34px|14px|34px|true|true\u00bb box_shadow_style=\u00bbpreset1&#8243; box_shadow_vertical=\u00bb10px\u00bb box_shadow_blur=\u00bb30px\u00bb box_shadow_color=\u00bbrgba(60,190,190,0.24)\u00bb button_letter_spacing_hover=\u00bb1px\u00bb locked=\u00bboff\u00bb button_text_size__hover_enabled=\u00bboff\u00bb button_one_text_size__hover_enabled=\u00bboff\u00bb button_two_text_size__hover_enabled=\u00bboff\u00bb button_text_color__hover_enabled=\u00bboff\u00bb button_one_text_color__hover_enabled=\u00bboff\u00bb button_two_text_color__hover_enabled=\u00bboff\u00bb button_border_width__hover_enabled=\u00bboff\u00bb button_one_border_width__hover_enabled=\u00bboff\u00bb button_two_border_width__hover_enabled=\u00bboff\u00bb button_border_color__hover_enabled=\u00bboff\u00bb button_one_border_color__hover_enabled=\u00bboff\u00bb button_two_border_color__hover_enabled=\u00bboff\u00bb button_border_radius__hover_enabled=\u00bboff\u00bb button_one_border_radius__hover_enabled=\u00bboff\u00bb button_two_border_radius__hover_enabled=\u00bboff\u00bb button_letter_spacing__hover_enabled=\u00bbon\u00bb button_letter_spacing__hover=\u00bb1px\u00bb button_one_letter_spacing__hover_enabled=\u00bboff\u00bb button_two_letter_spacing__hover_enabled=\u00bboff\u00bb button_bg_color__hover_enabled=\u00bboff\u00bb button_one_bg_color__hover_enabled=\u00bboff\u00bb button_two_bg_color__hover_enabled=\u00bboff\u00bb][\/et_pb_button][\/et_pb_column][et_pb_column type=\u00bb1_2&#8243; _builder_version=\u00bb4.5.3&#8243; _module_preset=\u00bbdefault\u00bb background_color=\u00bbrgba(0,0,0,0)\u00bb][et_pb_accordion _builder_version=\u00bb4.5.3&#8243; _module_preset=\u00bbdefault\u00bb hover_enabled=\u00bb0&#8243;][et_pb_accordion_item title=\u00bbTRABAJA CON NOSOTROS\u00bb open=\u00bbon\u00bb open_toggle_text_color=\u00bb#ffffff\u00bb _builder_version=\u00bb4.5.3&#8243; _module_preset=\u00bbdefault\u00bb body_font=\u00bbPoppins||||||||\u00bb body_text_color=\u00bb#ffffff\u00bb background_color=\u00bb#0c71c3&#8243; background_enable_color=\u00bbon\u00bb hover_enabled=\u00bb0&#8243; toggle_font=\u00bbPoppins||||||||\u00bb toggle_text_align=\u00bbcenter\u00bb toggle_font_size=\u00bb24px\u00bb toggle_letter_spacing=\u00bb0px\u00bb]<\/p>\n<p>Env\u00edanos tu CV y pronto nos contactaremos contigo.<\/p>\n<ul>\n<li>Env\u00eda un correo a <a href=\"mailto:colpein@colegiopedagogicoingles.edu.co\"><span style=\"color: #000000;\">colpein@colegiopedagogicoingles.edu.co<\/span><\/a><\/li>\n<li>En el asunto, incluye tu nombre completo y la(s) asignatura(s) de inter\u00e9s.<\/li>\n<li>En el cuerpo del correo, adjunta tu CV con informaci\u00f3n de contacto actualizada.<\/li>\n<\/ul>\n<p>[\/et_pb_accordion_item][\/et_pb_accordion][\/et_pb_column][\/et_pb_row][\/et_pb_section]<\/p>\n","protected":false},"excerpt":{"rendered":"<p>[et_pb_section fb_built=\u00bb1&#8243; _builder_version=\u00bb4.5.3&#8243; _module_preset=\u00bbdefault\u00bb background_image=\u00bbhttps:\/\/colegiopedagogicoingles.edu.co\/web\/wp-content\/uploads\/2023\/08\/IMG_20230729_161116-scaled.jpg\u00bb][et_pb_row column_structure=\u00bb1_2,1_2&#8243; _builder_version=\u00bb4.5.3&#8243; _module_preset=\u00bbdefault\u00bb][et_pb_column type=\u00bb1_2&#8243; _builder_version=\u00bb4.5.3&#8243; _module_preset=\u00bbdefault\u00bb background_color=\u00bbrgba(0,0,0,0)\u00bb][et_pb_accordion _builder_version=\u00bb4.5.3&#8243; _module_preset=\u00bbdefault\u00bb background_color=\u00bb#ffffff\u00bb min_height=\u00bb186.4px\u00bb][et_pb_accordion_item title=\u00bbCONT\u00c1CTANOS\u00bb open=\u00bbon\u00bb _builder_version=\u00bb4.5.3&#8243; _module_preset=\u00bbdefault\u00bb body_font=\u00bbPoppins||||||||\u00bb body_text_color=\u00bb#ffffff\u00bb background_color=\u00bb#7cda24&#8243; background_enable_color=\u00bbon\u00bb toggle_text_color=\u00bb#ffffff\u00bb toggle_level=\u00bbh5&#8243; toggle_font=\u00bbPoppins||||||||\u00bb toggle_text_align=\u00bbcenter\u00bb toggle_font_size=\u00bb25px\u00bb toggle_letter_spacing=\u00bb0px\u00bb toggle_line_height=\u00bb1em\u00bb] \u00bfRequieres mayor informaci\u00f3n? Vis\u00edtanos en Calle 7 # 3 -98, Madrid Cundinamarca Escr\u00edbenos al correo colpein@colegiopedagogicoingles.edu.co Contacta al colegio por medio de WhatsApp haciendo [&hellip;]<\/p>\n","protected":false},"author":1,"featured_media":0,"parent":0,"menu_order":0,"comment_status":"closed","ping_status":"closed","template":"","meta":{"_et_pb_use_builder":"on","_et_pb_old_content":"<!-- wp:group {\"align\":\"wide\",\"layout\":{\"type\":\"constrained\"}} -->\n<div class=\"wp-block-group alignwide\"><!-- wp:columns {\"align\":\"wide\",\"style\":{\"spacing\":{\"margin\":{\"bottom\":\"0\"}}}} -->\n<div class=\"wp-block-columns alignwide\" style=\"margin-bottom:0\"><!-- wp:column {\"width\":\"px\",\"style\":{\"color\":{\"text\":\"#000000\",\"background\":\"#1dcc8c\"},\"elements\":{\"link\":{\"color\":{\"text\":\"#000000\"}}},\"spacing\":{\"padding\":{\"top\":\"2em\",\"right\":\"2em\",\"bottom\":\"2em\",\"left\":\"2em\"}}}} -->\n<div class=\"wp-block-column has-text-color has-background has-link-color\" style=\"color:#000000;background-color:#1dcc8c;padding-top:2em;padding-right:2em;padding-bottom:2em;padding-left:2em\"><!-- wp:heading {\"style\":{\"typography\":{\"fontSize\":\"30px\"}}} -->\n<h2 class=\"wp-block-heading\" id=\"single\" style=\"font-size:30px\">Cont\u00e1ctanos<\/h2>\n<!-- \/wp:heading -->\n\n<!-- wp:paragraph {\"style\":{\"typography\":{\"lineHeight\":\"1.5\"}},\"fontSize\":\"normal\"} -->\n<p class=\"has-normal-font-size\" style=\"line-height:1.5\"><strong>\u00bfRequieres mayor informaci\u00f3n?<\/strong> <\/p>\n<!-- \/wp:paragraph -->\n\n<!-- wp:separator {\"opacity\":\"css\",\"style\":{\"color\":{\"background\":\"#000000\"}},\"className\":\"is-style-wide\"} -->\n<hr class=\"wp-block-separator has-text-color has-css-opacity has-background is-style-wide\" style=\"background-color:#000000;color:#000000\"\/>\n<!-- \/wp:separator -->\n\n<!-- wp:list {\"fontSize\":\"normal\"} -->\n<ul class=\"has-normal-font-size\"><!-- wp:list-item -->\n<li>Vis\u00edtanos en Calle 7 # 3-98, Madrid, Cundinamarca<\/li>\n<!-- \/wp:list-item -->\n\n<!-- wp:list-item -->\n<li>Escribenos al correo colpein@colegiopedagogicoingles.edu.co<\/li>\n<!-- \/wp:list-item -->\n\n<!-- wp:list-item -->\n<li>Escribenos al WhatsApp dando click abajo<\/li>\n<!-- \/wp:list-item --><\/ul>\n<!-- \/wp:list -->\n\n<!-- wp:buttons {\"align\":\"full\",\"layout\":{\"type\":\"flex\",\"justifyContent\":\"center\",\"orientation\":\"horizontal\"}} -->\n<div class=\"wp-block-buttons alignfull\"><!-- wp:button {\"textColor\":\"white\",\"width\":100,\"style\":{\"color\":{\"background\":\"#000000\"},\"border\":{\"radius\":0}},\"className\":\"is-style-fill\"} -->\n<div class=\"wp-block-button has-custom-width wp-block-button__width-100 is-style-fill\"><a class=\"wp-block-button__link has-white-color has-text-color has-background no-border-radius wp-element-button\" style=\"background-color:#000000\">Ir a WhatsApp<\/a><\/div>\n<!-- \/wp:button --><\/div>\n<!-- \/wp:buttons --><\/div>\n<!-- \/wp:column -->\n\n<!-- wp:column {\"style\":{\"color\":{\"text\":\"#000000\"},\"elements\":{\"link\":{\"color\":{\"text\":\"#000000\"}}},\"spacing\":{\"padding\":{\"top\":\"2em\",\"right\":\"2em\",\"bottom\":\"2em\",\"left\":\"2em\"}}},\"backgroundColor\":\"white\"} -->\n<div class=\"wp-block-column has-white-background-color has-text-color has-background has-link-color\" style=\"color:#000000;padding-top:2em;padding-right:2em;padding-bottom:2em;padding-left:2em\"><!-- wp:heading {\"style\":{\"typography\":{\"fontSize\":\"30px\"}}} -->\n<h2 class=\"wp-block-heading\" id=\"family\" style=\"font-size:30px\">Trabaja con nosotros<\/h2>\n<!-- \/wp:heading -->\n\n<!-- wp:paragraph {\"style\":{\"typography\":{\"lineHeight\":\"1.5\"}},\"fontSize\":\"normal\"} -->\n<p class=\"has-normal-font-size\" style=\"line-height:1.5\"><strong>Brinda Conocimiento a todos nuestros estudiantes, env\u00edanos tu CV y estaremos en contacto contigo.<\/strong><\/p>\n<!-- \/wp:paragraph -->\n\n<!-- wp:separator {\"opacity\":\"css\",\"className\":\"is-style-wide\"} -->\n<hr class=\"wp-block-separator has-css-opacity is-style-wide\"\/>\n<!-- \/wp:separator -->\n\n<!-- wp:list {\"fontSize\":\"normal\"} -->\n<ul class=\"has-normal-font-size\"><!-- wp:list-item -->\n<li>Env\u00eda un correo a colpein@colegiopedagogicoingles.edu.co<\/li>\n<!-- \/wp:list-item -->\n\n<!-- wp:list-item -->\n<li>En el asunto por favor especificar nombre y asignatura de inter\u00e9s<\/li>\n<!-- \/wp:list-item -->\n\n<!-- wp:list-item -->\n<li>En el cuerpo del correo adjuntar tu CV con informaci\u00f3n de contacto actualizada<\/li>\n<!-- \/wp:list-item --><\/ul>\n<!-- \/wp:list --><\/div>\n<!-- \/wp:column --><\/div>\n<!-- \/wp:columns --><\/div>\n<!-- \/wp:group -->","_et_gb_content_width":"","_uag_custom_page_level_css":"","_joinchat":[],"footnotes":""},"class_list":["post-1310","page","type-page","status-publish","hentry"],"uagb_featured_image_src":{"full":false,"thumbnail":false,"medium":false,"medium_large":false,"large":false,"1536x1536":false,"2048x2048":false,"et-pb-post-main-image":false,"et-pb-post-main-image-fullwidth":false,"et-pb-portfolio-image":false,"et-pb-portfolio-module-image":false,"et-pb-portfolio-image-single":false,"et-pb-gallery-module-image-portrait":false,"et-pb-post-main-image-fullwidth-large":false,"et-pb-image--responsive--desktop":false,"et-pb-image--responsive--tablet":false,"et-pb-image--responsive--phone":false},"uagb_author_info":{"display_name":"admin","author_link":"https:\/\/colegiopedagogicoingles.edu.co\/web\/author\/admin\/"},"uagb_comment_info":0,"uagb_excerpt":"[et_pb_section fb_built=\u00bb1&#8243; _builder_version=\u00bb4.5.3&#8243; _module_preset=\u00bbdefault\u00bb background_image=\u00bbhttps:\/\/colegiopedagogicoingles.edu.co\/web\/wp-content\/uploads\/2023\/08\/IMG_20230729_161116-scaled.jpg\u00bb][et_pb_row column_structure=\u00bb1_2,1_2&#8243; _builder_version=\u00bb4.5.3&#8243; _module_preset=\u00bbdefault\u00bb][et_pb_column type=\u00bb1_2&#8243; _builder_version=\u00bb4.5.3&#8243; _module_preset=\u00bbdefault\u00bb background_color=\u00bbrgba(0,0,0,0)\u00bb][et_pb_accordion _builder_version=\u00bb4.5.3&#8243; _module_preset=\u00bbdefault\u00bb background_color=\u00bb#ffffff\u00bb min_height=\u00bb186.4px\u00bb][et_pb_accordion_item title=\u00bbCONT\u00c1CTANOS\u00bb open=\u00bbon\u00bb _builder_version=\u00bb4.5.3&#8243; _module_preset=\u00bbdefault\u00bb body_font=\u00bbPoppins||||||||\u00bb body_text_color=\u00bb#ffffff\u00bb background_color=\u00bb#7cda24&#8243; background_enable_color=\u00bbon\u00bb toggle_text_color=\u00bb#ffffff\u00bb toggle_level=\u00bbh5&#8243; toggle_font=\u00bbPoppins||||||||\u00bb toggle_text_align=\u00bbcenter\u00bb toggle_font_size=\u00bb25px\u00bb toggle_letter_spacing=\u00bb0px\u00bb toggle_line_height=\u00bb1em\u00bb] \u00bfRequieres mayor informaci\u00f3n? Vis\u00edtanos en Calle 7 # 3 -98, Madrid Cundinamarca Escr\u00edbenos al correo colpein@colegiopedagogicoingles.edu.co Contacta al colegio por medio de WhatsApp haciendo&hellip;","_links":{"self":[{"href":"https:\/\/colegiopedagogicoingles.edu.co\/web\/wp-json\/wp\/v2\/pages\/1310","targetHints":{"allow":["GET"]}}],"collection":[{"href":"https:\/\/colegiopedagogicoingles.edu.co\/web\/wp-json\/wp\/v2\/pages"}],"about":[{"href":"https:\/\/colegiopedagogicoingles.edu.co\/web\/wp-json\/wp\/v2\/types\/page"}],"author":[{"embeddable":true,"href":"https:\/\/colegiopedagogicoingles.edu.co\/web\/wp-json\/wp\/v2\/users\/1"}],"replies":[{"embeddable":true,"href":"https:\/\/colegiopedagogicoingles.edu.co\/web\/wp-json\/wp\/v2\/comments?post=1310"}],"version-history":[{"count":10,"href":"https:\/\/colegiopedagogicoingles.edu.co\/web\/wp-json\/wp\/v2\/pages\/1310\/revisions"}],"predecessor-version":[{"id":1776,"href":"https:\/\/colegiopedagogicoingles.edu.co\/web\/wp-json\/wp\/v2\/pages\/1310\/revisions\/1776"}],"wp:attachment":[{"href":"https:\/\/colegiopedagogicoingles.edu.co\/web\/wp-json\/wp\/v2\/media?parent=1310"}],"curies":[{"name":"wp","href":"https:\/\/api.w.org\/{rel}","templated":true}]}}